{"id":8693,"date":"2025-11-04T06:02:53","date_gmt":"2025-11-04T06:02:53","guid":{"rendered":"https:\/\/suprastimada.lt\/?post_type=product&#038;p=8693"},"modified":"2025-11-05T06:21:04","modified_gmt":"2025-11-05T06:21:04","slug":"express-mokymai-pradedantiesiems-stilistams-stiliaus-kurimas-sau-kitiems-ir-objektyvui-vilnius","status":"publish","type":"product","link":"https:\/\/suprastimada.lt\/en\/product\/express-mokymai-pradedantiesiems-stilistams-stiliaus-kurimas-sau-kitiems-ir-objektyvui-vilnius\/","title":{"rendered":"EXPRESS MOKYMAI PRADEDANTIESIEMS STILISTAMS: STILIAUS K\u016aRIMAS SAU, KITIEMS IR OBJEKTYVUI | VILNIUS"},"content":{"rendered":"<p><b>MIGL\u0116 KAZ\u0116NAIT\u0116\u00a0<\/b><\/p>\n<p><span style=\"font-weight: 400;\">Viena pagrindini\u0173 edukacinio mokym\u0173 kurso \u201eS\u0105moningas \u012fvaizd\u017eio k\u016brimas: Stiliaus k\u016brimas sau, kitiems ir objektyvui\u201d lektori\u0173 \u2013 Migl\u0117 Kaz\u0117nait\u0117, kuri yra mados ir televizijos stilist\u0117, kostium\u0173 dailinink\u0117, KSU universiteto Mados antropologijos d\u0117stytoja. Praeityje leidini\u0173 \u201ePanel\u0117\u201c , \u201eCosmopolitan\u201c, \u201eL\u2018officiel\u201c mados redaktor\u0117.<\/span><\/p>\n<p><span style=\"font-weight: 400;\">Su mados antropologe galima \u012f visas gyvenimo sritis pa\u017evelgti per mados prizm\u0119. Lektor\u0117, kuriai mados tema n\u0117ra rib\u0173, mokymuose pasidalins \u017einiomis i\u0161 antropologijos perspektyvos, taip pat vertingomis savo asmenin\u0117mis \u012f\u017evalgomis ir taikomais terminais.\u00a0<\/span><\/p>\n<p><img decoding=\"async\" class=\"lazyload alignnone wp-image-6304\" src=\"https:\/\/suprastimada.lt\/wp-content\/uploads\/2023\/10\/studio_MM2-3-scaled-e1707831299205.jpg\" data-orig-src=\"https:\/\/suprastimada.lt\/wp-content\/uploads\/2023\/10\/studio_MM2-3-scaled-e1707831299205.jpg\" alt=\"\" width=\"510\" height=\"591\" srcset=\"data:image\/svg+xml,%3Csvg%20xmlns%3D%27http%3A%2F%2Fwww.w3.org%2F2000%2Fsvg%27%20width%3D%27510%27%20height%3D%27591%27%20viewBox%3D%270%200%20510%20591%27%3E%3Crect%20width%3D%27510%27%20height%3D%27591%27%20fill-opacity%3D%220%22%2F%3E%3C%2Fsvg%3E\" data-srcset=\"https:\/\/suprastimada.lt\/wp-content\/uploads\/2023\/10\/studio_MM2-3-scaled-e1707831299205-200x232.jpg 200w, https:\/\/suprastimada.lt\/wp-content\/uploads\/2023\/10\/studio_MM2-3-scaled-e1707831299205-400x464.jpg 400w, https:\/\/suprastimada.lt\/wp-content\/uploads\/2023\/10\/studio_MM2-3-scaled-e1707831299205-431x500.jpg 431w, https:\/\/suprastimada.lt\/wp-content\/uploads\/2023\/10\/studio_MM2-3-scaled-e1707831299205-500x579.jpg 500w, https:\/\/suprastimada.lt\/wp-content\/uploads\/2023\/10\/studio_MM2-3-scaled-e1707831299205-600x695.jpg 600w, https:\/\/suprastimada.lt\/wp-content\/uploads\/2023\/10\/studio_MM2-3-scaled-e1707831299205-700x811.jpg 700w, https:\/\/suprastimada.lt\/wp-content\/uploads\/2023\/10\/studio_MM2-3-scaled-e1707831299205-768x890.jpg 768w, https:\/\/suprastimada.lt\/wp-content\/uploads\/2023\/10\/studio_MM2-3-scaled-e1707831299205-800x927.jpg 800w, https:\/\/suprastimada.lt\/wp-content\/uploads\/2023\/10\/studio_MM2-3-scaled-e1707831299205-884x1024.jpg 884w, https:\/\/suprastimada.lt\/wp-content\/uploads\/2023\/10\/studio_MM2-3-scaled-e1707831299205-1200x1391.jpg 1200w, https:\/\/suprastimada.lt\/wp-content\/uploads\/2023\/10\/studio_MM2-3-scaled-e1707831299205-1325x1536.jpg 1325w, https:\/\/suprastimada.lt\/wp-content\/uploads\/2023\/10\/studio_MM2-3-scaled-e1707831299205.jpg 1693w\" data-sizes=\"auto\" data-orig-sizes=\"(max-width: 510px) 100vw, 510px\" \/><\/p>\n<p><b>VAIDAS JOKUBAUSKAS<\/b><\/p>\n<p>&nbsp;<\/p>\n<p class=\"gmail-p1\">Vaidas Jokubauskas \u2013 mados fotografas, menininkas ir vitrin\u0173 vizualistas, kuriantis tylos ir \u0161viesos kalba. Jo darbai alsuoja minimalizmu, tvarka ir \u0161velnia melancholija, kurioje emocija tampa svarbesn\u0117 u\u017e form\u0105, o grynumas \u2013 u\u017e perteklin\u0119 detal\u0119.<\/p>\n<p class=\"gmail-p1\">Fotografija jam \u2013 tai meditacija, kelion\u0117 \u012f vidin\u012f pasaul\u012f, ta\u010diau kartu ir bendras k\u016brybinis dialogas su kitais. Perfekcionizmas \u2013 jo \u012frankis, o ne riba.<\/p>\n<p class=\"gmail-p1\">Vaido k\u016bryboje n\u0117ra u\u017edar\u0173 dur\u0173 \u2013 jis leid\u017eiasi \u012f eksperimentus su objektais, kontekstais ir erdve, vis i\u0161 naujo atrasdamas gro\u017eio tyl\u0105.<\/p>\n<p><b>\u00a0<\/b><\/p>\n<div class=\"group\/conversation-turn relative flex w-full min-w-0 flex-col agent-turn\">\n<div class=\"flex-col gap-1 md:gap-3\">\n<div class=\"flex max-w-full flex-col flex-grow\">\n<div class=\"min-h-8 text-message flex w-full flex-col items-end gap-2 whitespace-normal break-words [.text-message+&amp;]:mt-5\" dir=\"auto\" data-message-author-role=\"assistant\" data-message-id=\"be44c143-f332-4b72-be5d-22701acad411\" data-message-model-slug=\"gpt-4o\">\n<div class=\"flex w-full flex-col gap-1 empty:hidden first:pt-[3px]\">\n<div class=\"markdown prose w-full break-words dark:prose-invert light\">\n<p><img decoding=\"async\" class=\"lazyload alignnone wp-image-8694\" src=\"https:\/\/suprastimada.lt\/wp-content\/uploads\/2025\/11\/567044162_18330160597226822_2320247203332881669_n.jpg\" data-orig-src=\"https:\/\/suprastimada.lt\/wp-content\/uploads\/2025\/11\/567044162_18330160597226822_2320247203332881669_n.jpg\" alt=\"\" width=\"507\" height=\"632\" srcset=\"data:image\/svg+xml,%3Csvg%20xmlns%3D%27http%3A%2F%2Fwww.w3.org%2F2000%2Fsvg%27%20width%3D%27507%27%20height%3D%27632%27%20viewBox%3D%270%200%20507%20632%27%3E%3Crect%20width%3D%27507%27%20height%3D%27632%27%20fill-opacity%3D%220%22%2F%3E%3C%2Fsvg%3E\" data-srcset=\"https:\/\/suprastimada.lt\/wp-content\/uploads\/2025\/11\/567044162_18330160597226822_2320247203332881669_n-200x249.jpg 200w, https:\/\/suprastimada.lt\/wp-content\/uploads\/2025\/11\/567044162_18330160597226822_2320247203332881669_n-400x499.jpg 400w, https:\/\/suprastimada.lt\/wp-content\/uploads\/2025\/11\/567044162_18330160597226822_2320247203332881669_n-401x500.jpg 401w, https:\/\/suprastimada.lt\/wp-content\/uploads\/2025\/11\/567044162_18330160597226822_2320247203332881669_n-500x623.jpg 500w, https:\/\/suprastimada.lt\/wp-content\/uploads\/2025\/11\/567044162_18330160597226822_2320247203332881669_n-600x748.jpg 600w, https:\/\/suprastimada.lt\/wp-content\/uploads\/2025\/11\/567044162_18330160597226822_2320247203332881669_n-700x873.jpg 700w, https:\/\/suprastimada.lt\/wp-content\/uploads\/2025\/11\/567044162_18330160597226822_2320247203332881669_n-768x957.jpg 768w, https:\/\/suprastimada.lt\/wp-content\/uploads\/2025\/11\/567044162_18330160597226822_2320247203332881669_n-800x997.jpg 800w, https:\/\/suprastimada.lt\/wp-content\/uploads\/2025\/11\/567044162_18330160597226822_2320247203332881669_n-821x1024.jpg 821w, https:\/\/suprastimada.lt\/wp-content\/uploads\/2025\/11\/567044162_18330160597226822_2320247203332881669_n-1200x1496.jpg 1200w, https:\/\/suprastimada.lt\/wp-content\/uploads\/2025\/11\/567044162_18330160597226822_2320247203332881669_n-1232x1536.jpg 1232w, https:\/\/suprastimada.lt\/wp-content\/uploads\/2025\/11\/567044162_18330160597226822_2320247203332881669_n.jpg 1440w\" data-sizes=\"auto\" data-orig-sizes=\"(max-width: 507px) 100vw, 507px\" \/><\/p>\n<p>&nbsp;<\/p>\n<\/div>\n<\/div>\n<\/div>\n<\/div>\n<\/div>\n<\/div>\n","protected":false},"excerpt":{"rendered":"<p>\u201eS\u0105moningas \u012fvaizd\u017eio konstravimas: stiliaus k\u016brimas sau, kitiems ir objektyvui\u201c ir skirtas b\u016btent tiems pradedantiems stilistams ir dar tik besidomintiems \u0161iuo darbu. Visiems tiems, kurie nori kurti asmenin\u012f stili\u0173 tiek sau, tiek kitiems, taip pat dirbti su komerciniais u\u017esakymais, bet ko besiimt\u0173 \u2013 daryt\u0173 tai profesionaliai, i\u0161 esm\u0117s, su teoriniu pagrindu ir su praktiniu pasiruo\u0161imu.<\/p>\n","protected":false},"featured_media":8703,"template":"","meta":[],"product_cat":[210,211],"product_tag":[229],"class_list":{"0":"post-8693","1":"product","2":"type-product","3":"status-publish","4":"has-post-thumbnail","6":"product_cat-all","7":"product_cat-live","8":"product_tag-2025-en","10":"first","11":"instock","12":"shipping-taxable","13":"purchasable","14":"product-type-simple"},"acf":[],"_links":{"self":[{"href":"https:\/\/suprastimada.lt\/en\/wp-json\/wp\/v2\/product\/8693"}],"collection":[{"href":"https:\/\/suprastimada.lt\/en\/wp-json\/wp\/v2\/product"}],"about":[{"href":"https:\/\/suprastimada.lt\/en\/wp-json\/wp\/v2\/types\/product"}],"wp:featuredmedia":[{"embeddable":true,"href":"https:\/\/suprastimada.lt\/en\/wp-json\/wp\/v2\/media\/8703"}],"wp:attachment":[{"href":"https:\/\/suprastimada.lt\/en\/wp-json\/wp\/v2\/media?parent=8693"}],"wp:term":[{"taxonomy":"product_cat","embeddable":true,"href":"https:\/\/suprastimada.lt\/en\/wp-json\/wp\/v2\/product_cat?post=8693"},{"taxonomy":"product_tag","embeddable":true,"href":"https:\/\/suprastimada.lt\/en\/wp-json\/wp\/v2\/product_tag?post=8693"}],"curies":[{"name":"wp","href":"https:\/\/api.w.org\/{rel}","templated":true}]}}