{"id":8556,"date":"2025-09-19T05:48:16","date_gmt":"2025-09-19T05:48:16","guid":{"rendered":"https:\/\/suprastimada.lt\/?post_type=product&#038;p=8556"},"modified":"2025-09-19T06:27:52","modified_gmt":"2025-09-19T06:27:52","slug":"meno-kuriniu-isigijimo-procesas-kaip-pasirinkti-kurinius-turint-konkretu-biudzeta-kopija-kopija-3","status":"publish","type":"product","link":"https:\/\/suprastimada.lt\/en\/product\/meno-kuriniu-isigijimo-procesas-kaip-pasirinkti-kurinius-turint-konkretu-biudzeta-kopija-kopija-3\/","title":{"rendered":"MENO K\u016aRINI\u0172 \u012eSIGIJIMO PROCESAS: KAIP PASIRINKTI K\u016aRINIUS, TURINT KONKRET\u0172 BIUD\u017dET\u0104 (Kopija) (Kopija)"},"content":{"rendered":"<p><span style=\"font-weight: 400;\">Ornela Rama\u0161auskait\u0117 investavimo \u012f men\u0105 konsultant\u0117s karjer\u0105 prad\u0117jo 2008 m. meno k\u016brini\u0173 aukcion\u0173 namuose. Ornela yra prisid\u0117jusi prie eil\u0117s interesant\u0173 konsultavimo, tarptautini\u0173 ir vietini\u0173 priva\u010di\u0173 meno k\u016brini\u0173 kolekcij\u0173 formavimo ir investicini\u0173 meno k\u016brini\u0173 sandori\u0173 bei meno projekt\u0173 (\u201e<\/span><span style=\"font-weight: 400;\">Fondazione Amedeo Modigliani\u201d (Italija) parodos ambasador\u0117, buvusi Ministro Pirminink\u0117 visuomenin\u0117 konsultant\u0117 kult\u016bros klausimais ir kt.) Taip pat ji yra doktorant\u0117, d\u0117stanti k\u016brybines industrijas ir kt. modulius u\u017esienio universitetuose.\u00a0<\/span><\/p>\n<p><span style=\"font-weight: 400;\">Ornela yra meno rinkos agent\u016bros \u201eartXchange Global\u201c \u012fk\u016br\u0117ja, aktyviai besistengianti demistifikuoti investavim\u0105 \u012f men\u0105 bei edukuoti visuomen\u0119, kad menas yra ir prieinama, ir \u012fdomi investicija. \u201eWealth and Finance International Fund Awards 2023\u201d suteik\u0117 Ornelai \u201cLeading Female Figure in Art Wealth Management 2023\u201d titul\u0105.<\/span><\/p>\n<p><img decoding=\"async\" class=\"lazyload alignnone wp-image-6451\" src=\"https:\/\/suprastimada.lt\/wp-content\/uploads\/2024\/03\/Ornela-Ramasauskaite-By-Gabija-Morkunaite-scaled.jpg\" data-orig-src=\"https:\/\/suprastimada.lt\/wp-content\/uploads\/2024\/03\/Ornela-Ramasauskaite-By-Gabija-Morkunaite-scaled.jpg\" alt=\"\" width=\"661\" height=\"440\" srcset=\"data:image\/svg+xml,%3Csvg%20xmlns%3D%27http%3A%2F%2Fwww.w3.org%2F2000%2Fsvg%27%20width%3D%27661%27%20height%3D%27440%27%20viewBox%3D%270%200%20661%20440%27%3E%3Crect%20width%3D%27661%27%20height%3D%27440%27%20fill-opacity%3D%220%22%2F%3E%3C%2Fsvg%3E\" data-srcset=\"https:\/\/suprastimada.lt\/wp-content\/uploads\/2024\/03\/Ornela-Ramasauskaite-By-Gabija-Morkunaite-200x133.jpg 200w, https:\/\/suprastimada.lt\/wp-content\/uploads\/2024\/03\/Ornela-Ramasauskaite-By-Gabija-Morkunaite-400x267.jpg 400w, https:\/\/suprastimada.lt\/wp-content\/uploads\/2024\/03\/Ornela-Ramasauskaite-By-Gabija-Morkunaite-500x333.jpg 500w, https:\/\/suprastimada.lt\/wp-content\/uploads\/2024\/03\/Ornela-Ramasauskaite-By-Gabija-Morkunaite-600x400.jpg 600w, https:\/\/suprastimada.lt\/wp-content\/uploads\/2024\/03\/Ornela-Ramasauskaite-By-Gabija-Morkunaite-scaled-700x466.jpg 700w, https:\/\/suprastimada.lt\/wp-content\/uploads\/2024\/03\/Ornela-Ramasauskaite-By-Gabija-Morkunaite-768x512.jpg 768w, https:\/\/suprastimada.lt\/wp-content\/uploads\/2024\/03\/Ornela-Ramasauskaite-By-Gabija-Morkunaite-800x533.jpg 800w, https:\/\/suprastimada.lt\/wp-content\/uploads\/2024\/03\/Ornela-Ramasauskaite-By-Gabija-Morkunaite-1024x683.jpg 1024w, https:\/\/suprastimada.lt\/wp-content\/uploads\/2024\/03\/Ornela-Ramasauskaite-By-Gabija-Morkunaite-1200x800.jpg 1200w, https:\/\/suprastimada.lt\/wp-content\/uploads\/2024\/03\/Ornela-Ramasauskaite-By-Gabija-Morkunaite-1536x1024.jpg 1536w, https:\/\/suprastimada.lt\/wp-content\/uploads\/2024\/03\/Ornela-Ramasauskaite-By-Gabija-Morkunaite-scaled.jpg 2560w\" data-sizes=\"auto\" data-orig-sizes=\"(max-width: 661px) 100vw, 661px\" \/><\/p>\n<p><br style=\"font-weight: 400;\" \/><br style=\"font-weight: 400;\" \/><\/p>\n","protected":false},"excerpt":{"rendered":"<p>Paskaitos metu modeliuosime, kokie galimi skirtingu\u0328 kolekciju\u0328 investavimui variantai, paskyrus fiksuota\u0328 biudz\u030ceta\u0328. Z\u030cingsnis po z\u030cingsnio aptarsime, ka\u0328 svarbu apgalvoti pries\u030c darant sprendimus.<\/p>\n","protected":false},"featured_media":8564,"template":"","meta":[],"product_cat":[210,211],"product_tag":[],"class_list":{"0":"post-8556","1":"product","2":"type-product","3":"status-publish","4":"has-post-thumbnail","6":"product_cat-all","7":"product_cat-live","9":"first","10":"instock","11":"virtual","12":"purchasable","13":"product-type-simple"},"acf":[],"_links":{"self":[{"href":"https:\/\/suprastimada.lt\/en\/wp-json\/wp\/v2\/product\/8556"}],"collection":[{"href":"https:\/\/suprastimada.lt\/en\/wp-json\/wp\/v2\/product"}],"about":[{"href":"https:\/\/suprastimada.lt\/en\/wp-json\/wp\/v2\/types\/product"}],"wp:featuredmedia":[{"embeddable":true,"href":"https:\/\/suprastimada.lt\/en\/wp-json\/wp\/v2\/media\/8564"}],"wp:attachment":[{"href":"https:\/\/suprastimada.lt\/en\/wp-json\/wp\/v2\/media?parent=8556"}],"wp:term":[{"taxonomy":"product_cat","embeddable":true,"href":"https:\/\/suprastimada.lt\/en\/wp-json\/wp\/v2\/product_cat?post=8556"},{"taxonomy":"product_tag","embeddable":true,"href":"https:\/\/suprastimada.lt\/en\/wp-json\/wp\/v2\/product_tag?post=8556"}],"curies":[{"name":"wp","href":"https:\/\/api.w.org\/{rel}","templated":true}]}}