{"id":8241,"date":"2024-10-14T16:36:35","date_gmt":"2024-10-14T16:36:35","guid":{"rendered":"https:\/\/suprastimada.lt\/?post_type=product&#038;p=8241"},"modified":"2024-12-09T13:51:01","modified_gmt":"2024-12-09T13:51:01","slug":"express-mokymai-stiliaus-kurimas-sau-kitiems-ir-objektyvui-gyvai-3","status":"publish","type":"product","link":"https:\/\/suprastimada.lt\/en\/product\/express-mokymai-stiliaus-kurimas-sau-kitiems-ir-objektyvui-gyvai-3\/","title":{"rendered":"SOLD OUT: EXPRESS MOKYMAI PRADEDANTIESIEMS STILISTAMS: STILIAUS K\u016aRIMAS SAU, KITIEMS IR OBJEKTYVUI | VILNIUS"},"content":{"rendered":"<p><b>MIGL\u0116 KAZ\u0116NAIT\u0116\u00a0<\/b><\/p>\n<p><span style=\"font-weight: 400;\">Viena pagrindini\u0173 edukacinio mokym\u0173 kurso \u201eS\u0105moningas \u012fvaizd\u017eio k\u016brimas: Stiliaus k\u016brimas sau, kitiems ir objektyvui\u201d lektori\u0173 \u2013 Migl\u0117 Kaz\u0117nait\u0117, kuri yra mados ir televizijos stilist\u0117, kostium\u0173 dailinink\u0117, KSU universiteto Mados antropologijos d\u0117stytoja. Praeityje leidini\u0173 \u201ePanel\u0117\u201c , \u201eCosmopolitan\u201c, \u201eL\u2018officiel\u201c mados redaktor\u0117.<\/span><\/p>\n<p><span style=\"font-weight: 400;\">Su mados antropologe galima \u012f visas gyvenimo sritis pa\u017evelgti per mados prizm\u0119. Lektor\u0117, kuriai mados tema n\u0117ra rib\u0173, mokymuose pasidalins \u017einiomis i\u0161 antropologijos perspektyvos, taip pat vertingomis savo asmenin\u0117mis \u012f\u017evalgomis ir taikomais terminais.\u00a0<\/span><\/p>\n<p><b>ROBERT MISHKA<\/b><\/p>\n<div class=\"group\/conversation-turn relative flex w-full min-w-0 flex-col agent-turn\">\n<div class=\"flex-col gap-1 md:gap-3\">\n<div class=\"flex max-w-full flex-col flex-grow\">\n<div class=\"min-h-8 text-message flex w-full flex-col items-end gap-2 whitespace-normal break-words [.text-message+&amp;]:mt-5\" dir=\"auto\" data-message-author-role=\"assistant\" data-message-id=\"be44c143-f332-4b72-be5d-22701acad411\" data-message-model-slug=\"gpt-4o\">\n<div class=\"flex w-full flex-col gap-1 empty:hidden first:pt-[3px]\">\n<div class=\"markdown prose w-full break-words dark:prose-invert light\">\n<p>Fotografas, baig\u0119s Taikomosios fotografijos studijas Vilniaus Dizaino kolegijoje, jau daugiau nei de\u0161imtmet\u012f tobulina savo meistri\u0161kum\u0105 ir k\u016brybin\u012f brai\u017e\u0105. Jo k\u016brybiniai darbai ir nuotraukos publikuotos tokiuose Lietuvos mados \u017eurnaluose kaip \u201eL\u2019officiel\u201d, \u201eLam\u0173 sl\u0117nis\u201d, \u201eMoteris\u201d.<\/p>\n<p>Patirtis dirbant tarptautin\u0117se agent\u016brose, kaip \u201eElite\u201c, \u201eLink Models\u201c ir \u201eWilhelmina\u201c Amerikoje, suteik\u0117 jam dar platesn\u012f k\u016brybin\u012f diapazon\u0105 bei galimyb\u0119 dirbti su auk\u0161\u010diausio lygio modeliais ir mados profesionalais.<\/p>\n<p><img decoding=\"async\" class=\"lazyload alignnone wp-image-6304\" src=\"https:\/\/suprastimada.lt\/wp-content\/uploads\/2023\/10\/studio_MM2-3-scaled-e1707831299205-884x1024.jpg\" data-orig-src=\"https:\/\/suprastimada.lt\/wp-content\/uploads\/2023\/10\/studio_MM2-3-scaled-e1707831299205-884x1024.jpg\" alt=\"\" width=\"527\" height=\"610\" srcset=\"data:image\/svg+xml,%3Csvg%20xmlns%3D%27http%3A%2F%2Fwww.w3.org%2F2000%2Fsvg%27%20width%3D%27527%27%20height%3D%27610%27%20viewBox%3D%270%200%20527%20610%27%3E%3Crect%20width%3D%27527%27%20height%3D%27610%27%20fill-opacity%3D%220%22%2F%3E%3C%2Fsvg%3E\" data-srcset=\"https:\/\/suprastimada.lt\/wp-content\/uploads\/2023\/10\/studio_MM2-3-scaled-e1707831299205-200x232.jpg 200w, https:\/\/suprastimada.lt\/wp-content\/uploads\/2023\/10\/studio_MM2-3-scaled-e1707831299205-400x464.jpg 400w, https:\/\/suprastimada.lt\/wp-content\/uploads\/2023\/10\/studio_MM2-3-scaled-e1707831299205-431x500.jpg 431w, https:\/\/suprastimada.lt\/wp-content\/uploads\/2023\/10\/studio_MM2-3-scaled-e1707831299205-500x579.jpg 500w, https:\/\/suprastimada.lt\/wp-content\/uploads\/2023\/10\/studio_MM2-3-scaled-e1707831299205-600x695.jpg 600w, https:\/\/suprastimada.lt\/wp-content\/uploads\/2023\/10\/studio_MM2-3-scaled-e1707831299205-700x811.jpg 700w, https:\/\/suprastimada.lt\/wp-content\/uploads\/2023\/10\/studio_MM2-3-scaled-e1707831299205-768x890.jpg 768w, https:\/\/suprastimada.lt\/wp-content\/uploads\/2023\/10\/studio_MM2-3-scaled-e1707831299205-800x927.jpg 800w, https:\/\/suprastimada.lt\/wp-content\/uploads\/2023\/10\/studio_MM2-3-scaled-e1707831299205-884x1024.jpg 884w, https:\/\/suprastimada.lt\/wp-content\/uploads\/2023\/10\/studio_MM2-3-scaled-e1707831299205-1200x1391.jpg 1200w, https:\/\/suprastimada.lt\/wp-content\/uploads\/2023\/10\/studio_MM2-3-scaled-e1707831299205-1325x1536.jpg 1325w, https:\/\/suprastimada.lt\/wp-content\/uploads\/2023\/10\/studio_MM2-3-scaled-e1707831299205.jpg 1693w\" data-sizes=\"auto\" data-orig-sizes=\"(max-width: 527px) 100vw, 527px\" \/><img decoding=\"async\" class=\"lazyload alignnone wp-image-8248\" src=\"https:\/\/suprastimada.lt\/wp-content\/uploads\/2024\/10\/438078892_26216214081311464_3610767061736916312_n-576x1024.jpg\" data-orig-src=\"https:\/\/suprastimada.lt\/wp-content\/uploads\/2024\/10\/438078892_26216214081311464_3610767061736916312_n-576x1024.jpg\" alt=\"\" width=\"343\" height=\"610\" srcset=\"data:image\/svg+xml,%3Csvg%20xmlns%3D%27http%3A%2F%2Fwww.w3.org%2F2000%2Fsvg%27%20width%3D%27343%27%20height%3D%27610%27%20viewBox%3D%270%200%20343%20610%27%3E%3Crect%20width%3D%27343%27%20height%3D%27610%27%20fill-opacity%3D%220%22%2F%3E%3C%2Fsvg%3E\" data-srcset=\"https:\/\/suprastimada.lt\/wp-content\/uploads\/2024\/10\/438078892_26216214081311464_3610767061736916312_n-200x356.jpg 200w, https:\/\/suprastimada.lt\/wp-content\/uploads\/2024\/10\/438078892_26216214081311464_3610767061736916312_n-281x500.jpg 281w, https:\/\/suprastimada.lt\/wp-content\/uploads\/2024\/10\/438078892_26216214081311464_3610767061736916312_n-400x711.jpg 400w, https:\/\/suprastimada.lt\/wp-content\/uploads\/2024\/10\/438078892_26216214081311464_3610767061736916312_n-500x889.jpg 500w, https:\/\/suprastimada.lt\/wp-content\/uploads\/2024\/10\/438078892_26216214081311464_3610767061736916312_n-576x1024.jpg 576w, https:\/\/suprastimada.lt\/wp-content\/uploads\/2024\/10\/438078892_26216214081311464_3610767061736916312_n-600x1067.jpg 600w, https:\/\/suprastimada.lt\/wp-content\/uploads\/2024\/10\/438078892_26216214081311464_3610767061736916312_n-700x1244.jpg 700w, https:\/\/suprastimada.lt\/wp-content\/uploads\/2024\/10\/438078892_26216214081311464_3610767061736916312_n-768x1365.jpg 768w, https:\/\/suprastimada.lt\/wp-content\/uploads\/2024\/10\/438078892_26216214081311464_3610767061736916312_n-800x1422.jpg 800w, https:\/\/suprastimada.lt\/wp-content\/uploads\/2024\/10\/438078892_26216214081311464_3610767061736916312_n-864x1536.jpg 864w, https:\/\/suprastimada.lt\/wp-content\/uploads\/2024\/10\/438078892_26216214081311464_3610767061736916312_n.jpg 1080w\" data-sizes=\"auto\" data-orig-sizes=\"(max-width: 343px) 100vw, 343px\" \/><\/p>\n<\/div>\n<\/div>\n<\/div>\n<\/div>\n<\/div>\n<\/div>\n","protected":false},"excerpt":{"rendered":"<p>\u201eS\u0105moningas \u012fvaizd\u017eio konstravimas: stiliaus k\u016brimas sau, kitiems ir objektyvui\u201c ir skirtas b\u016btent tiems pradedantiems stilistams ir dar tik besidomintiems \u0161iuo darbu. Visiems tiems, kurie nori kurti asmenin\u012f stili\u0173 tiek sau, tiek kitiems, taip pat dirbti su komerciniais u\u017esakymais, bet ko besiimt\u0173 \u2013 daryt\u0173 tai profesionaliai, i\u0161 esm\u0117s, su teoriniu pagrindu ir su praktiniu pasiruo\u0161imu.<\/p>\n","protected":false},"featured_media":7174,"template":"","meta":[],"product_cat":[210,211],"product_tag":[224],"class_list":{"0":"post-8241","1":"product","2":"type-product","3":"status-publish","4":"has-post-thumbnail","6":"product_cat-all","7":"product_cat-live","8":"product_tag-2024-en","10":"first","11":"instock","12":"shipping-taxable","13":"purchasable","14":"product-type-simple"},"acf":[],"_links":{"self":[{"href":"https:\/\/suprastimada.lt\/en\/wp-json\/wp\/v2\/product\/8241"}],"collection":[{"href":"https:\/\/suprastimada.lt\/en\/wp-json\/wp\/v2\/product"}],"about":[{"href":"https:\/\/suprastimada.lt\/en\/wp-json\/wp\/v2\/types\/product"}],"wp:featuredmedia":[{"embeddable":true,"href":"https:\/\/suprastimada.lt\/en\/wp-json\/wp\/v2\/media\/7174"}],"wp:attachment":[{"href":"https:\/\/suprastimada.lt\/en\/wp-json\/wp\/v2\/media?parent=8241"}],"wp:term":[{"taxonomy":"product_cat","embeddable":true,"href":"https:\/\/suprastimada.lt\/en\/wp-json\/wp\/v2\/product_cat?post=8241"},{"taxonomy":"product_tag","embeddable":true,"href":"https:\/\/suprastimada.lt\/en\/wp-json\/wp\/v2\/product_tag?post=8241"}],"curies":[{"name":"wp","href":"https:\/\/api.w.org\/{rel}","templated":true}]}}