{"id":7437,"date":"2023-09-11T14:03:08","date_gmt":"2023-09-11T14:03:08","guid":{"rendered":"https:\/\/suprastimada.lt\/produktas\/kita-realybe-kaip-nuo-siol-atrodys-mada-gyvai\/"},"modified":"2023-09-11T14:03:08","modified_gmt":"2023-09-11T14:03:08","slug":"kita-realybe-kaip-nuo-siol-atrodys-mada-gyvai","status":"publish","type":"product","link":"https:\/\/suprastimada.lt\/en\/product\/kita-realybe-kaip-nuo-siol-atrodys-mada-gyvai\/","title":{"rendered":"KITA REALYB\u0116: KAIP NUO \u0160IOL ATRODYS MADA? (GYVAI)"},"content":{"rendered":"<p><strong>Apie tem\u0105:<\/strong><br \/>\nNe\u012ftik\u0117tino masto i\u0161\u0161\u016bkiai vos per kelet\u0105 m\u0117nesi\u0173 pakeit\u0117 tiek pasaul\u012f, tiek kiekvien\u0105 i\u0161 m\u016bs\u0173. Joki\u0173 abejoni\u0173 \u2013 gyvename ypatingais laikais! Jau tiek i\u0161gyventa, tiek i\u0161spr\u0119sta, tiek klausim\u0173 u\u017eduota sau ir kitiems per \u0161\u012f trump\u0105, jau tapus\u012f istoriniu, laikotarp\u012f. Bet, prisipa\u017einkime, ar kas nors turi ai\u0161ki\u0173 atsakym\u0173 \u012f visus tuos siel\u0105 ir mintis jaudinan\u010dius klausimus?<\/p>\n<p>Edukacinio projekto \u201eSuprasti mad\u0105\u201c fokusas, akivaizdu, yra mada. O kas yra mada? \u0160is it deimantas daugiabriaunis rei\u0161kinys atspindi tiek aplink supant\u012f pasaul\u012f, tiek m\u016bs\u0173 vidines jausm\u0173 bangas, mus visus jungian\u010dius i\u0161gyvenimus, svajones, iliuzijas. Mes i\u0161gyvenome skausming\u0105 izoliacij\u0105, ta\u010diau mada negali b\u016bti izoliuota niekaip, nes tai \u2013 realyb\u0117s atspindys. Pasikeit\u0117 realyb\u0117 \u2013 transformuojasi ir mada tiek i\u0161 vidaus, tiek i\u0161 i\u0161or\u0117s.<\/p>\n<p>Pasaul\u012f sukr\u0117tusi pandemija stipriai paveik\u0117 \u017emoni\u0173 prioritetus ir apnuogino jautrias problemas. Su trenksmu du\u017eo begal\u0117 iliuzij\u0173, staiga atsiv\u0117r\u0117 akys. I\u0161 dalies mada buvo viena i\u0161 t\u0173 iliuzij\u0173 ir j\u0173 k\u016br\u0117j\u0173. Ar mada taip pat du\u017eo? Kokia ji yra dabar? O kokia bus? K\u0105 kursime? K\u0105 gaminsime? K\u0105 pirksime ir k\u0105 d\u0117v\u0117sime?<br \/>\nMada n\u0117ra tik efemeri\u0161kas rei\u0161kinys, tai yra did\u017eiul\u0117 reali pasaulin\u0117 industrija, jungianti talentingus k\u016br\u0117jus, gamintojus, mus visus \u2013 \u017emones. Pandemija apnuogino problemas, ta\u010diau \u017emon\u0117s niekada nevaik\u0161\u010dios nuogi \u2013 visada ka\u017ek\u0105 d\u0117v\u0117s, ka\u017ekuo kvepinsis, ka\u017ekuo steb\u0117sis, ka\u017eko nor\u0117s. Mada, savo ruo\u017etu, turi tiek grak\u0161\u010di\u0105sias puses, tiek slepia nema\u017eai bjauri\u0173j\u0173. Analizuoti mad\u0105 visada buvo nelengva, dabar tai yra dar sud\u0117tingiau, o \u017eini\u0173 ir ai\u0161kumo tro\u0161kulys kankina vis labiau. Tad kvie\u010diame kartu su geriausiais mados pasaulio ekspertais padiskutuoti apie mados ir j\u016bs\u0173 pa\u010di\u0173 kaip mados k\u016br\u0117j\u0173, pardav\u0117j\u0173 ir vartotoj\u0173 ateit\u012f i\u0161 pa\u010di\u0173 netik\u0117\u010diausi\u0173 perspektyv\u0173 \u2013 jau rugs\u0117jo 9 dien\u0105, tre\u010diadien\u012f.<\/p>\n<p>Renginio metu bus pristatyta ir \u201eSuprasti mad\u0105\u201c 2020 m. rudens sezono rengini\u0173 ir mokym\u0173 programa, taip pat sugr\u012f\u017etantys ir nauji lektoriai, lojalumo programos ir nuolaid\u0173 sistemos naujov\u0117s. Nepraleiskite progos prisijungti prie \u0161imtus mados entuziast\u0173 jau vienijan\u010dios projekto \u201eSuprasti mad\u0105\u201c nari\u0173 bendruomen\u0117s!<\/p>\n<p>&nbsp;<\/p>\n<p><em>Partneriai:<\/em><br \/>\n<em>1. Fotografijos studija ir rengini\u0173 erdv\u0117 \u201eBrazzi Studios\u201c<\/em><br \/>\n<em>2. Estetin\u0117s medicinos ir kosmetikos prek\u0117s \u017eenklas \u201eLaboratoires Filorga\u201c<\/em><br \/>\n<em>3. Multibrandin\u0117 mados e-parduotuv\u0117 \u201eSoulz.lt\u201c<\/em><br \/>\n<em>4. Socialini\u0173 moksl\u0173 kolegija SMK<\/em><\/p>\n","protected":false},"excerpt":{"rendered":"<p>Diskusijoje bus nagrin\u0117jama COVID-19 pandemijos \u012ftaka mados k\u016br\u0117jams, gamintojams, vartotojams, t.y. visiems mums.<\/p>\n","protected":false},"featured_media":6628,"template":"","meta":[],"product_cat":[210,211],"product_tag":[221],"class_list":{"0":"post-7437","1":"product","2":"type-product","3":"status-publish","4":"has-post-thumbnail","6":"product_cat-all","7":"product_cat-live","8":"product_tag-2020-en","10":"first","11":"instock","12":"shipping-taxable","13":"product-type-simple"},"acf":[],"_links":{"self":[{"href":"https:\/\/suprastimada.lt\/en\/wp-json\/wp\/v2\/product\/7437"}],"collection":[{"href":"https:\/\/suprastimada.lt\/en\/wp-json\/wp\/v2\/product"}],"about":[{"href":"https:\/\/suprastimada.lt\/en\/wp-json\/wp\/v2\/types\/product"}],"wp:featuredmedia":[{"embeddable":true,"href":"https:\/\/suprastimada.lt\/en\/wp-json\/wp\/v2\/media\/6628"}],"wp:attachment":[{"href":"https:\/\/suprastimada.lt\/en\/wp-json\/wp\/v2\/media?parent=7437"}],"wp:term":[{"taxonomy":"product_cat","embeddable":true,"href":"https:\/\/suprastimada.lt\/en\/wp-json\/wp\/v2\/product_cat?post=7437"},{"taxonomy":"product_tag","embeddable":true,"href":"https:\/\/suprastimada.lt\/en\/wp-json\/wp\/v2\/product_tag?post=7437"}],"curies":[{"name":"wp","href":"https:\/\/api.w.org\/{rel}","templated":true}]}}