{"id":7436,"date":"2023-09-11T13:59:21","date_gmt":"2023-09-11T13:59:21","guid":{"rendered":"https:\/\/suprastimada.lt\/produktas\/master-klase-autentiskas-gyvenimo-budas-nuo-mainstreamo-iki-nisos-zoom\/"},"modified":"2023-09-11T13:59:21","modified_gmt":"2023-09-11T13:59:21","slug":"master-klase-autentiskas-gyvenimo-budas-nuo-mainstreamo-iki-nisos-zoom","status":"publish","type":"product","link":"https:\/\/suprastimada.lt\/en\/product\/master-klase-autentiskas-gyvenimo-budas-nuo-mainstreamo-iki-nisos-zoom\/","title":{"rendered":"MASTER KLAS\u0116 \u201eAUTENTI\u0160KAS GYVENIMO B\u016aDAS: NUO MAINSTREAM\u2019O IKI NI\u0160OS\u201c (ZOOM)"},"content":{"rendered":"<p><strong>Programa<\/strong><\/p>\n<ol>\n<li>Kas yra autenti\u0161kas gyvenimo b\u016bdas ir kaip j\u012f kurti? Autenti\u0161kumo klausimas. K\u0105 vadiname ni\u0161a (madoje, mene, parfumerijoje, vynuose, maiste, kelion\u0117se) ir kaip bei kur j\u0173 ie\u0161koti?<\/li>\n<li>Nuo mainstream\u2018o iki ni\u0161os: kasdien\u0117 asmenyb\u0117s estetika. Ni\u0161inio gyvenimo principai. Mainstream rei\u0161kinys (i\u0161 angl. dominuojanti, pagrindin\u0117 tendencija). Kod\u0117l verta j\u012f suvokti savo ni\u0161os beie\u0161kant? Vidin\u0117s erdv\u0117s estetika \u2013 nuotaikos suk\u016brimas. Subtili\u0173 santyki\u0173 su mada k\u016brimas. I\u0161orin\u0117s erdv\u0117s estetika ir autenti\u0161kos atmosferos suk\u016brimas. Interjeras ir valgymo kult\u016bra (stalo dekoravimo ir serviravimo estetika). Skoni\u0173 deriniai \u2013 tikro gurmano \u0161vent\u0117s ir spalvota kasdienyb\u0117.<\/li>\n<li>Nauji gyvenimo skoniai individualiame kelyje. Atrastas autenti\u0161kumas. Vidin\u0117s ir i\u0161orin\u0117s estetikos santykis: kuri yra pirmin\u0117? Balanso atradimas. \u012ekv\u0117pimas deriniams. Dr\u0105sa eksperimentuoti ir kokybi\u0161ko gyvenimo principai. Kaip i\u0161laikyti ni\u0161in\u012f gyvenimo b\u016bd\u0105 permain\u0173 bei netik\u0117t\u0173 apribojim\u0173 pasaulyje? I\u0161laid\u0173 ma\u017einimo klausimas vs. kokybi\u0161kas gyvenimas.<\/li>\n<\/ol>\n<p>&nbsp;<\/p>\n<p><em>Partneriai:<\/em><br \/>\n<em>1. Fotografijos studija ir rengini\u0173 erdv\u0117 \u201eBrazzi Studios\u201c<\/em><br \/>\n<em>2. Estetin\u0117s medicinos ir kosmetikos prek\u0117s \u017eenklas \u201eLaboratoires Filorga\u201c<\/em><br \/>\n<em>3. Multibrandin\u0117 mados e-parduotuv\u0117 \u201eSoulz.lt\u201c<\/em><br \/>\n<em>4. Socialini\u0173 moksl\u0173 kolegija SMK<\/em><\/p>\n","protected":false},"excerpt":{"rendered":"<p>Kaip ir kvepalai, gyvenimo b\u016bdas gali b\u016bti ni\u0161inis. Ni\u0161inis visomis aprai\u0161komis \u2013 nuo skanaus maisto ir g\u0117rim\u0173 iki interjero, nuo mados iki meno, nuo knyg\u0173 iki film\u0173, nuo sodrios kasdienyb\u0117s iki kelioni\u0173 pasirinkimo. I\u0161skirtin\u0117 ni\u0161a. I\u0161skirtin\u0117 gyvenimo kokyb\u0117.<\/p>\n","protected":false},"featured_media":6627,"template":"","meta":[],"product_cat":[210],"product_tag":[221],"class_list":{"0":"post-7436","1":"product","2":"type-product","3":"status-publish","4":"has-post-thumbnail","6":"product_cat-all","7":"product_tag-2020-en","9":"first","10":"instock","11":"shipping-taxable","12":"product-type-simple"},"acf":[],"_links":{"self":[{"href":"https:\/\/suprastimada.lt\/en\/wp-json\/wp\/v2\/product\/7436"}],"collection":[{"href":"https:\/\/suprastimada.lt\/en\/wp-json\/wp\/v2\/product"}],"about":[{"href":"https:\/\/suprastimada.lt\/en\/wp-json\/wp\/v2\/types\/product"}],"wp:featuredmedia":[{"embeddable":true,"href":"https:\/\/suprastimada.lt\/en\/wp-json\/wp\/v2\/media\/6627"}],"wp:attachment":[{"href":"https:\/\/suprastimada.lt\/en\/wp-json\/wp\/v2\/media?parent=7436"}],"wp:term":[{"taxonomy":"product_cat","embeddable":true,"href":"https:\/\/suprastimada.lt\/en\/wp-json\/wp\/v2\/product_cat?post=7436"},{"taxonomy":"product_tag","embeddable":true,"href":"https:\/\/suprastimada.lt\/en\/wp-json\/wp\/v2\/product_tag?post=7436"}],"curies":[{"name":"wp","href":"https:\/\/api.w.org\/{rel}","templated":true}]}}