{"id":7435,"date":"2023-09-11T13:55:56","date_gmt":"2023-09-11T13:55:56","guid":{"rendered":"https:\/\/suprastimada.lt\/produktas\/master-klase-kalbejimas-vaizdais-tikslinis-estetikos-kurimas-soc-tinkluose-zoom\/"},"modified":"2023-09-11T13:55:56","modified_gmt":"2023-09-11T13:55:56","slug":"master-klase-kalbejimas-vaizdais-tikslinis-estetikos-kurimas-soc-tinkluose-zoom","status":"publish","type":"product","link":"https:\/\/suprastimada.lt\/en\/product\/master-klase-kalbejimas-vaizdais-tikslinis-estetikos-kurimas-soc-tinkluose-zoom\/","title":{"rendered":"MASTER KLAS\u0116 \u201eKALB\u0116JIMAS VAIZDAIS: TIKSLINIS ESTETIKOS K\u016aRIMAS SOC. TINKLUOSE\u201c (ZOOM)"},"content":{"rendered":"<p><strong>Apie tem\u0105<\/strong><br \/>\nPer 3 valandas \u017einoma fotograf\u0117 ir socialini\u0173 tinkl\u0173 komunikacijos strateg\u0117 VIKA PA\u0160KELYT\u0116 atsakys \u012f \u0161iuos klausimus:<br \/>\nKod\u0117l svarbu kurti ir stiprinti savo \u012fvaizd\u012f socialin\u0117se medijose ir kokie pagrindiniai \u0161io proceso etapai?<br \/>\nNuo ko prad\u0117ti savo vizualin\u0119 komunikacij\u0105 ir kaip taikant vaizd\u0173 psichologij\u0105 tapti patraukliais socialin\u0117je medijoje?<br \/>\nKuo skiriasi skirtingos socialin\u0117s platformos ir kod\u0117l jose turime s\u0105moningai kurti skirting\u0105 estetik\u0105?<br \/>\nKaip nuosekliai pasakoti savo istorij\u0105 vaizdais, integruojant skirtingus kanalus, priemones ir \u012frankius?<br \/>\nKaip formuoti k\u016brybini\u0173 industrij\u0173 profesional\u0105 pristatant\u012f ir parduodant\u012f portfolio?<br \/>\nKokios pagalbin\u0117s priemon\u0117s ir \u012frankiai padeda kurti socialini\u0173 tinkl\u0173 turin\u012f?<\/p>\n<p><strong>Apie lektor\u0119<\/strong><br \/>\nVika Pa\u0161kelyt\u0117 yra socialini\u0173 tinkl\u0173 komunikacijos agent\u016bros \u201eMiir\u00f3 studio\u201d vadov\u0117 bei profesionali portret\u0173 ir mados fotograf\u0117, 10 met\u0173 reguliariai dirbanti su lietuvi\u0161kais ir tarptautiniais prek\u0117s \u017eenklais Lietuvoje.<br \/>\n\u0160iuo metu specializuojasi mados komunikacijos srityje, kuria parduotuv\u0117s \u201eMados linija\u201d Vilniuje (@madoslinija) Instagram turin\u012f ir \u012fvaizd\u012f pusmetin\u0117se mados kampanijose. Taip pat strateguoja ir \u012fgyvendina \u201eV2 Concept Store\u201d (@v2conceptstore) konceptualios multibrandin\u0117s parduotuv\u0117s socialini\u0173 tinkl\u0173 komunikacij\u0105 bei tiek viena, tiek su kitais pramon\u0117s ekspertais dirba prie daugelio \u012fdomi\u0173 projekt\u0173.<\/p>\n<p>&nbsp;<\/p>\n<p><em>Partneriai:<\/em><br \/>\n<em>1. Fotografijos studija ir rengini\u0173 erdv\u0117 \u201eBrazzi Studios\u201c<\/em><br \/>\n<em>2. Estetin\u0117s medicinos ir kosmetikos prek\u0117s \u017eenklas \u201eLaboratoires Filorga\u201c<\/em><br \/>\n<em>3. Multibrandin\u0117 mados e-parduotuv\u0117 \u201eSoulz.lt\u201c<\/em><br \/>\n<em>4. Socialini\u0173 moksl\u0173 kolegija SMK<\/em><\/p>\n","protected":false},"excerpt":{"rendered":"<p>Patrauklus, su j\u016bs\u0173 tapatybe harmoningas komunikavimas, skirting\u0173 socialini\u0173 platform\u0173 i\u0161manymas, \u012fvairi\u0173 komunikacijos kanal\u0173, priemoni\u0173 ir format\u0173 integracija \u2013 \u0161iandien tai tampa esminiu faktoriumi kuriant s\u0117kming\u0105 savo asmenin\u012f ar savo verslo komunikacin\u012f turin\u012f.<\/p>\n","protected":false},"featured_media":6626,"template":"","meta":[],"product_cat":[210],"product_tag":[221],"class_list":{"0":"post-7435","1":"product","2":"type-product","3":"status-publish","4":"has-post-thumbnail","6":"product_cat-all","7":"product_tag-2020-en","9":"first","10":"instock","11":"shipping-taxable","12":"product-type-simple"},"acf":[],"_links":{"self":[{"href":"https:\/\/suprastimada.lt\/en\/wp-json\/wp\/v2\/product\/7435"}],"collection":[{"href":"https:\/\/suprastimada.lt\/en\/wp-json\/wp\/v2\/product"}],"about":[{"href":"https:\/\/suprastimada.lt\/en\/wp-json\/wp\/v2\/types\/product"}],"wp:featuredmedia":[{"embeddable":true,"href":"https:\/\/suprastimada.lt\/en\/wp-json\/wp\/v2\/media\/6626"}],"wp:attachment":[{"href":"https:\/\/suprastimada.lt\/en\/wp-json\/wp\/v2\/media?parent=7435"}],"wp:term":[{"taxonomy":"product_cat","embeddable":true,"href":"https:\/\/suprastimada.lt\/en\/wp-json\/wp\/v2\/product_cat?post=7435"},{"taxonomy":"product_tag","embeddable":true,"href":"https:\/\/suprastimada.lt\/en\/wp-json\/wp\/v2\/product_tag?post=7435"}],"curies":[{"name":"wp","href":"https:\/\/api.w.org\/{rel}","templated":true}]}}