{"id":7434,"date":"2023-09-11T13:50:35","date_gmt":"2023-09-11T13:50:35","guid":{"rendered":"https:\/\/suprastimada.lt\/produktas\/master-klase-samoningas-vartojimas-ir-minimalizmo-ikveptas-gyvenimo-budas-zoom\/"},"modified":"2023-09-11T13:50:35","modified_gmt":"2023-09-11T13:50:35","slug":"master-klase-samoningas-vartojimas-ir-minimalizmo-ikveptas-gyvenimo-budas-zoom","status":"publish","type":"product","link":"https:\/\/suprastimada.lt\/en\/product\/master-klase-samoningas-vartojimas-ir-minimalizmo-ikveptas-gyvenimo-budas-zoom\/","title":{"rendered":"MASTER KLAS\u0116 \u201eS\u0104MONINGAS VARTOJIMAS IR MINIMALIZMO \u012eKV\u0116PTAS GYVENIMO B\u016aDAS\u201c (ZOOM)"},"content":{"rendered":"<p><strong>Apie tem\u0105<\/strong><br \/>\nPer 3 valandas \u017einoma mados ap\u017evalginink\u0117 ir analitik\u0117 Deimant\u0117 Bulbenkait\u0117 atsakys \u012f \u0161iuos klausimus:<\/p>\n<ol>\n<li>Kas yra minimalizmo \u012fkv\u0117ptas gyvenimo b\u016bdas \u2013 esminiai pasaul\u0117\u017ei\u016bros principai. Minimalistinio vartojimo ir estetikos gair\u0117s.<\/li>\n<li>S\u0105moningas, darnus vartojimas, kuris kalba ne apie radikal\u0173 minimalizm\u0105 ar asketi\u0161kum\u0105, bet apie s\u0105moningum\u0105, suvokim\u0105 k\u0105 ir kod\u0117l renkam\u0117s.<\/li>\n<li>Kokios yra psichologin\u0117s m\u016bs\u0173 perd\u0117to vartojimo, statuso siekimo, netikr\u0173 poreiki\u0173 k\u016brimo prie\u017eastys? Galb\u016bt galima jas suprasti geriau, pasigilinti ir atsirinkti tai, kas i\u0161ties kokybi\u0161ka ir naudinga?<\/li>\n<li>Vert\u0117 ir m\u016bs\u0173 i\u0161vaizda, ypa\u010d aktuali mados kontekste, kai socialiniai tinklai mus ver\u010dia nor\u0117ti ka\u017eko naujo beveik kasdien.<\/li>\n<li>Kaip mad\u0105 rinktis tvariau, protingiau, kaip investuoti \u012f savo spint\u0105 neb\u016btinai turint daug pinig\u0173, kokia svarba yra dom\u0117tis jaunais m\u016bs\u0173 vietiniais k\u016br\u0117jais, ie\u0161koti individualumo, kuris paskui mums palengvina pasirinkimo proces\u0105 ir padeda labiau tik\u0117ti ir pasitik\u0117ti savimi kuriant \u012fvaizd\u012f.<\/li>\n<li>Kaip nepaslysti ant vis\u0173 \u201einvesticini\u0173 pirkini\u0173\u201c ir \u201eforever pieces\u201c, kas da\u017enai i\u0161 ties\u0173 t\u0117ra marketingo triukas.<\/li>\n<\/ol>\n<p>&nbsp;<\/p>\n<p><em>Partneriai:<\/em><br \/>\n<em>1. Fotografijos studija ir rengini\u0173 erdv\u0117 \u201eBrazzi Studios\u201c<\/em><br \/>\n<em>2. Estetin\u0117s medicinos ir kosmetikos prek\u0117s \u017eenklas \u201eLaboratoires Filorga\u201c<\/em><br \/>\n<em>3. Multibrandin\u0117 mados e-parduotuv\u0117 \u201eSoulz.lt\u201c<\/em><br \/>\n<em>4. Socialini\u0173 moksl\u0173 kolegija SMK<\/em><\/p>\n","protected":false},"excerpt":{"rendered":"<p>\u201eSuprasti mad\u0105\u201c mokykla nori ir gali prisid\u0117ti prie visuomen\u0117s vartotoji\u0161kumo ma\u017einimo, s\u0105moningumo lavinimo, tuo pat metu palaikydama stilingo \u012fvaizd\u017eio principus.<\/p>\n","protected":false},"featured_media":6625,"template":"","meta":[],"product_cat":[210],"product_tag":[221],"class_list":{"0":"post-7434","1":"product","2":"type-product","3":"status-publish","4":"has-post-thumbnail","6":"product_cat-all","7":"product_tag-2020-en","9":"first","10":"instock","11":"shipping-taxable","12":"product-type-simple"},"acf":[],"_links":{"self":[{"href":"https:\/\/suprastimada.lt\/en\/wp-json\/wp\/v2\/product\/7434"}],"collection":[{"href":"https:\/\/suprastimada.lt\/en\/wp-json\/wp\/v2\/product"}],"about":[{"href":"https:\/\/suprastimada.lt\/en\/wp-json\/wp\/v2\/types\/product"}],"wp:featuredmedia":[{"embeddable":true,"href":"https:\/\/suprastimada.lt\/en\/wp-json\/wp\/v2\/media\/6625"}],"wp:attachment":[{"href":"https:\/\/suprastimada.lt\/en\/wp-json\/wp\/v2\/media?parent=7434"}],"wp:term":[{"taxonomy":"product_cat","embeddable":true,"href":"https:\/\/suprastimada.lt\/en\/wp-json\/wp\/v2\/product_cat?post=7434"},{"taxonomy":"product_tag","embeddable":true,"href":"https:\/\/suprastimada.lt\/en\/wp-json\/wp\/v2\/product_tag?post=7434"}],"curies":[{"name":"wp","href":"https:\/\/api.w.org\/{rel}","templated":true}]}}