{"id":7433,"date":"2023-09-11T13:53:45","date_gmt":"2023-09-11T13:53:45","guid":{"rendered":"https:\/\/suprastimada.lt\/produktas\/pazintiniu-paskaitu-ciklas-mados-uzkulisiai-zoom-2\/"},"modified":"2023-09-11T13:53:45","modified_gmt":"2023-09-11T13:53:45","slug":"pazintiniu-paskaitu-ciklas-mados-uzkulisiai-zoom-2","status":"publish","type":"product","link":"https:\/\/suprastimada.lt\/en\/product\/pazintiniu-paskaitu-ciklas-mados-uzkulisiai-zoom-2\/","title":{"rendered":"PA\u017dINTINI\u0172 PASKAIT\u0172 CIKLAS \u201eMADOS U\u017dKULISIAI\u201c (ZOOM)"},"content":{"rendered":"<p><strong>Paskait\u0173 temos:<\/strong><br \/>\n<strong>Spalio 6 d. \/\/ TENDENCIJ\u0172 LABIRINTAI: \u017dVILGSNIS \u012e NUOLAT KINTAN\u010cIUS MADOS IR M\u016aS\u0172 PA\u010cI\u0172 \u012eGEID\u017dIUS<\/strong><br \/>\nMados tendencij\u0173 tikslas \u2013 tam tikru metu paveikti kuo didesn\u0119 vartotoj\u0173 grup\u0119 ir sukelti masin\u012f nor\u0105 pirkti. Bet kaip tendencijos gimsta, kod\u0117l jos pagauna m\u016bs\u0173 d\u0117mes\u012f ir ir kaip pama\u017eu numir\u0161ta? Kaip greit\u0117jantis tendencij\u0173 ratas kei\u010dia m\u016bs\u0173 pa\u010di\u0173 \u2013 vartotoj\u0173 \u2013 l\u016bkes\u010dius ir \u012fsivaizdavim\u0105, kas yra mada? \u0160i paskaita pad\u0117s geriau suprasti, kod\u0117l madinga tai, kas madinga, ir nusp\u0117ti, kokiomis kryptimis mados industrija keliaus toliau.<\/p>\n<p><strong>Spalio 13 d. \/\/ VARTOJIMAS \u0160IANDIEN IR RYTOJ: NUO MADOS VERSLO PINKLI\u0172 IKI MIGLOTO POST-COVID LAIKO<\/strong><br \/>\nAr kada susim\u0105st\u0117te, kod\u0117l norite specifin\u0117s spalvos bat\u0173, ai\u0161kiai \u017einote, kokios rankin\u0117s jums reikia, arba kod\u0117l labiau mylite vien\u0105, o ne kit\u0105 prek\u0117s \u017eenkl\u0105? Mados verslas \u2013 tai itin gudrus psichologinis \u017eaidimas, i\u0161naudojantis visk\u0105 nuo socialini\u0173 medij\u0173 iki\u2026 kvapo parduotuv\u0117je. \u017dinoma, mados verslo taisykl\u0117s \u0161iuo metu spar\u010diai kei\u010diasi, nes po COVID pandemijos mada niekada nebus tokia pati, kokia buvo iki karantino. Bet \u0161itas laikas rei\u0161kia ne tik apribojimus, bet ir naujas galimybes.<\/p>\n<p><strong>Spalio 20 d. \/\/ MADOS ATEITIS: NAUJOS RIBOS, NAUJOS TAISYKL\u0116S, NAUJI L\u016aKES\u010cIAI<\/strong><br \/>\nKalb\u0117ti apie mados istorij\u0105 \u012fdomu, bet dar \u012fdomiau yra sp\u0117lioti, koki\u0105 istorij\u0105 ra\u0161ys rytojus. \u0160i paskaita \u2013 tai kvietimas pagal dabar besivystan\u010dias tendencijas pa\u017evelgti \u012f ateities mados pasaul\u012f. Tok\u012f, kokio galb\u016bt nesitik\u0117tum\u0117te, bet kuriame nei\u0161vengiamai dalyvausite.<\/p>\n<p><strong>I\u0161klaus\u0119 kurs\u0105 dalyviai:<\/strong><br \/>\ngeb\u0117s perprasi mad\u0105 kaip vizualin\u0119 komunikacijos priemon\u0119, o gautas \u017einias panaudoti prakti\u0161kai;<br \/>\nbus susipa\u017ein\u0119 su \u0161iandieniniais mados verslo procesais;<br \/>\ngeb\u0117s suprasti, kas yra svarbiausia stebint mados industrijos poky\u010dius ir kas juos veikia;<br \/>\nbus susipa\u017ein\u0119, kaip veikia mados komunikacija ir kas j\u0105 padaro efektyvi\u0105;<br \/>\n\u017einos, kokie kokybiniai ir vertybiniai kriterijai tur\u0117t\u0173 b\u016bti taikomi vertinant \u0161iandienin\u0119 mad\u0105;<\/p>\n<p>&nbsp;<\/p>\n<p><em>Stilius: Ingrida Borisenkait\u0117 (EXPRESS KURSAS \u201eSTILIAUS K\u016aRIMAS SAU, KITIEMS IR OBJEKTYVUI\u201c)<\/em><br \/>\n<em>Fotografas: Vaidas Jokubauskas<\/em><\/p>\n","protected":false},"excerpt":{"rendered":"<p>Mada mus \u017eavi ir vilioja, bet tuo pa\u010diu glumina bei g\u0105sdina \u2013 kaip ir viskas, ko iki galo nesuprantame ir kas mums apgaubta paslapties migla.<\/p>\n","protected":false},"featured_media":6624,"template":"","meta":[],"product_cat":[210],"product_tag":[221],"class_list":{"0":"post-7433","1":"product","2":"type-product","3":"status-publish","4":"has-post-thumbnail","6":"product_cat-all","7":"product_tag-2020-en","9":"first","10":"instock","11":"shipping-taxable","12":"product-type-simple"},"acf":[],"_links":{"self":[{"href":"https:\/\/suprastimada.lt\/en\/wp-json\/wp\/v2\/product\/7433"}],"collection":[{"href":"https:\/\/suprastimada.lt\/en\/wp-json\/wp\/v2\/product"}],"about":[{"href":"https:\/\/suprastimada.lt\/en\/wp-json\/wp\/v2\/types\/product"}],"wp:featuredmedia":[{"embeddable":true,"href":"https:\/\/suprastimada.lt\/en\/wp-json\/wp\/v2\/media\/6624"}],"wp:attachment":[{"href":"https:\/\/suprastimada.lt\/en\/wp-json\/wp\/v2\/media?parent=7433"}],"wp:term":[{"taxonomy":"product_cat","embeddable":true,"href":"https:\/\/suprastimada.lt\/en\/wp-json\/wp\/v2\/product_cat?post=7433"},{"taxonomy":"product_tag","embeddable":true,"href":"https:\/\/suprastimada.lt\/en\/wp-json\/wp\/v2\/product_tag?post=7433"}],"curies":[{"name":"wp","href":"https:\/\/api.w.org\/{rel}","templated":true}]}}