{"id":7432,"date":"2023-09-11T13:16:02","date_gmt":"2023-09-11T13:16:02","guid":{"rendered":"https:\/\/suprastimada.lt\/produktas\/pazintiniu-paskaitu-ciklas-siuolaikinio-meno-pradmenys\/"},"modified":"2023-09-11T13:16:02","modified_gmt":"2023-09-11T13:16:02","slug":"pazintiniu-paskaitu-ciklas-siuolaikinio-meno-pradmenys","status":"publish","type":"product","link":"https:\/\/suprastimada.lt\/en\/product\/pazintiniu-paskaitu-ciklas-siuolaikinio-meno-pradmenys\/","title":{"rendered":"PA\u017dINTINI\u0172 PASKAIT\u0172 CIKLAS \u201e\u0160IUOLAIKINIO MENO PRADMENYS\u201c"},"content":{"rendered":"<p><strong>TEMOS<\/strong><br \/>\n<strong>GEGU\u017d\u0116S 12 D.<\/strong><br \/>\nKas yra \u0161iuolaikinis menas? Svarbiausios datos, bruo\u017eai, ry\u0161kiausi ir brangiausiai parduodami k\u016br\u0117jai.<br \/>\nPaskaitos metu susipa\u017einsime su \u0161iuolaikiniu menu, prad\u0117dami nuo jo i\u0161tak\u0173 XX a. antroje pus\u0117je ir aptardami svarbiausius jo skiriamuosius bruo\u017eus. Ap\u017evelgsime garsiausius menininkus, tarp kuri\u0173 \u2013 u\u017e milijonus eur\u0173 savo darbus parduodantis Damien Hirst, gamtos stichijas atkuriantis Olafur Eliasson, skandalingasis Maurizio Catelan ir socialiai bei politi\u0161kai jautrus Michael Rakowitz, kurio k\u016bryba jau \u0161\u012f ruden\u012f bus pristatyta net keliose meno institucijose Vilniuje.<\/p>\n<p><strong>GEGU\u017d\u0116S 19 D.<\/strong><br \/>\nPresti\u017ein\u0117s pasaulyje ir Lietuvoje vykstan\u010dios \u0161iuolaikinio meno parodos, mug\u0117s ir original\u016bs b\u016bdai jas aplankyti net COVID-19 pandemijos metu.<br \/>\nVakaro metu kalb\u0117sime apie garsiausius pasaulyje ir Lietuvoje veikian\u010dius \u0161iuolaikinio meno centrus ir muziejus, tarp kuri\u0173 Centre Pompidou ir Palais de Tokyo Pary\u017eiuje, Tate Modern Londone, presti\u017ein\u0117s Venecijos ir San Paulo meno bienal\u0117s, kas penkerius metus Kaselyje organizuojama svarbiausia pasaulyje tituluojama paroda \u201eDocumenta\u201c bei prabangios meno mug\u0117s \u201eArt Basel\u201c, vykstan\u010dios Bazelyje, Honkonge ir Majamyje. M\u016bs\u0173 gyvenimo b\u016bdus kardinaliai kei\u010dian\u010dios pandemijos kontekste, susipa\u017einsime kaip patogiai ir net nemokamai jas aplankyti nei\u0161einant i\u0161 nam\u0173.<\/p>\n<p><strong>GEGU\u017d\u0116S 26 D.<\/strong><br \/>\nKolekcionavimo prad\u017eiamokslis: garsiausi kolekcininkai ir vertingi patarimai pradedantiesiems.<br \/>\nSusipa\u017einsime su svarbiausiais kolekcininkais, tarp kuri\u0173 prabangos preki\u0173 grup\u0117s \u201eKering\u201c, valdan\u010dios tokius mados \u017eenklus kaip \u201eGucci\u201c ar \u201eYves Saint Laurent\u201c, \u012fk\u016br\u0117jas ir savininkas, net kelis muziejus Venecijoje \u012fk\u016br\u0119s vienas svarbiausi\u0173 pasaulyje meno kolekcinink\u0173 Fran\u00e7ois Pinault. Taip pat pakalb\u0117sime ir apie Lietuvoje MO muziej\u0173 \u012fk\u016brusius Danguol\u0119 ir Viktor\u0105 Butkus bei vien\u0105 \u012fdomiausi\u0173 Vilniuje \u012fsik\u016brusi\u0173 tarptautinio meno kolekcij\u0173 \u201eLewben Art Foundation\u201c. Nebandydami nieko pralenkti, bet ir nesileisdami b\u016bti u\u017ego\u017etais dideli\u0173 vard\u0173, pakalb\u0117sime kaip ir nuo pradedama kolekcionuoti.<\/p>\n<p>&nbsp;<\/p>\n<p><em>Partneriai:<\/em><br \/>\n<em>1. Fotografijos studija ir rengini\u0173 erdv\u0117 \u201eBrazzi Studios\u201c<\/em><br \/>\n<em>2. Dizaino ir gyvenimo b\u016bdo \u017eurnalas \u201eLam\u0173 sl\u0117nis\u201c<\/em><br \/>\n<em>Vir\u0161elio nuotrauka:Vaidas Jokubauskas Photography<\/em><\/p>\n","protected":false},"excerpt":{"rendered":"<p>Trys \u0161iuolaikinio meno vakarai \u2013 tai \u012ftakingiausi\u0173 meninink\u0173, reik\u0161mingiausi\u0173 \u012fvyki\u0173, garsiausi\u0173 parod\u0173 ir presti\u017eini\u0173 meno mugi\u0173, o taip pat kolekcionavimo princip\u0173 ir paslap\u010di\u0173 pa\u017einimui skirtas laikas.<\/p>\n","protected":false},"featured_media":6619,"template":"","meta":[],"product_cat":[210,211],"product_tag":[222],"class_list":{"0":"post-7432","1":"product","2":"type-product","3":"status-publish","4":"has-post-thumbnail","6":"product_cat-all","7":"product_cat-live","8":"product_tag-2021-en","10":"first","11":"instock","12":"shipping-taxable","13":"product-type-simple"},"acf":[],"_links":{"self":[{"href":"https:\/\/suprastimada.lt\/en\/wp-json\/wp\/v2\/product\/7432"}],"collection":[{"href":"https:\/\/suprastimada.lt\/en\/wp-json\/wp\/v2\/product"}],"about":[{"href":"https:\/\/suprastimada.lt\/en\/wp-json\/wp\/v2\/types\/product"}],"wp:featuredmedia":[{"embeddable":true,"href":"https:\/\/suprastimada.lt\/en\/wp-json\/wp\/v2\/media\/6619"}],"wp:attachment":[{"href":"https:\/\/suprastimada.lt\/en\/wp-json\/wp\/v2\/media?parent=7432"}],"wp:term":[{"taxonomy":"product_cat","embeddable":true,"href":"https:\/\/suprastimada.lt\/en\/wp-json\/wp\/v2\/product_cat?post=7432"},{"taxonomy":"product_tag","embeddable":true,"href":"https:\/\/suprastimada.lt\/en\/wp-json\/wp\/v2\/product_tag?post=7432"}],"curies":[{"name":"wp","href":"https:\/\/api.w.org\/{rel}","templated":true}]}}