{"id":7431,"date":"2023-09-11T13:42:48","date_gmt":"2023-09-11T13:42:48","guid":{"rendered":"https:\/\/suprastimada.lt\/produktas\/pazintiniu-paskaitu-ciklas-mados-uzkulisiai-zoom\/"},"modified":"2023-09-11T13:42:48","modified_gmt":"2023-09-11T13:42:48","slug":"pazintiniu-paskaitu-ciklas-mados-uzkulisiai-zoom","status":"publish","type":"product","link":"https:\/\/suprastimada.lt\/en\/product\/pazintiniu-paskaitu-ciklas-mados-uzkulisiai-zoom\/","title":{"rendered":"PA\u017dINTINI\u0172 PASKAIT\u0172 CIKLAS \u201eMADOS U\u017dKULISIAI\u201c (ZOOM)"},"content":{"rendered":"<p><strong>Paskait\u0173 temos:<\/strong><br \/>\n1. Migl\u0117 Kaz\u0117nait\u0117 \/\/ <strong>KADA REI\u0160KINYS TAMPA MADA: MADINGAS VARTOJIMAS IR MADOS INDUSTRIJOS EKOSISTEMOS.<\/strong><br \/>\n2. Migl\u0117 Kaz\u0117nait\u0117 \/\/ <strong>SUBKULT\u016aROS IR KLASIKA: KAIP MADOS JUD\u0116JIMAS GATV\u0116JE VEIKIA\/\u0116 KLASIKIN\u012e LAIKME\u010cIO KOSTIUM\u0104 LIETUVOJE IR PASAULYJE.<\/strong><br \/>\n3. Deimant\u0117 Bulbenkait\u0117 \/\/ <strong>TENDENCIJ\u0172 LABIRINTAI: \u017dVILGSNIS \u012e NUOLAT KINTAN\u010cIUS MADOS IR M\u016aS\u0172 PA\u010cI\u0172 \u012eGEID\u017dIUS.<\/strong><br \/>\n4. Deimant\u0117 Bulbenkait\u0117 \/\/ <strong>MADOS VARTOJIMAS \u0160IANDIEN IR RYTOJ: NUO MADOS VERSLO PINKLI\u0172 IKI \u017dVILGSNIO \u012e INOVACIJAS BEI MIGLOT\u0104 MADOS ATEIT\u012e.<\/strong><\/p>\n<p><strong>I\u0161klaus\u0119 kurs\u0105 dalyviai:<\/strong><br \/>\nbus susipa\u017ein\u0119 su mados antropologijos ir mados psichologijos tyrimo lauku;<br \/>\ngeb\u0117s pa\u017evelgti \u012f mados istorij\u0105 i\u0161 praktin\u0117s pus\u0117s;<br \/>\ngeb\u0117s perprasi mad\u0105 kaip vizualin\u0119 komunikacijos priemon\u0119, o gautas \u017einias panaudoti prakti\u0161kai;<br \/>\nbus susipa\u017ein\u0119 su \u0161iandieniniais mados verslo procesais;<br \/>\ngeb\u0117s suprasti, kas yra svarbiausia stebint mados industrijos poky\u010dius ir kas juos veikia;<br \/>\nbus susipa\u017ein\u0119, kaip veikia mados komunikacija ir kas j\u0105 padaro efektyvi\u0105;<br \/>\n\u017einos, kokie kokybiniai ir vertybiniai kriterijai tur\u0117t\u0173 b\u016bti taikomi vertinant \u0161iandienin\u0119 mad\u0105;<br \/>\nsusipa\u017eins su mados industrijos profesionalais, kurie detaliai apib\u016bdins savo darb\u0105 ir jo ne\u0161amas naudas bei keliamus i\u0161\u0161\u016bkius.<\/p>\n<p>&nbsp;<\/p>\n<p><em>Partneriai:<\/em><br \/>\n<em>1. Fotografijos studija ir rengini\u0173 erdv\u0117 \u201eBrazzi Studios\u201c<\/em><br \/>\n<em>2. Estetin\u0117s medicinos ir kosmetikos prek\u0117s \u017eenklas \u201eLaboratoires Filorga\u201c<\/em><br \/>\n<em>3. Multibrandin\u0117 mados e-parduotuv\u0117 \u201eSoulz.lt\u201c<\/em><br \/>\n<em>4. Socialini\u0173 moksl\u0173 kolegija SMK<\/em><\/p>\n","protected":false},"excerpt":{"rendered":"<p>Mada mus \u017eavi ir vilioja, bet tuo pa\u010diu glumina bei g\u0105sdina \u2013 kaip ir viskas, ko iki galo nesuprantame ir kas mums apgaubta paslapties migla.<\/p>\n","protected":false},"featured_media":6624,"template":"","meta":[],"product_cat":[210],"product_tag":[221],"class_list":{"0":"post-7431","1":"product","2":"type-product","3":"status-publish","4":"has-post-thumbnail","6":"product_cat-all","7":"product_tag-2020-en","9":"first","10":"instock","11":"shipping-taxable","12":"product-type-simple"},"acf":[],"_links":{"self":[{"href":"https:\/\/suprastimada.lt\/en\/wp-json\/wp\/v2\/product\/7431"}],"collection":[{"href":"https:\/\/suprastimada.lt\/en\/wp-json\/wp\/v2\/product"}],"about":[{"href":"https:\/\/suprastimada.lt\/en\/wp-json\/wp\/v2\/types\/product"}],"wp:featuredmedia":[{"embeddable":true,"href":"https:\/\/suprastimada.lt\/en\/wp-json\/wp\/v2\/media\/6624"}],"wp:attachment":[{"href":"https:\/\/suprastimada.lt\/en\/wp-json\/wp\/v2\/media?parent=7431"}],"wp:term":[{"taxonomy":"product_cat","embeddable":true,"href":"https:\/\/suprastimada.lt\/en\/wp-json\/wp\/v2\/product_cat?post=7431"},{"taxonomy":"product_tag","embeddable":true,"href":"https:\/\/suprastimada.lt\/en\/wp-json\/wp\/v2\/product_tag?post=7431"}],"curies":[{"name":"wp","href":"https:\/\/api.w.org\/{rel}","templated":true}]}}