{"id":7430,"date":"2023-09-11T13:39:47","date_gmt":"2023-09-11T13:39:47","guid":{"rendered":"https:\/\/suprastimada.lt\/produktas\/express-kursas-stiliaus-kurimas-sau-kitiems-ir-objektyvui-2-lygis-zoomgyvai\/"},"modified":"2023-09-11T13:39:47","modified_gmt":"2023-09-11T13:39:47","slug":"express-kursas-stiliaus-kurimas-sau-kitiems-ir-objektyvui-2-lygis-zoomgyvai","status":"publish","type":"product","link":"https:\/\/suprastimada.lt\/en\/product\/express-kursas-stiliaus-kurimas-sau-kitiems-ir-objektyvui-2-lygis-zoomgyvai\/","title":{"rendered":"EXPRESS KURSAS \u201eSTILIAUS K\u016aRIMAS SAU, KITIEMS IR OBJEKTYVUI\u201c. 2 LYGIS. (ZOOM+GYVAI)"},"content":{"rendered":"<p><strong>Apie program\u0105<\/strong><br \/>\n\u0160is express kursas skirtas per trump\u0105 laik\u0105 \u2013 vos tris dienas \u2013 \u012fgyti ne tik teorini\u0173 \u017eini\u0173, bet ir praktini\u0173 j\u0173 taikymo \u012fg\u016bd\u017ei\u0173, ir \u0161\u012fkart praktikos bus net tris kartus daugiau, o tai rei\u0161kia ir tris kartus daugiau nuotrauk\u0173 keliaus \u012f kiekvieno stilisto portfolio!<\/p>\n<p>Kursas temi\u0161kai padalintas \u012f tris dalis \u2013 kasdien kurso dalyviai susipa\u017eins vis su kita stilisto darbo ni\u0161a. Pirmoje dienos pus\u0117je i\u0161girdus teorin\u0119 baz\u0119, tos pa\u010dios dienos popiet\u0119 jau vyks praktin\u0117 fotosesija, kuri\u0105 vainikuos kitos darbo dienos aptarimas ir nauj\u0173 u\u017eduo\u010di\u0173 dalijimas.<\/p>\n<p><strong>I DALIS. TIKSLINIS OBJEKT\u0172 FOTOGRAVAFIMAS<\/strong><br \/>\nKaip pateikti kelnes, rankin\u0119 ar batus poeti\u0161kai ir be modelio? Kaip sukurti istorij\u0105 be gyvo pasakotojo, prakalbinant pa\u010dius daiktus? Kaip atpa\u017einti fotogeni\u0161kiausias objekto puses ir jas sustiprinti i\u0161mintingai taikant objekt\u0173 stiliavimo principus? \u010cia pravers pirmajame stilist\u0173 kurso lygyje \u012fgytos madingo kostiumo ir kalb\u0117jimo vizualais \u017einios bei antrajame lygyje jau i\u0161klausyti pasakojimai apie mados objekt\u0173 pateikimo tendencijas, marketingin\u012f vizual\u0173 nuskaitomum\u0105 ir nebylaus pasakojimo k\u016brimo paslaptis.<\/p>\n<p><strong>II DALIS. PROPORCIJ\u0172 MENAS IR PLUS SIZE \u012eVAIZDIS<\/strong><br \/>\nXXI am\u017eiaus kar\u0161\u010diausia tendencija \u2013 k\u016bnas ir \u012fvairov\u0117, kuri \u0161iuos k\u016bnus jungia bei skiria. S\u0117kmingas stilisto darbas prasideda nuo pasitik\u0117jimo profesin\u0117mis \u017einiomis \u0161ios \u012fvairov\u0117s akivaizdoje. Matemati\u0161kas \u017evilgsnis \u012f k\u016bn\u0173 proporcijas yra \u012fgyjamas, o \u012fgijus \u2013 prakti\u0161kai pritaikomas. Antrajame stilist\u0173 kurso lygyje i\u0161klausysite k\u016bno proporcijoms ir geometrijai skirt\u0105 paskait\u0105, kuri\u0105 prakti\u0161kai pritaikysite \u012fgyvendindami mados fotosesij\u0105 su profesionaliu plus size modeliu.<\/p>\n<p><strong>III DALIS. VYRI\u0160KO \u012eVAIZD\u017dIO I\u0160\u0160\u016aKIAI IR KNOW-HOW<\/strong><br \/>\nKas yra vyri\u0161ka, o kas moteri\u0161ka \u2013 patyrusiam stilistui skamba ir kaip profesinis pok\u0161tas, ir kaip gair\u0117s, o viskas priklauso tik nuo gautos u\u017eduoties ir kliento pageidavim\u0173. Vyri\u0161k\u0173 \u012fvaizd\u017ei\u0173 \u012fvairov\u0117 pasaulin\u0117se mados tendencijos \u0161iandien svaiginan\u010diai plati, ta\u010diau neretai visgi susiduriame su nek\u016brybi\u0161kais ir necharakteringais vyri\u0161kos mados fotosesijos pavyzd\u017eiais, kurie nei puo\u0161ia stilisto portfolio, nei atspindi pasaulyje vyraujan\u010dias tiek sociokult\u016brines, tiek vyri\u0161ko kostiumo tendencijas. Kaip atrakinti vyri\u0161kos fotosesijos charakter\u012f, kaip t\u0105 charakter\u012f kurti \u012fvaizd\u017eiais ir j\u012f i\u0161komunikuoti \u017ei\u016brovui? Antrajame stilist\u0173 kurso lygyje gal\u0117site prakti\u0161kai i\u0161bandyti savo j\u0117gas ir pritaikyti \u012fgytas \u017einias ir \u0161ioje svarbioje stilist\u0173 darbo ni\u0161oje!<\/p>\n<p>&nbsp;<\/p>\n<p><em>Partneriai:<\/em><br \/>\n<em>1. Fotografijos studija ir rengini\u0173 erdv\u0117 \u201eBrazzi Studios\u201c<\/em><br \/>\n<em>2. Estetin\u0117s medicinos ir kosmetikos prek\u0117s \u017eenklas \u201eLaboratoires Filorga\u201c<\/em><br \/>\n<em>3. Multibrandin\u0117 mados e-parduotuv\u0117 \u201eSoulz.lt\u201c<\/em><br \/>\n<em>4. Socialini\u0173 moksl\u0173 kolegija SMK<\/em><\/p>\n","protected":false},"excerpt":{"rendered":"<p>Antrasis edukacinio projekto \u201eSuprasti mad\u0105\u201c kurso stilistams lygis skirtas tiems, kurie jau yra susipa\u017ein\u0119 su stilisto darbo metodika, ta\u010diau prakti\u0161kai dar n\u0117ra i\u0161band\u0119 da\u017enai klient\u0173 reikalaujam\u0173 specifini\u0173, o da\u017enai ir ni\u0161ini\u0173 stilisto darbo kryp\u010di\u0173 \u2013 marketingini\u0173 objekt\u0173, plus size ir vyri\u0161kos mados fotosesijos \u012fgyvendinimo.<\/p>\n","protected":false},"featured_media":6623,"template":"","meta":[],"product_cat":[210],"product_tag":[221],"class_list":{"0":"post-7430","1":"product","2":"type-product","3":"status-publish","4":"has-post-thumbnail","6":"product_cat-all","7":"product_tag-2020-en","9":"first","10":"instock","11":"shipping-taxable","12":"product-type-simple"},"acf":[],"_links":{"self":[{"href":"https:\/\/suprastimada.lt\/en\/wp-json\/wp\/v2\/product\/7430"}],"collection":[{"href":"https:\/\/suprastimada.lt\/en\/wp-json\/wp\/v2\/product"}],"about":[{"href":"https:\/\/suprastimada.lt\/en\/wp-json\/wp\/v2\/types\/product"}],"wp:featuredmedia":[{"embeddable":true,"href":"https:\/\/suprastimada.lt\/en\/wp-json\/wp\/v2\/media\/6623"}],"wp:attachment":[{"href":"https:\/\/suprastimada.lt\/en\/wp-json\/wp\/v2\/media?parent=7430"}],"wp:term":[{"taxonomy":"product_cat","embeddable":true,"href":"https:\/\/suprastimada.lt\/en\/wp-json\/wp\/v2\/product_cat?post=7430"},{"taxonomy":"product_tag","embeddable":true,"href":"https:\/\/suprastimada.lt\/en\/wp-json\/wp\/v2\/product_tag?post=7430"}],"curies":[{"name":"wp","href":"https:\/\/api.w.org\/{rel}","templated":true}]}}