{"id":7429,"date":"2023-09-11T13:34:58","date_gmt":"2023-09-11T13:34:58","guid":{"rendered":"https:\/\/suprastimada.lt\/produktas\/suprasti-mada-arnoldas-remeika-kalbina-mados-antropologe-migle-kazenaite-zoom\/"},"modified":"2023-09-11T13:34:58","modified_gmt":"2023-09-11T13:34:58","slug":"suprasti-mada-arnoldas-remeika-kalbina-mados-antropologe-migle-kazenaite-zoom","status":"publish","type":"product","link":"https:\/\/suprastimada.lt\/en\/product\/suprasti-mada-arnoldas-remeika-kalbina-mados-antropologe-migle-kazenaite-zoom\/","title":{"rendered":"\u201eSUPRASTI MAD\u0104\u201c ARNOLDAS REMEIKA KALBINA MADOS ANTROPOLOG\u0118 MIGL\u0118 KAZ\u0116NAIT\u0118 (ZOOM)"},"content":{"rendered":"<p>\u0160\u012fkart tiesiogin\u0117je Q&amp;A sesijoje i\u0161girsite atsakymus ne tik \u012f A. Remeikos, bet ir \u012f savo M. Kaz\u0117naitei u\u017eduotus klausimus. Juos galite atsi\u0173sti i\u0161 anksto (renginiai@suprastimada.lt) arba u\u017eduoti tiesiogin\u0117s transliacijos metu vasario 11 dien\u0105. Registruokit\u0117s jau \u0161iandien, dalyvi\u0173 skai\u010dius ribotas. Klausim\u0173 spektras apima mad\u0105, jos kult\u016brin\u0119 ir socialin\u0119 reik\u0161m\u0119, jos istorij\u0105, dabart\u012f ir ateit\u012f, mados pramon\u0119 ir jos aktualijas, mados vartojim\u0105 ir jo prognozes, stiliaus k\u016brim\u0105 ir stilisto darb\u0105, taip pat daugel\u012f kit\u0173 tem\u0173 \u2013 atsakysime tiek, kiek sp\u0117sime per numatyt\u0105 laik\u0105.<\/p>\n<p>&nbsp;<\/p>\n<p><em>Cover photo: Darius Mark\u016bnas Photography<\/em><\/p>\n","protected":false},"excerpt":{"rendered":"<p>Mada. Atrodo, k\u0105 dar mums gali apie j\u0105 papasakoti, ko dar ne\u017einome? Ogi daug k\u0105. Ypa\u010d kai klausimus u\u017eduoda mados analitikas Arnoldas Remeika, o juos atsako mados antropolog\u0117, \u017einoma stilist\u0117 Migl\u0117 Kaz\u0117nait\u0117.<\/p>\n","protected":false},"featured_media":6622,"template":"","meta":[],"product_cat":[210],"product_tag":[222],"class_list":{"0":"post-7429","1":"product","2":"type-product","3":"status-publish","4":"has-post-thumbnail","6":"product_cat-all","7":"product_tag-2021-en","9":"first","10":"instock","11":"shipping-taxable","12":"product-type-simple"},"acf":[],"_links":{"self":[{"href":"https:\/\/suprastimada.lt\/en\/wp-json\/wp\/v2\/product\/7429"}],"collection":[{"href":"https:\/\/suprastimada.lt\/en\/wp-json\/wp\/v2\/product"}],"about":[{"href":"https:\/\/suprastimada.lt\/en\/wp-json\/wp\/v2\/types\/product"}],"wp:featuredmedia":[{"embeddable":true,"href":"https:\/\/suprastimada.lt\/en\/wp-json\/wp\/v2\/media\/6622"}],"wp:attachment":[{"href":"https:\/\/suprastimada.lt\/en\/wp-json\/wp\/v2\/media?parent=7429"}],"wp:term":[{"taxonomy":"product_cat","embeddable":true,"href":"https:\/\/suprastimada.lt\/en\/wp-json\/wp\/v2\/product_cat?post=7429"},{"taxonomy":"product_tag","embeddable":true,"href":"https:\/\/suprastimada.lt\/en\/wp-json\/wp\/v2\/product_tag?post=7429"}],"curies":[{"name":"wp","href":"https:\/\/api.w.org\/{rel}","templated":true}]}}