{"id":7428,"date":"2023-09-11T13:30:17","date_gmt":"2023-09-11T13:30:17","guid":{"rendered":"https:\/\/suprastimada.lt\/produktas\/pazintine-paskaita-vintazo-aukso-amzius-zoom\/"},"modified":"2023-09-11T13:30:17","modified_gmt":"2023-09-11T13:30:17","slug":"pazintine-paskaita-vintazo-aukso-amzius-zoom","status":"publish","type":"product","link":"https:\/\/suprastimada.lt\/en\/product\/pazintine-paskaita-vintazo-aukso-amzius-zoom\/","title":{"rendered":"PA\u017dINTIN\u0116 PASKAITA \u201eVINTA\u017dO AUKSO AM\u017dIUS\u201c (ZOOM)"},"content":{"rendered":"<p><strong>APIE TEM\u0104<\/strong><br \/>\n\u0160i paskaita yra teorini\u0173 istorini\u0173 \u017eini\u0173, praktini\u0173 patarim\u0173 ir intelektualios pramogos derinys, kuriame telpa ir vinta\u017eo populiarum\u0105 nul\u0117musi\u0173 globali\u0173 rei\u0161kini\u0173 vertinimas, ir gaus\u016bs praktiniai patarimai, ir d\u0117mes\u012f prikaustan\u010dios istorijos, taip pat vadinamieji fun-facts. Per tris paskaitos valandas i\u0161siai\u0161kinsime, kokie siluetai \u0161iandien atgim\u0117 ir kaip juos derinti, kad i\u0161vengtume grubi\u0173 stiliaus klaid\u0173 vinta\u017eo \u012fkv\u0117ptame stiliuje. Taip pat, su\u017einosite kuo vinta\u017eas skiriasi nuo tiesiog senienos, kur slypi vinta\u017einiai pavojai, kaip vinta\u017einius gaminius pri\u017ei\u016br\u0117ti ir kaip nuo j\u0173 nesusirgti.<br \/>\nTod\u0117l nusiteikite gauti didel\u0119 kokybi\u0161ko, populiaria kalba d\u0117stomo turinio doz\u0119. Paskait\u0105 veda m\u0117gstamiausia (remiantis 2018, 2019 ir 2020 m. m\u016bs\u0173 atlikt\u0173 apklaus\u0173 rezultatais) edukacinio projekto \u201eSuprasti mad\u0105\u201c lektor\u0117, m\u016bs\u0173 projekto K\u016brybos vadov\u0117, kult\u016bros antropolog\u0117, \u017einoma stilist\u0117 ir mados redaktor\u0117 <strong>MIGL\u0116 KAZ\u0116NAIT\u0116.<\/strong><\/p>\n<p>&nbsp;<\/p>\n<p><em>Partneriai:<\/em><br \/>\n<em>1. Fotografijos studija ir rengini\u0173 erdv\u0117 \u201eBrazzi Studios\u201c<\/em><br \/>\n<em>2. Dizaino ir gyvenimo b\u016bdo \u017eurnalas \u201eLam\u0173 sl\u0117nis\u201c<\/em><br \/>\n<em>Cover photo: Vaidas Jokubauskas Photography<\/em><\/p>\n","protected":false},"excerpt":{"rendered":"<p>Vinta\u017eo ir stiliaus \u201eperliuk\u0173\u201c ie\u0161kojimas sendaik\u010di\u0173 ir d\u0117v\u0117t\u0173 r\u016bb\u0173 parduotuv\u0117se i\u0161 ni\u0161inio bohemos u\u017esi\u0117mimo \u0161iandien spar\u010diai tampa vis platesnio pirk\u0117j\u0173 rato pasirinkimu. Kod\u0117l toks daikt\u0173 i\u0161 antr\u0173 rank\u0173 renesansas vyksta b\u016btent dabar?<\/p>\n","protected":false},"featured_media":6621,"template":"","meta":[],"product_cat":[210],"product_tag":[222],"class_list":{"0":"post-7428","1":"product","2":"type-product","3":"status-publish","4":"has-post-thumbnail","6":"product_cat-all","7":"product_tag-2021-en","9":"first","10":"instock","11":"shipping-taxable","12":"product-type-simple"},"acf":[],"_links":{"self":[{"href":"https:\/\/suprastimada.lt\/en\/wp-json\/wp\/v2\/product\/7428"}],"collection":[{"href":"https:\/\/suprastimada.lt\/en\/wp-json\/wp\/v2\/product"}],"about":[{"href":"https:\/\/suprastimada.lt\/en\/wp-json\/wp\/v2\/types\/product"}],"wp:featuredmedia":[{"embeddable":true,"href":"https:\/\/suprastimada.lt\/en\/wp-json\/wp\/v2\/media\/6621"}],"wp:attachment":[{"href":"https:\/\/suprastimada.lt\/en\/wp-json\/wp\/v2\/media?parent=7428"}],"wp:term":[{"taxonomy":"product_cat","embeddable":true,"href":"https:\/\/suprastimada.lt\/en\/wp-json\/wp\/v2\/product_cat?post=7428"},{"taxonomy":"product_tag","embeddable":true,"href":"https:\/\/suprastimada.lt\/en\/wp-json\/wp\/v2\/product_tag?post=7428"}],"curies":[{"name":"wp","href":"https:\/\/api.w.org\/{rel}","templated":true}]}}