{"id":7426,"date":"2023-09-11T13:20:55","date_gmt":"2023-09-11T13:20:55","guid":{"rendered":"https:\/\/suprastimada.lt\/produktas\/express-kursas-drabuziu-devejimo-menas-jai-ir-jam-aprangos-kodai-ir-kasdieniai-ritualai\/"},"modified":"2023-09-11T13:20:55","modified_gmt":"2023-09-11T13:20:55","slug":"express-kursas-drabuziu-devejimo-menas-jai-ir-jam-aprangos-kodai-ir-kasdieniai-ritualai","status":"publish","type":"product","link":"https:\/\/suprastimada.lt\/en\/product\/express-kursas-drabuziu-devejimo-menas-jai-ir-jam-aprangos-kodai-ir-kasdieniai-ritualai\/","title":{"rendered":"EXPRESS KURSAS \u201eDRABU\u017dI\u0172 D\u0116V\u0116JIMO MENAS JAI IR JAM: APRANGOS KODAI IR KASDIENIAI RITUALAI\u201c"},"content":{"rendered":"<p><strong>KURSO TIKSLAS<\/strong><br \/>\nKurso tikslas \u2013 suteikti aktualias praktines \u017einias apie \u012fvaizd\u017eio formavimo ir aprangos kod\u0173 taisykles, kad Tu gal\u0117tum meistri\u0161kai operuoti savo garderobo detal\u0117mis, tuo pa\u010diu taupant savo laik\u0105 ir pinigus, ir pary\u0161kint savo unikali\u0105 tapatyb\u0119. Beje, turime kuo prad\u017eiuginti ir m\u0117gstan\u010dius lau\u017eyti taisykles: lektor\u0117s b\u016btinai pasidalins gudryb\u0117mis, kaip profesionaliai apeiti nuobod\u017eius aprangos kod\u0173 stereotipus ir i\u0161reik\u0161ti savo i\u0161skirtin\u012f skon\u012f nepa\u017eeid\u017eiant etiketo taisykli\u0173. Svarbiausia, kad \u012fgytas \u017einias gal\u0117site \u010dia pat panaudoti atlikdami praktines u\u017eduotis ir kartu su lektor\u0117mis rasti atsakymus \u012f r\u016bpimus stiliaus klausimus, i\u0161analizuoti da\u017eniausiai pasitaikan\u010dias klaidas, gauti patarim\u0173 bei nauding\u0173 tips&amp;tricks.<br \/>\nPo koncentruot\u0173 mokym\u0173, kuriuos pavadinome \u201eDrabu\u017ei\u0173 d\u0117v\u0117jimo menas jai ir jam: aprangos kodai ir kasdieniai ritualai\u201c ir kuriuos sutalpinome \u012f vien\u0105 intensyvi\u0105 dien\u0105, vargu ar v\u0117l teks paj\u016bsti nerim\u0105 d\u0117l savo \u012fvaizd\u017eio \u2013 tik malon\u0173 \u012fkv\u0117pim\u0105 ir dar labiau i\u0161augus\u012f pasitik\u0117jim\u0105 savimi.<\/p>\n<p>&nbsp;<\/p>\n<p><em>Partneriai:<\/em><br \/>\n<em>1. Fotografijos studija ir rengini\u0173 erdv\u0117 \u201eBrazzi Studios\u201c<\/em><br \/>\n<em>2. Dizaino ir gyvenimo b\u016bdo \u017eurnalas \u201eLam\u0173 sl\u0117nis\u201c<\/em><br \/>\n<em>Cover photo: Vaidas Jokubauskas Photography<\/em><\/p>\n","protected":false},"excerpt":{"rendered":"<div>Nuoseklus, aprangos kod\u0173 ir drabu\u017ei\u0173 d\u0117v\u0117jimo taisykli\u0173 i\u0161manymu paremtas \u012fvaizdis ne tik taikliai i\u0161rei\u0161kia Tavo gyvenimi\u0161k\u0105 pozicij\u0105, bet ir padeda jausti pasitik\u0117jim\u0105 savimi tiek darbe, tiek kasdieniame gyvenime ar ypatingomis progomis.<\/div>\n","protected":false},"featured_media":6620,"template":"","meta":[],"product_cat":[210,211],"product_tag":[222],"class_list":{"0":"post-7426","1":"product","2":"type-product","3":"status-publish","4":"has-post-thumbnail","6":"product_cat-all","7":"product_cat-live","8":"product_tag-2021-en","10":"first","11":"instock","12":"shipping-taxable","13":"product-type-simple"},"acf":[],"_links":{"self":[{"href":"https:\/\/suprastimada.lt\/en\/wp-json\/wp\/v2\/product\/7426"}],"collection":[{"href":"https:\/\/suprastimada.lt\/en\/wp-json\/wp\/v2\/product"}],"about":[{"href":"https:\/\/suprastimada.lt\/en\/wp-json\/wp\/v2\/types\/product"}],"wp:featuredmedia":[{"embeddable":true,"href":"https:\/\/suprastimada.lt\/en\/wp-json\/wp\/v2\/media\/6620"}],"wp:attachment":[{"href":"https:\/\/suprastimada.lt\/en\/wp-json\/wp\/v2\/media?parent=7426"}],"wp:term":[{"taxonomy":"product_cat","embeddable":true,"href":"https:\/\/suprastimada.lt\/en\/wp-json\/wp\/v2\/product_cat?post=7426"},{"taxonomy":"product_tag","embeddable":true,"href":"https:\/\/suprastimada.lt\/en\/wp-json\/wp\/v2\/product_tag?post=7426"}],"curies":[{"name":"wp","href":"https:\/\/api.w.org\/{rel}","templated":true}]}}