{"id":7424,"date":"2023-09-11T13:10:11","date_gmt":"2023-09-11T13:10:11","guid":{"rendered":"https:\/\/suprastimada.lt\/produktas\/suprasti-mada-sezono-atidarymas-viskas-ka-siandien-butina-suprasti-apie-mada-2\/"},"modified":"2023-09-11T13:10:11","modified_gmt":"2023-09-11T13:10:11","slug":"suprasti-mada-sezono-atidarymas-viskas-ka-siandien-butina-suprasti-apie-mada-2","status":"publish","type":"product","link":"https:\/\/suprastimada.lt\/en\/product\/suprasti-mada-sezono-atidarymas-viskas-ka-siandien-butina-suprasti-apie-mada-2\/","title":{"rendered":"\u201eSuprasti mad\u0105\u201c sezono atidarymas: viskas, k\u0105 \u0161iandien b\u016btina suprasti apie mad\u0105"},"content":{"rendered":"<p>\u0160\u012fkart pasirinkome ne\u012fprast\u0105 diskusijos format\u0105: dvi ilgamet\u0117s projekto d\u0117stytojos \u2013 mados istorik\u0117 <strong>Migl\u0117 Kaz\u0117nait\u0117<\/strong> ir mados analitik\u0117 <strong>Deimant\u0117 Bulbenkait\u0117<\/strong> \u2013 viena kitai u\u017eduos po penkis klausimus, o tada prat\u0119sti klausim\u0173 sesij\u0105 gal\u0117s visi diskusijos \u017ei\u016brovai \u2013 t.y. j\u016bs.<\/p>\n<p>Be abejo, kaip ir visuomet sezono prad\u017eioje, kalba suksis apie kar\u0161\u010diausias mados industrijos aktualijas, svarbius poky\u010dius, j\u0173 \u012ftak\u0105 mums \u2013 pramon\u0117s dalyviams, vartotojams, tiesiog steb\u0117tojams. Taip pat kalb\u0117sime apie \u0161io sezono mokym\u0173 temas ir j\u0173 aktualum\u0105, norin\u010dius i\u0161kart registruosime \u012f paskaitas (su spec. nuolaida \u2013 skaitykite \u017eemiau).<\/p>\n<p>Laiko b\u016btinai paliksime ir j\u016bs\u0173 klausimams, kuriuos galite atsi\u0173sti i\u0161 anksto (ruta@suprastimada.lt) arba u\u017eduoti tiesiogin\u0117s transliacijos metu rugs\u0117jo 9 dien\u0105.<\/p>\n<p>Registruokit\u0117s jau \u0161iandien, dalyvi\u0173 skai\u010dius ribotas. Klausim\u0173 spektras apima mados pramon\u0119 ir jos aktualijas, mados vartojim\u0105 ir jo prognozes, mad\u0105 ir jos istorij\u0105, dabart\u012f ir ateit\u012f, kult\u016brin\u0119 ir socialin\u0119 reik\u0161m\u0119, stiliaus k\u016brim\u0105 ir stilisto darb\u0105, taip pat daugel\u012f kit\u0173 tem\u0173 \u2013 atsakysime tiek, kiek sp\u0117sime per numatyt\u0105 laik\u0105.<\/p>\n<p>&nbsp;<\/p>\n<p>Vir\u0161elio nuotrauka:<br \/>\nFotograf\u0117: Aura Skulskyt\u0117 @skulskyte<br \/>\nModeliai: Dovydas Strimaitis @dovy_mhm, Nikita @faux.nik<br \/>\nStilius: Migl\u0117 Kaz\u0117nait\u0117 @kazenaitemigleMua: Inga Narmonte @inganarmonte<\/p>\n","protected":false},"excerpt":{"rendered":"<p>Naujojo edukacinio projekto \u201eSuprasti mad\u0105\u201c sezono atidarymo proga tradici\u0161kai pristatome online rengin\u012f-diskusij\u0105, \u012f kuri\u0105 kvie\u010diame visus m\u016bs\u0173 bendruomen\u0117s narius ir kuri visiems jums bus nemokama.<\/p>\n","protected":false},"featured_media":6618,"template":"","meta":[],"product_cat":[210,211],"product_tag":[222],"class_list":{"0":"post-7424","1":"product","2":"type-product","3":"status-publish","4":"has-post-thumbnail","6":"product_cat-all","7":"product_cat-live","8":"product_tag-2021-en","10":"first","11":"instock","12":"shipping-taxable","13":"product-type-simple"},"acf":[],"_links":{"self":[{"href":"https:\/\/suprastimada.lt\/en\/wp-json\/wp\/v2\/product\/7424"}],"collection":[{"href":"https:\/\/suprastimada.lt\/en\/wp-json\/wp\/v2\/product"}],"about":[{"href":"https:\/\/suprastimada.lt\/en\/wp-json\/wp\/v2\/types\/product"}],"wp:featuredmedia":[{"embeddable":true,"href":"https:\/\/suprastimada.lt\/en\/wp-json\/wp\/v2\/media\/6618"}],"wp:attachment":[{"href":"https:\/\/suprastimada.lt\/en\/wp-json\/wp\/v2\/media?parent=7424"}],"wp:term":[{"taxonomy":"product_cat","embeddable":true,"href":"https:\/\/suprastimada.lt\/en\/wp-json\/wp\/v2\/product_cat?post=7424"},{"taxonomy":"product_tag","embeddable":true,"href":"https:\/\/suprastimada.lt\/en\/wp-json\/wp\/v2\/product_tag?post=7424"}],"curies":[{"name":"wp","href":"https:\/\/api.w.org\/{rel}","templated":true}]}}