{"id":7423,"date":"2023-09-11T13:03:43","date_gmt":"2023-09-11T13:03:43","guid":{"rendered":"https:\/\/suprastimada.lt\/produktas\/pazintine-paskaita-parfumerijos-dnr-viskas-apie-kvepalus-ir-ju-devejimo-kultura-zoom\/"},"modified":"2023-09-11T13:03:43","modified_gmt":"2023-09-11T13:03:43","slug":"pazintine-paskaita-parfumerijos-dnr-viskas-apie-kvepalus-ir-ju-devejimo-kultura-zoom","status":"publish","type":"product","link":"https:\/\/suprastimada.lt\/en\/product\/pazintine-paskaita-parfumerijos-dnr-viskas-apie-kvepalus-ir-ju-devejimo-kultura-zoom\/","title":{"rendered":"PA\u017dINTIN\u0116 PASKAITA \u201ePARFUMERIJOS DNR: VISKAS APIE KVEPALUS IR J\u0172 D\u0116V\u0116JIMO KULT\u016aR\u0104\u201c (ZOOM)"},"content":{"rendered":"<p><strong>PA\u017dINTIN\u0116S PASKAITOS METU LEKTOR\u0116 ATSAKYS \u012e \u0160IUOS KLAUSIMUS:<\/strong><br \/>\n\u2013 Kvepalai \u2013 kas tai, i\u0161 kur tai, kam tai. Trumpas turtingos kvapo ir \u017emogaus santyki\u0173 istorijos pristatymas.<br \/>\n\u2013 Modernioji parfumerija 20-ajame am\u017eiuje. Laikas, kai parfumerija tapo prieinama visiems ir kaip tai paveik\u0117 mados bei gro\u017eio industrij\u0105 ir vartotoj\u0173 savivert\u0119 bei savivok\u0105.<br \/>\n\u2013 D\u0117v\u0117ti kvepalus = d\u0117v\u0117ti meno k\u016brin\u012f. Parfumerijos ir vartotoj\u0173 transformacijos 21-ajame am\u017eiuje: ni\u0161in\u0117s parfumerijos i\u0161kilimas ir i\u0161nykimas; riboti luxury leidimai; autorin\u0117 parfumerija; individual\u016bs aromatai.<br \/>\n\u2013 Kvepal\u0173 d\u0117v\u0117jimo kult\u016bra Lietuvoje, turint did\u017eiausias parfumerijos produkt\u0173 pasirinkimo galimybes Ryt\u0173 \/ \u0160iaur\u0117s Europoje.<br \/>\n\u2013 Atsikv\u0117pimui: trumpai ir ai\u0161kiai apie visiems \u017einomus parfumerinius mitus: \u201evyri\u0161ka\u201c ir \u201emoteri\u0161ka\u201c parfumerija; \u201ear ilgai kvepaliukai laiko\u201c; \u201epagerinti\u201c testeriai parduotuvi\u0173 lentynose ir t.t.<br \/>\nLaiko paliksime ir klausim\u0173-atsakym\u0173 sesijai, tad \u017eym\u0117kit\u0117s klausimus jau dabar!<\/p>\n<p><strong>Apie lektor\u0119:<\/strong><br \/>\nPaskaitos lektor\u0117 Edita Vigelyt\u0117 yra pirmojo Lietuvoje registruoto parfumerijos prek\u0117s \u017eenklo FUMparFUM \/ created by Aistis Mickevi\u010dius prekybos ir prezentacij\u0173 vadybinink\u0117, virtualios autorini\u0173 kvepal\u0173 erdv\u0117s SCENT Syndicate \u012fk\u016br\u0117ja, i\u0161skirtin\u0117s parfumerijos prek\u0117s \u017eenkl\u0173 agent\u0117, kvepal\u0173 d\u0117v\u0117jimo kult\u016bros edukator\u0117.<\/p>\n","protected":false},"excerpt":{"rendered":"<p>Kvepalus kaip asmenin\u0117s rai\u0161kos priemon\u0119 pripa\u017e\u012fstame visi. Bet ar tikrai \u017einome, koki\u0173 kvepal\u0173 b\u016bna, kuo jie skiriasi, kaip i\u0161sirinkti tinkamiausius, kaip nepermok\u0117ti ir kaip suprasti vert\u0119?<\/p>\n","protected":false},"featured_media":6617,"template":"","meta":[],"product_cat":[210],"product_tag":[222],"class_list":{"0":"post-7423","1":"product","2":"type-product","3":"status-publish","4":"has-post-thumbnail","6":"product_cat-all","7":"product_tag-2021-en","9":"first","10":"instock","11":"shipping-taxable","12":"product-type-simple"},"acf":[],"_links":{"self":[{"href":"https:\/\/suprastimada.lt\/en\/wp-json\/wp\/v2\/product\/7423"}],"collection":[{"href":"https:\/\/suprastimada.lt\/en\/wp-json\/wp\/v2\/product"}],"about":[{"href":"https:\/\/suprastimada.lt\/en\/wp-json\/wp\/v2\/types\/product"}],"wp:featuredmedia":[{"embeddable":true,"href":"https:\/\/suprastimada.lt\/en\/wp-json\/wp\/v2\/media\/6617"}],"wp:attachment":[{"href":"https:\/\/suprastimada.lt\/en\/wp-json\/wp\/v2\/media?parent=7423"}],"wp:term":[{"taxonomy":"product_cat","embeddable":true,"href":"https:\/\/suprastimada.lt\/en\/wp-json\/wp\/v2\/product_cat?post=7423"},{"taxonomy":"product_tag","embeddable":true,"href":"https:\/\/suprastimada.lt\/en\/wp-json\/wp\/v2\/product_tag?post=7423"}],"curies":[{"name":"wp","href":"https:\/\/api.w.org\/{rel}","templated":true}]}}