{"id":7422,"date":"2023-09-11T12:59:33","date_gmt":"2023-09-11T12:59:33","guid":{"rendered":"https:\/\/suprastimada.lt\/produktas\/pazintine-paskaita-mada-ir-queer-kultura-itakos-bei-reiksmes-zoom\/"},"modified":"2023-09-11T12:59:33","modified_gmt":"2023-09-11T12:59:33","slug":"pazintine-paskaita-mada-ir-queer-kultura-itakos-bei-reiksmes-zoom","status":"publish","type":"product","link":"https:\/\/suprastimada.lt\/en\/product\/pazintine-paskaita-mada-ir-queer-kultura-itakos-bei-reiksmes-zoom\/","title":{"rendered":"PA\u017dINTIN\u0116 PASKAITA \u201eMADA IR QUEER KULT\u016aRA: \u012eTAKOS BEI REIK\u0160M\u0116S\u201c (ZOOM)"},"content":{"rendered":"<p><strong>APIE PASKAIT\u0104<\/strong><br \/>\n\u0160i paskaita, parengta konsultuojantis su Queer kult\u016bros \u017einovais, k\u016br\u0117jais, dalyviais bei tyr\u0117jais, pad\u0117s geriau suprasti, kod\u0117l b\u016btent queer kult\u016bros ind\u0117lis madoje dabar toks aktualus. Tiek istori\u0161kai, formuojantis aprangos kult\u016bros standartams, tiek \u0161iandien, kai tuos standartus pama\u017eu imame griauti. Paskaitos metu su\u017einosite, kaip madoje atskleid\u017eiama lyti\u0161kumo ir seksualumo problematika, kaip mada atiduoda duokl\u0119 Queer bendruomenei ir kod\u0117l tiek met\u0173 apie visa tai tiesiog nekalb\u0117jome, o \u0161iandien atvirai \u017eavim\u0117s \u012fvairiausiomis Queer k\u016brybos formomis, kuri\u0173 atsieti nuo mados ne\u012fmanoma.<\/p>\n<p>Paskaitos autor\u0117 mados \u017eurnalist\u0117, analitik\u0117, preki\u0173 \u017eenkl\u0173 konsultant\u0117, lektor\u0117 <strong>DEIMANT\u0116 BULBENKAIT\u0116<\/strong>, queer k\u016bryb\u0105 kaip mados kult\u016bros dal\u012f nagrin\u0117jusi tiek akademiniame lauke, tiek publicistiniuose tekstuose bei vie\u0161ose paskaitose.<\/p>\n","protected":false},"excerpt":{"rendered":"<p>Kas yra vyri\u0161ka, o kas moteri\u0161ka, kas ka\u017ekur u\u017e \u0161it\u0173 rib\u0173? Kieno \u017evilgsniui priklauso mados seksualumas? O gal klausti toki\u0173 klausim\u0173 jau i\u0161vis nebereikia?<\/p>\n","protected":false},"featured_media":6616,"template":"","meta":[],"product_cat":[210],"product_tag":[222],"class_list":{"0":"post-7422","1":"product","2":"type-product","3":"status-publish","4":"has-post-thumbnail","6":"product_cat-all","7":"product_tag-2021-en","9":"first","10":"instock","11":"shipping-taxable","12":"product-type-simple"},"acf":[],"_links":{"self":[{"href":"https:\/\/suprastimada.lt\/en\/wp-json\/wp\/v2\/product\/7422"}],"collection":[{"href":"https:\/\/suprastimada.lt\/en\/wp-json\/wp\/v2\/product"}],"about":[{"href":"https:\/\/suprastimada.lt\/en\/wp-json\/wp\/v2\/types\/product"}],"wp:featuredmedia":[{"embeddable":true,"href":"https:\/\/suprastimada.lt\/en\/wp-json\/wp\/v2\/media\/6616"}],"wp:attachment":[{"href":"https:\/\/suprastimada.lt\/en\/wp-json\/wp\/v2\/media?parent=7422"}],"wp:term":[{"taxonomy":"product_cat","embeddable":true,"href":"https:\/\/suprastimada.lt\/en\/wp-json\/wp\/v2\/product_cat?post=7422"},{"taxonomy":"product_tag","embeddable":true,"href":"https:\/\/suprastimada.lt\/en\/wp-json\/wp\/v2\/product_tag?post=7422"}],"curies":[{"name":"wp","href":"https:\/\/api.w.org\/{rel}","templated":true}]}}