{"id":7421,"date":"2023-09-11T12:25:49","date_gmt":"2023-09-11T12:25:49","guid":{"rendered":"https:\/\/suprastimada.lt\/produktas\/express-mokymai-stiliaus-kurimas-sau-kitiems-ir-objektyvui-gyvai\/"},"modified":"2023-09-11T12:25:49","modified_gmt":"2023-09-11T12:25:49","slug":"express-mokymai-stiliaus-kurimas-sau-kitiems-ir-objektyvui-gyvai","status":"publish","type":"product","link":"https:\/\/suprastimada.lt\/en\/product\/express-mokymai-stiliaus-kurimas-sau-kitiems-ir-objektyvui-gyvai\/","title":{"rendered":"EXPRESS MOKYMAI \u201eSTILIAUS K\u016aRIMAS SAU, KITIEMS IR OBJEKTYVUI\u201c (GYVAI)"},"content":{"rendered":"<p>Kurs\u0173 metu apie darb\u0105 su visu b\u016briu Lietuvos scenos \u017evaig\u017ed\u017ei\u0173 ir stiliaus k\u016brim\u0105 \u0161ou verslo renginiams, filmavimams, koncertams ir promo fotosesijoms papasakos diplomuota mados dizainer\u0117 ir \u017einoma stilist\u0117 <strong>RIMANT\u0116 RIMGAILAIT\u0116<\/strong>, \u0161iuo metu vystanti asmenin\u012f prek\u0117s \u017eenkl\u0105 \u201eRimante Rimgailaite costume\u201c. Apie kalb\u0117jim\u0105 vizualais ir simboliais, taip pat ir apie svarb\u0173 stilisto vaidmen\u012f reklamos k\u016brime pasakos laisvai samdoma meno vadov\u0117, mados ir reklamini\u0173 kampanij\u0173 fotograf\u0117 <strong>AURA SKULSKYT\u0116<\/strong>. Master-klas\u0119 apie makia\u017eo svarb\u0105 \u012fvaizd\u017eio k\u016brime jums praves tarptautin\u0117s grimo ir viza\u017eo akademijos SLA Academy Vilnius \u012fk\u016br\u0117ja, Monako televizijos festivalio grimer\u0117 <strong>GRIT\u0116 MARU\u0160KEVI\u010cI\u016aT\u0116-TAMO\u0160I\u016aN\u0116.<\/strong> Apie savo patirt\u012f su asmeninio stiliaus k\u016brimu bei darb\u0105 su stilistais papasakos \u017einoma nuomon\u0117s formuotoja, verslinink\u0117, savo vardo mados nam\u0173 ir populiaraus plius dyd\u017eio prek\u0117s \u017eenklo moterims \u012fk\u016br\u0117ja <strong>ERIKA VITULSKIEN\u0116<\/strong>, kuri mielai sutiko pasidalinti ir \u012fvaizd\u017eio k\u016brimo plius dyd\u017eio moterims aktualijomis bei paslaptimis.<\/p>\n<p>Visk\u0105 vainikuos praktiniai darbai ir fotosesija, kurioje bus \u012fam\u017eintas kiekvieno studento finalinis darbas \u2013 jis, beje, gali tapti puikia prad\u017eia rimtam stilisto portfolio. Fotosesij\u0105 kursite ir apie fotosesijos proceso u\u017ekulisius su\u017einosite kartu su pastaruoju metu vienu geid\u017eiamiausi\u0173 mados fotograf\u0173 <strong>VAIDU JOKUBAUSKU<\/strong>, kuris taip pat yra ir patyr\u0119s mados parduotuvi\u0173 vizualistas \u2013 apie \u0161i\u0105 savo patirt\u012f jis taip pat pasakoja mokym\u0173 metu.<\/p>\n<p>Vis\u0173 dalyvi\u0173 darbai su vardiniais pamin\u0117jimais bus publikuojami m\u016bs\u0173 pa\u010di\u0173 ir m\u016bs\u0173 partneri\u0173 socialini\u0173 medij\u0173 kanaluose. Jeigu dar neturite Instagram paskyros \u2013 b\u016btinai paskub\u0117kite j\u0105 susikurti, nes ji yra kiekvieno stilisto darb\u0173 vitrina.<\/p>\n<p><strong>REZULTATAI<\/strong><br \/>\nBaig\u0119 trij\u0173 dien\u0173 kursus dalyviai:<br \/>\n\u2013 bus i\u0161klaus\u0119 trump\u0105 mados ir stiliaus istorijos kurs\u0105;<br \/>\n\u2013 bus susipa\u017ein\u0119 su stilisto darbo kryptimis ir j\u0173 skirtumais bei pana\u0161umais;<br \/>\n\u2013 i\u0161moks manipuliuoti vizualais ir atpa\u017einti asociatyvias formas, kurdami mados ir asmeninius \u012fvaizd\u017eius;<br \/>\n\u2013 bus susipa\u017ein\u0119 su klasikini\u0173 \u012fvaizd\u017ei\u0173 \u012fvairove ir drabu\u017ei\u0173 komunikacijos ABC;<br \/>\n\u2013 i\u0161moks pasiruo\u0161ti fotosesijai ir u\u017esitikrinti skland\u0173 darb\u0105 aik\u0161tel\u0117je;<br \/>\n\u2013 bus susipa\u017ein\u0119 su mados stilisto darbo metodika;<br \/>\n\u2013 \u012fgyvendins mados fotosesij\u0105.<\/p>\n<p>&nbsp;<\/p>\n<p><em>Cover photo: Vaidas Jokubauskas Photography<\/em><\/p>\n","protected":false},"excerpt":{"rendered":"<p>\u201eS\u0105moningas \u012fvaizd\u017eio konstravimas: stiliaus k\u016brimas sau, kitiems ir objektyvui\u201c ir skirtas b\u016btent tiems pradedantiems stilistams ir dar tik besidomintiems \u0161iuo darbu. Visiems tiems, kurie nori kurti asmenin\u012f stili\u0173 tiek sau, tiek kitiems, taip pat dirbti su komerciniais u\u017esakymais, bet ko besiimt\u0173 \u2013 daryt\u0173 tai profesionaliai, i\u0161 esm\u0117s, su teoriniu pagrindu ir su praktiniu pasiruo\u0161imu.<\/p>\n","protected":false},"featured_media":6615,"template":"","meta":[],"product_cat":[210,211],"product_tag":[222],"class_list":{"0":"post-7421","1":"product","2":"type-product","3":"status-publish","4":"has-post-thumbnail","6":"product_cat-all","7":"product_cat-live","8":"product_tag-2021-en","10":"first","11":"instock","12":"shipping-taxable","13":"product-type-simple"},"acf":[],"_links":{"self":[{"href":"https:\/\/suprastimada.lt\/en\/wp-json\/wp\/v2\/product\/7421"}],"collection":[{"href":"https:\/\/suprastimada.lt\/en\/wp-json\/wp\/v2\/product"}],"about":[{"href":"https:\/\/suprastimada.lt\/en\/wp-json\/wp\/v2\/types\/product"}],"wp:featuredmedia":[{"embeddable":true,"href":"https:\/\/suprastimada.lt\/en\/wp-json\/wp\/v2\/media\/6615"}],"wp:attachment":[{"href":"https:\/\/suprastimada.lt\/en\/wp-json\/wp\/v2\/media?parent=7421"}],"wp:term":[{"taxonomy":"product_cat","embeddable":true,"href":"https:\/\/suprastimada.lt\/en\/wp-json\/wp\/v2\/product_cat?post=7421"},{"taxonomy":"product_tag","embeddable":true,"href":"https:\/\/suprastimada.lt\/en\/wp-json\/wp\/v2\/product_tag?post=7421"}],"curies":[{"name":"wp","href":"https:\/\/api.w.org\/{rel}","templated":true}]}}