{"id":7416,"date":"2024-03-13T17:47:35","date_gmt":"2024-03-13T17:47:35","guid":{"rendered":"https:\/\/suprastimada.lt\/produktas\/express-mokymai-stiliaus-kurimas-sau-kitiems-ir-objektyvui-gyvai-2\/"},"modified":"2024-03-13T17:47:35","modified_gmt":"2024-03-13T17:47:35","slug":"express-mokymai-stiliaus-kurimas-sau-kitiems-ir-objektyvui-gyvai-2","status":"publish","type":"product","link":"https:\/\/suprastimada.lt\/en\/product\/express-mokymai-stiliaus-kurimas-sau-kitiems-ir-objektyvui-gyvai-2\/","title":{"rendered":"EXPRESS MOKYMAI: STILIAUS K\u016aRIMAS SAU, KITIEMS IR OBJEKTYVUI | GYVAI"},"content":{"rendered":"<p><strong>APIE LEKTORIUS IR SVE\u010cIUS<\/strong><\/p>\n<p><b>MIGL\u0116 KAZ\u0116NAIT\u0116\u00a0<\/b><\/p>\n<p><span style=\"font-weight: 400;\">Viena pagrindini\u0173 edukacinio mokym\u0173 kurso \u201eS\u0105moningas \u012fvaizd\u017eio k\u016brimas: Stiliaus k\u016brimas sau, kitiems ir objektyvui\u201d lektori\u0173 \u2013 Migl\u0117 Kaz\u0117nait\u0117, kuri yra mados ir televizijos stilist\u0117, kostium\u0173 dailinink\u0117, KSU universiteto Mados antropologijos d\u0117stytoja. Praeityje leidini\u0173 \u201ePanel\u0117\u201c , \u201eCosmopolitan\u201c, \u201eL\u2018officiel\u201c mados redaktor\u0117.<\/span><\/p>\n<p><span style=\"font-weight: 400;\">Su mados antropologe galima \u012f visas gyvenimo sritis pa\u017evelgti per mados prizm\u0119. Lektor\u0117, kuriai mados tema n\u0117ra rib\u0173, mokymuose pasidalins \u017einiomis i\u0161 antropologijos perspektyvos, taip pat vertingomis savo asmenin\u0117mis \u012f\u017evalgomis ir taikomais terminais.\u00a0<\/span><\/p>\n<p><b><span class=\"OYPEnA text-decoration-none text-strikethrough-none\">BALTOS VARNOS<\/span> <\/b><\/p>\n<p><span class=\"OYPEnA text-decoration-none text-strikethrough-none\">\u201eBaltos varnos\u201c \u2013 Lietuvos muzikos grup\u0117. Tai seser\u0173 dvyni\u0173 Teres\u0117s ir Mildos Andrijauskai\u010di\u0173 sukurta muzikos grup\u0117.<\/span><\/p>\n<p><b>RIMANT\u0116 RIMGAILAIT\u0116\u00a0<\/b><\/p>\n<p><span style=\"font-weight: 400;\">Diplomuota mados dizainer\u0117, bakalauro ir magistro studijas baigusi Vilniaus dail\u0117s akademijoje, \u0161iuo metu dirba kaip drabu\u017ei\u0173 dizainer\u0117 ir lektor\u0117.<\/span><\/p>\n<p><span style=\"font-weight: 400;\">Talentinga, dr\u0105si ir \u012f k\u016brybines avanti\u016bras nebijanti leistis drabu\u017ei\u0173 dizainer\u0117 jau ne vienerius metus gars\u0117ja i\u0161skirtiniais proginiais bei ekstravaganti\u0161kais sceniniais drabu\u017eiais, kuriais mielai puo\u0161iasi ir Lietuvos padang\u0117s \u017evaig\u017edynas. 2023 m. surengusi savo pirm\u0105j\u012f kolekcijos \u201eNarcizas\u201c pristatym\u0105.<\/span><\/p>\n<p><strong>EDGARAS RUDZINSKAS\u00a0<\/strong><\/p>\n<p><span style=\"font-weight: 400;\">Mados verslo atstovas, InAvati prekinio \u017eenklo vadovas ir UAB Siulved\u0117 vykdantysis direktorius. Per 19 met\u0173 mados pasaulyje dirb\u0119s skirtingose mados sferose kaip stilistas, vizualistas, vyst\u0119s savo versl\u0105, bei vadovav\u0119s skirting\u0173 tarptautini\u0173 prek\u0117s \u017eenkl\u0173 pl\u0117trai Baltijos \u0161ali\u0173 regione.<br \/>\n<\/span><\/p>\n<p><b>ROBERT MISHKA<\/b><\/p>\n<p><span style=\"font-weight: 400;\">Fotografas, baig\u0119s Taikomosios fotografijos mokslus Vilniaus Dizaino kolegijoje, turi 10 met\u0173 patirt\u012f fotografijoje. Jo k\u016brybiniai darbai ir nuotraukos publikuotos tokiuose Lietuvos mados \u017eurnaluose kaip \u201eLam\u0173 sl\u0117nis\u201d, \u201eMoteris\u201d, \u201eL\u2019officiel\u201d. Darbo patirtis Amerikoje, tokiose agent\u016brose, kaip \u201eElite\u201d, \u201eLink Models\u201d, \u201eWilhelmina\u201d.<\/span><\/p>\n","protected":false},"excerpt":{"rendered":"<p>\u201eS\u0105moningas \u012fvaizd\u017eio konstravimas: stiliaus k\u016brimas sau, kitiems ir objektyvui\u201c ir skirtas b\u016btent tiems pradedantiems stilistams ir dar tik besidomintiems \u0161iuo darbu. Visiems tiems, kurie nori kurti asmenin\u012f stili\u0173 tiek sau, tiek kitiems, taip pat dirbti su komerciniais u\u017esakymais, bet ko besiimt\u0173 \u2013 daryt\u0173 tai profesionaliai, i\u0161 esm\u0117s, su teoriniu pagrindu ir su praktiniu pasiruo\u0161imu.<\/p>\n","protected":false},"featured_media":6851,"template":"","meta":[],"product_cat":[210,211],"product_tag":[224],"class_list":{"0":"post-7416","1":"product","2":"type-product","3":"status-publish","4":"has-post-thumbnail","6":"product_cat-all","7":"product_cat-live","8":"product_tag-2024-en","10":"first","11":"instock","12":"shipping-taxable","13":"purchasable","14":"product-type-simple"},"acf":[],"_links":{"self":[{"href":"https:\/\/suprastimada.lt\/en\/wp-json\/wp\/v2\/product\/7416"}],"collection":[{"href":"https:\/\/suprastimada.lt\/en\/wp-json\/wp\/v2\/product"}],"about":[{"href":"https:\/\/suprastimada.lt\/en\/wp-json\/wp\/v2\/types\/product"}],"wp:featuredmedia":[{"embeddable":true,"href":"https:\/\/suprastimada.lt\/en\/wp-json\/wp\/v2\/media\/6851"}],"wp:attachment":[{"href":"https:\/\/suprastimada.lt\/en\/wp-json\/wp\/v2\/media?parent=7416"}],"wp:term":[{"taxonomy":"product_cat","embeddable":true,"href":"https:\/\/suprastimada.lt\/en\/wp-json\/wp\/v2\/product_cat?post=7416"},{"taxonomy":"product_tag","embeddable":true,"href":"https:\/\/suprastimada.lt\/en\/wp-json\/wp\/v2\/product_tag?post=7416"}],"curies":[{"name":"wp","href":"https:\/\/api.w.org\/{rel}","templated":true}]}}