{"id":7414,"date":"2023-09-11T12:17:58","date_gmt":"2023-09-11T12:17:58","guid":{"rendered":"https:\/\/suprastimada.lt\/produktas\/pazintiniu-paskaitu-ciklas-trys-mados-istorijos-vakarai-zoom\/"},"modified":"2023-09-11T12:17:58","modified_gmt":"2023-09-11T12:17:58","slug":"pazintiniu-paskaitu-ciklas-trys-mados-istorijos-vakarai-zoom","status":"publish","type":"product","link":"https:\/\/suprastimada.lt\/en\/product\/pazintiniu-paskaitu-ciklas-trys-mados-istorijos-vakarai-zoom\/","title":{"rendered":"PA\u017dINTINI\u0172 PASKAIT\u0172 CIKLAS \u201eTRYS MADOS ISTORIJOS VAKARAI\u201c (ZOOM)"},"content":{"rendered":"<p><strong>VAKARAS 1 \/\/ GRUOD\u017dIO 1 D. NUO CATHERINE DE MEDICI IKI GABRIELLE CHANEL: \u012eTAKINGIAUSIOS MADOS IKONOS<\/strong><br \/>\nKas, kada ir kod\u0117l \u012fkv\u0117p\u0117 istorinius kostiumo poky\u010dius? Kada atsirado pirmieji madingo kostiumo ir pa\u017ei\u016br\u0173 nuomon\u0117s formuotojai? Kokie buvo pirm\u0173j\u0173 nuomon\u0117s formuotoj\u0173 metodai, kaip tiksliai jie keit\u0117 laikmet\u012f ir kokie j\u0173 nuopelnai?\u012esp\u016bdinga istorin\u0117 kelion\u0117 \u012fsp\u016bding\u0173 asmenybi\u0173 kompanijoje: kvie\u010diame susipa\u017einti \u012fsp\u016bding\u0105j\u0105 Catherine De Medici, baroko gra\u017euole Madam De Montespan, darboholiku Liudviku XIV-uoju, kompleksuota El\u017ebieta I-\u0105ja, mad\u0105 kaip vie\u0161uosius ry\u0161ius suvokusia Marija Antuanete, kilni\u0105ja Madam De Pompadur, mados inovatore karaliene Viktorija, \u012ftaking\u0105ja Gabrielle Chanel ir nepamir\u0161tama Marilyn Monroe.<\/p>\n<p><strong>VAKARAS 2 \/\/ GRUOD\u017dIO 8 D. MONARCHIJOS \u017dLUGIMAS, SEKSUALIN\u0116 REVOLIUCIJA IR KLIMATO KAITA: MADING\u0104 KOSTIUM\u0104 PAKEIT\u0118 \u012eVYKIAI<\/strong><br \/>\nMada \u2013 visuomen\u0117s veidrodis. Taip pasak\u0117 garsusis Baroko epochos nuomon\u0117s formuotojas, absoliutinis monarchas Liudvikas XIV. Turint galvoje kit\u0105 \u0161ios istorin\u0117s asmenyb\u0117s fraz\u0119 \u201evalstyb\u0117 \u2013 tai a\u0161, ponai\u201c, mad\u0105 ir visuomen\u0119 \u0161is monarchas suvok\u0117 gerokai siauriau nei der\u0117t\u0173. Visgi Liudvikas XIV buvo visai teisus \u2013 mada tikrai yra visuomen\u0117s veidrodis, bet k\u0105 gi tuomet atspindi mini sijonas, juodi renesanso auk\u0161tuomen\u0117s dantys, klasikinis vyri\u0161kas kostiumas, bomberio \u0161varkelis ar moteri\u0161ka liemen\u0117l\u0117?<\/p>\n<p><strong>VAKARAS 3 \/\/ GRUOD\u017dIO 15 D.NE TIK DAIKTAI: VISA TIESA APIE ELITIN\u0118 KOJIN\u0118, SKRYB\u0116L\u0118-\u017dUDIK\u0118, KOVING\u0104 AUK\u0160TAKULN\u012e IR REKLAMINIUS DEIMANTUS<\/strong><br \/>\nAksesuar\u0173 \u017eaidimas \u2013 ne tik istorin\u0117 komunikacijos priemon\u0117 koketuojant v\u0117duokle. Kartais tai ir politin\u0117s nuomon\u0117s i\u0161rai\u0161ka, vietos po saule demonstravimo priemon\u0117 ar savoti\u0161kas pasas, leid\u0119s m\u0117gautis priveligijuot\u0173j\u0173 pramogomis. Stiliaus druska vadinami aksesuarai nuo seno laikomi subtiliausiais mados kalbos \u017eodeliais. O kada ir kod\u0117l kojin\u0117s buvo tik elito d\u017eiaugsmas, skryb\u0117l\u0117s \u017eud\u0117, auk\u0161takulniai vyko \u012f kar\u0105, apykakl\u0117s tarnavo kaip politin\u0117s galios i\u0161rai\u0161ka arba smaug\u0117 d\u017eentelmenus, kuo legendin\u0117 Birkin rankin\u0117 skiriasi nuo legendin\u0117s Kelly rankin\u0117s, ir kod\u0117l deimantai tapo s\u0117kmingiausiai i\u0161reklamuota prabangos preke \u2013 su\u017einosite jau visai netrukus!<\/p>\n<p>&nbsp;<\/p>\n<p><em>Vir\u0161elio nuotrauka: Vaidas Jokubauskas Photography<\/em><\/p>\n","protected":false},"excerpt":{"rendered":"<p>Svarbiausi mados istorijos faktai ir \u012fvykiai, ir kaip jie pakeit\u0117 m\u016bs\u0173 pasaul\u012f. Tai tikr\u0173 tikriausia pramoga intelektualams, kurie m\u0117gsta leistis \u012f ekskursijas po praeit\u012f, pagardintas lektoriaus \u012f\u017evalgomis ir istorini\u0173 fakt\u0173 vertinimais.<\/p>\n","protected":false},"featured_media":6595,"template":"","meta":[],"product_cat":[210],"product_tag":[222],"class_list":{"0":"post-7414","1":"product","2":"type-product","3":"status-publish","4":"has-post-thumbnail","6":"product_cat-all","7":"product_tag-2021-en","9":"first","10":"instock","11":"shipping-taxable","12":"product-type-simple"},"acf":[],"_links":{"self":[{"href":"https:\/\/suprastimada.lt\/en\/wp-json\/wp\/v2\/product\/7414"}],"collection":[{"href":"https:\/\/suprastimada.lt\/en\/wp-json\/wp\/v2\/product"}],"about":[{"href":"https:\/\/suprastimada.lt\/en\/wp-json\/wp\/v2\/types\/product"}],"wp:featuredmedia":[{"embeddable":true,"href":"https:\/\/suprastimada.lt\/en\/wp-json\/wp\/v2\/media\/6595"}],"wp:attachment":[{"href":"https:\/\/suprastimada.lt\/en\/wp-json\/wp\/v2\/media?parent=7414"}],"wp:term":[{"taxonomy":"product_cat","embeddable":true,"href":"https:\/\/suprastimada.lt\/en\/wp-json\/wp\/v2\/product_cat?post=7414"},{"taxonomy":"product_tag","embeddable":true,"href":"https:\/\/suprastimada.lt\/en\/wp-json\/wp\/v2\/product_tag?post=7414"}],"curies":[{"name":"wp","href":"https:\/\/api.w.org\/{rel}","templated":true}]}}