{"id":7413,"date":"2023-09-28T12:10:03","date_gmt":"2023-09-28T12:10:03","guid":{"rendered":"https:\/\/suprastimada.lt\/produktas\/suprasti-mada-naujojo-sezono-atidarymas\/"},"modified":"2023-09-28T12:10:03","modified_gmt":"2023-09-28T12:10:03","slug":"suprasti-mada-naujojo-sezono-atidarymas","status":"publish","type":"product","link":"https:\/\/suprastimada.lt\/en\/product\/suprasti-mada-naujojo-sezono-atidarymas\/","title":{"rendered":",,SUPRASTI MAD\u0104\u201d NAUJOJO SEZONO ATIDARYMAS"},"content":{"rendered":"<p>\u201eSuprasti mad\u0105\u201c projektas sugr\u012f\u017eta!<\/p>\n<p>Kvie\u010diame visus bendruomen\u0117s narius \u012f naujo sezono atidarymo rengin\u012f, kuris vyks \u0161.m spalio 5 d. 18:00 val. Taikomosios dail\u0117s ir dizaino muziejuje, Vilniuje.<\/p>\n<p>Susitikime susipa\u017einti, jungtis ir atrasti nauj\u0173 kontakt\u0173! Skub\u0117kite registruotis, renginys nemokamas.<\/p>\n","protected":false},"excerpt":{"rendered":"<p>Kvie\u010diame \u012f naujojo ,,Suprasti mad\u0105\u2019\u2019 sezono atidarym\u0105<\/p>\n","protected":false},"featured_media":6673,"template":"","meta":[],"product_cat":[210],"product_tag":[223],"class_list":{"0":"post-7413","1":"product","2":"type-product","3":"status-publish","4":"has-post-thumbnail","6":"product_cat-all","7":"product_tag-2023-en","9":"first","10":"instock","11":"shipping-taxable","12":"product-type-simple"},"acf":[],"_links":{"self":[{"href":"https:\/\/suprastimada.lt\/en\/wp-json\/wp\/v2\/product\/7413"}],"collection":[{"href":"https:\/\/suprastimada.lt\/en\/wp-json\/wp\/v2\/product"}],"about":[{"href":"https:\/\/suprastimada.lt\/en\/wp-json\/wp\/v2\/types\/product"}],"wp:featuredmedia":[{"embeddable":true,"href":"https:\/\/suprastimada.lt\/en\/wp-json\/wp\/v2\/media\/6673"}],"wp:attachment":[{"href":"https:\/\/suprastimada.lt\/en\/wp-json\/wp\/v2\/media?parent=7413"}],"wp:term":[{"taxonomy":"product_cat","embeddable":true,"href":"https:\/\/suprastimada.lt\/en\/wp-json\/wp\/v2\/product_cat?post=7413"},{"taxonomy":"product_tag","embeddable":true,"href":"https:\/\/suprastimada.lt\/en\/wp-json\/wp\/v2\/product_tag?post=7413"}],"curies":[{"name":"wp","href":"https:\/\/api.w.org\/{rel}","templated":true}]}}