{"id":7411,"date":"2023-09-25T06:38:56","date_gmt":"2023-09-25T06:38:56","guid":{"rendered":"https:\/\/suprastimada.lt\/produktas\/is-ko-gaminami-musu-drabuziai-kaip-klasifikuojami-audiniai-ir-kurie-is-ju-yra-draugiskiausi-mums-vilnius\/"},"modified":"2023-09-25T06:38:56","modified_gmt":"2023-09-25T06:38:56","slug":"is-ko-gaminami-musu-drabuziai-kaip-klasifikuojami-audiniai-ir-kurie-is-ju-yra-draugiskiausi-mums-vilnius","status":"publish","type":"product","link":"https:\/\/suprastimada.lt\/en\/product\/is-ko-gaminami-musu-drabuziai-kaip-klasifikuojami-audiniai-ir-kurie-is-ju-yra-draugiskiausi-mums-vilnius\/","title":{"rendered":"TVARUMAS MADOS PRAMON\u0116JE | ONLINE"},"content":{"rendered":"<p><span style=\"font-weight: 400;\">Olesia Les \u2013 mados dizainer\u0117. K\u016bryboje remiasi vienu i\u0161 tvarumo princip\u0173 \u2013 perdarymu (angl. upcycling). Jos dom\u0117jimasis tvarumo tema prasid\u0117jo prie\u0161 11 met\u0173 Londone. Vienai i\u0161 tvarumo kryp\u010di\u0173 skyr\u0117 savo \u201eMados in\u017einerijos\u201c magistro darb\u0105 KTU. Nuo to laiko po\u017ei\u016bris \u012f tvarum\u0105 ir jo populiarumas pasaulyje pasikeit\u0117 kardinaliai, kaip ir jos po\u017ei\u016bris \u012f mados pasaul\u012f ir pramon\u0119. Jau 11 met\u0173 ie\u0161ko tvarumo madoje ir dalinasi savo atradimais.<\/span><\/p>\n","protected":false},"excerpt":{"rendered":"<p><span style=\"font-weight: 400;\">Tvarumas ten, tvarumas \u010dia, tvarumas visur. Tvarios keln\u0117s, tvarus \u0161amp\u016bnas, tvarus plaktukas. Viskas visur tvaru, bet ne visai tvaru, kartais pusiau tvaru. <\/span><span style=\"font-weight: 400;\">Tai kas, po velni\u0173, tas tvarumas? Kokias gyvenimo sritis jis palie\u010dia? Kokios yra jo r\u016b\u0161ys? Kaip atskirti tikr\u0105j\u012f tvarum\u0105 nuo prekybini\u0173 manipuliacij\u0173?<\/span><\/p>\n","protected":false},"featured_media":6633,"template":"","meta":[],"product_cat":[210],"product_tag":[223],"class_list":{"0":"post-7411","1":"product","2":"type-product","3":"status-publish","4":"has-post-thumbnail","6":"product_cat-all","7":"product_tag-2023-en","9":"first","10":"instock","11":"virtual","12":"purchasable","13":"product-type-simple"},"acf":[],"_links":{"self":[{"href":"https:\/\/suprastimada.lt\/en\/wp-json\/wp\/v2\/product\/7411"}],"collection":[{"href":"https:\/\/suprastimada.lt\/en\/wp-json\/wp\/v2\/product"}],"about":[{"href":"https:\/\/suprastimada.lt\/en\/wp-json\/wp\/v2\/types\/product"}],"wp:featuredmedia":[{"embeddable":true,"href":"https:\/\/suprastimada.lt\/en\/wp-json\/wp\/v2\/media\/6633"}],"wp:attachment":[{"href":"https:\/\/suprastimada.lt\/en\/wp-json\/wp\/v2\/media?parent=7411"}],"wp:term":[{"taxonomy":"product_cat","embeddable":true,"href":"https:\/\/suprastimada.lt\/en\/wp-json\/wp\/v2\/product_cat?post=7411"},{"taxonomy":"product_tag","embeddable":true,"href":"https:\/\/suprastimada.lt\/en\/wp-json\/wp\/v2\/product_tag?post=7411"}],"curies":[{"name":"wp","href":"https:\/\/api.w.org\/{rel}","templated":true}]}}