{"id":7409,"date":"2023-09-25T05:47:11","date_gmt":"2023-09-25T05:47:11","guid":{"rendered":"https:\/\/suprastimada.lt\/produktas\/siuolaikine-lietuviska-virtuve-kas-tai-yra-kaip-formavosi-siandieniniai-valgymo-iprociai-kokie-istoriniai-ivykiai-tai-leme\/"},"modified":"2024-09-29T11:54:33","modified_gmt":"2024-09-29T11:54:33","slug":"siuolaikine-lietuviska-virtuve-kas-tai-yra-kaip-formavosi-siandieniniai-valgymo-iprociai-kokie-istoriniai-ivykiai-tai-leme","status":"publish","type":"product","link":"https:\/\/suprastimada.lt\/en\/product\/siuolaikine-lietuviska-virtuve-kas-tai-yra-kaip-formavosi-siandieniniai-valgymo-iprociai-kokie-istoriniai-ivykiai-tai-leme\/","title":{"rendered":"LIETUVI\u0160KAS GASTRONOMINIS IDENTITETAS, KOKS JIS?"},"content":{"rendered":"<p><span style=\"font-weight: 400;\">Evaldas<strong> \u017daliukas<\/strong> &#8211; virtuv\u0117s \u0161efas, baig\u0119s vien\u0105 seniausi\u0173 pasaulyje vir\u0117j\u0173 mokykl\u0173 ,,Westminster Kingsway College\u201c koled\u017e\u0105 Londone. Dirbo ir s\u0117m\u0117si patirties \u017eymiuose Londono restoranuose. Aktyviai kovoja u\u017e sveik\u0105 maitinim\u0105 dar\u017eelinukams, mokiniams, ligoniams. Veda mokymus, seminarus vir\u0117jams. Kulinarini\u0173 knyg\u0173 \u201cDid\u017eioji lietuvi\u0173 valgi\u0173 knyga\u201d ir \u201c\u0160iuolaikin\u0117 lietuvi\u0173 virtuv\u0117 tradicijos ir dabartis\u201d bendraautorius. Projekto ir knygos &#8220;52 kartai&#8221; dalyvis, bendraautorius. Knygos \u201eBaltic Chefs Cookbook\u201c bendraautorius. Kulinarini\u0173 straipsni\u0173 autorius, lektorius, mentorius, poetas, ra\u0161ytojas, keliautojas, lietuvi\u0161ko maisto ir gastronomijos istorijos tyrin\u0117tojas. 2013 metais atstovavo Lietuv\u0105, viename did\u017eiausi\u0173 kulinarini\u0173 festivali\u0173 \u201eTaste of London\u201c. Tarptautin\u0117s \u0161ef\u0173 asociacijos \u201eAREGALA\u201c, AREGALA LITHUANIA vice prezidentas ir oficialus direktorius \u201c\u0160efai be sien\u0173\u201d Baltijos \u0161alims. Pasaulin\u0117s asociacijos \u201eChefs Sans Frontieres\u201c ( CSF \u2013 \u0161efai be sien\u0173) Ambasadorius Lietuvai. Gastronominio performanso \u201eMaisto misterija\u201c autorius.<\/span><\/p>\n<p>&nbsp;<\/p>\n<p><img decoding=\"async\" class=\"lazyload alignnone wp-image-6366\" src=\"https:\/\/suprastimada.lt\/wp-content\/uploads\/2023\/09\/Zaliukas2.jpg\" data-orig-src=\"https:\/\/suprastimada.lt\/wp-content\/uploads\/2023\/09\/Zaliukas2.jpg\" alt=\"\" width=\"462\" height=\"320\" srcset=\"data:image\/svg+xml,%3Csvg%20xmlns%3D%27http%3A%2F%2Fwww.w3.org%2F2000%2Fsvg%27%20width%3D%27462%27%20height%3D%27320%27%20viewBox%3D%270%200%20462%20320%27%3E%3Crect%20width%3D%27462%27%20height%3D%27320%27%20fill-opacity%3D%220%22%2F%3E%3C%2Fsvg%3E\" data-srcset=\"https:\/\/suprastimada.lt\/wp-content\/uploads\/2023\/09\/Zaliukas2-200x138.jpg 200w, https:\/\/suprastimada.lt\/wp-content\/uploads\/2023\/09\/Zaliukas2-400x277.jpg 400w, https:\/\/suprastimada.lt\/wp-content\/uploads\/2023\/09\/Zaliukas2-500x346.jpg 500w, https:\/\/suprastimada.lt\/wp-content\/uploads\/2023\/09\/Zaliukas2-600x415.jpg 600w, https:\/\/suprastimada.lt\/wp-content\/uploads\/2023\/09\/Zaliukas2-700x485.jpg 700w, https:\/\/suprastimada.lt\/wp-content\/uploads\/2023\/09\/Zaliukas2-768x532.jpg 768w, https:\/\/suprastimada.lt\/wp-content\/uploads\/2023\/09\/Zaliukas2-800x554.jpg 800w, https:\/\/suprastimada.lt\/wp-content\/uploads\/2023\/09\/Zaliukas2-1024x709.jpg 1024w, https:\/\/suprastimada.lt\/wp-content\/uploads\/2023\/09\/Zaliukas2.jpg 1073w\" data-sizes=\"auto\" data-orig-sizes=\"(max-width: 462px) 100vw, 462px\" \/> <img decoding=\"async\" class=\"lazyload alignnone wp-image-6367\" src=\"https:\/\/suprastimada.lt\/wp-content\/uploads\/2023\/09\/1313337-596989-1287x836-1.jpg\" data-orig-src=\"https:\/\/suprastimada.lt\/wp-content\/uploads\/2023\/09\/1313337-596989-1287x836-1.jpg\" alt=\"\" width=\"476\" height=\"320\" srcset=\"data:image\/svg+xml,%3Csvg%20xmlns%3D%27http%3A%2F%2Fwww.w3.org%2F2000%2Fsvg%27%20width%3D%27476%27%20height%3D%27320%27%20viewBox%3D%270%200%20476%20320%27%3E%3Crect%20width%3D%27476%27%20height%3D%27320%27%20fill-opacity%3D%220%22%2F%3E%3C%2Fsvg%3E\" data-srcset=\"https:\/\/suprastimada.lt\/wp-content\/uploads\/2023\/09\/1313337-596989-1287x836-1-200x134.jpg 200w, https:\/\/suprastimada.lt\/wp-content\/uploads\/2023\/09\/1313337-596989-1287x836-1-400x268.jpg 400w, https:\/\/suprastimada.lt\/wp-content\/uploads\/2023\/09\/1313337-596989-1287x836-1-500x335.jpg 500w, https:\/\/suprastimada.lt\/wp-content\/uploads\/2023\/09\/1313337-596989-1287x836-1-600x403.jpg 600w, https:\/\/suprastimada.lt\/wp-content\/uploads\/2023\/09\/1313337-596989-1287x836-1-700x470.jpg 700w, https:\/\/suprastimada.lt\/wp-content\/uploads\/2023\/09\/1313337-596989-1287x836-1-768x515.jpg 768w, https:\/\/suprastimada.lt\/wp-content\/uploads\/2023\/09\/1313337-596989-1287x836-1-800x537.jpg 800w, https:\/\/suprastimada.lt\/wp-content\/uploads\/2023\/09\/1313337-596989-1287x836-1.jpg 960w\" data-sizes=\"auto\" data-orig-sizes=\"(max-width: 476px) 100vw, 476px\" \/><\/p>\n<p>&nbsp;<\/p>\n<p>&nbsp;<\/p>\n","protected":false},"excerpt":{"rendered":"<div class=\"xdj266r x11i5rnm xat24cr x1mh8g0r x1vvkbs x126k92a\">\n<div dir=\"auto\">Kvie\u010diame apetit\u0105 \u017eadinan\u010diam susitikimui, kuriame \u0161efas Evaldas \u017daliukas supa\u017eindins su lietuvi\u0161ku gastronominiu identitetu, jo \u0161aknimis bei kryptimi, kuria \u0161ie patiekalai vystysis ateityje.<\/div>\n<\/div>\n<div class=\"x11i5rnm xat24cr x1mh8g0r x1vvkbs xtlvy1s x126k92a\">\n<div dir=\"auto\"><\/div>\n<\/div>\n","protected":false},"featured_media":6822,"template":"","meta":[],"product_cat":[210,211],"product_tag":[224],"class_list":{"0":"post-7409","1":"product","2":"type-product","3":"status-publish","4":"has-post-thumbnail","6":"product_cat-all","7":"product_cat-live","8":"product_tag-2024-en","10":"first","11":"instock","12":"shipping-taxable","13":"purchasable","14":"product-type-simple"},"acf":[],"_links":{"self":[{"href":"https:\/\/suprastimada.lt\/en\/wp-json\/wp\/v2\/product\/7409"}],"collection":[{"href":"https:\/\/suprastimada.lt\/en\/wp-json\/wp\/v2\/product"}],"about":[{"href":"https:\/\/suprastimada.lt\/en\/wp-json\/wp\/v2\/types\/product"}],"wp:featuredmedia":[{"embeddable":true,"href":"https:\/\/suprastimada.lt\/en\/wp-json\/wp\/v2\/media\/6822"}],"wp:attachment":[{"href":"https:\/\/suprastimada.lt\/en\/wp-json\/wp\/v2\/media?parent=7409"}],"wp:term":[{"taxonomy":"product_cat","embeddable":true,"href":"https:\/\/suprastimada.lt\/en\/wp-json\/wp\/v2\/product_cat?post=7409"},{"taxonomy":"product_tag","embeddable":true,"href":"https:\/\/suprastimada.lt\/en\/wp-json\/wp\/v2\/product_tag?post=7409"}],"curies":[{"name":"wp","href":"https:\/\/api.w.org\/{rel}","templated":true}]}}