{"id":7407,"date":"2023-09-25T06:11:40","date_gmt":"2023-09-25T06:11:40","guid":{"rendered":"https:\/\/suprastimada.lt\/produktas\/mados-technologijos-3-paskaita-digital\/"},"modified":"2023-09-25T06:11:40","modified_gmt":"2023-09-25T06:11:40","slug":"mados-technologijos-3-paskaita-digital","status":"publish","type":"product","link":"https:\/\/suprastimada.lt\/en\/product\/mados-technologijos-3-paskaita-digital\/","title":{"rendered":"MADOS TECHNOLOGIJOS, INOVACIJOS IR SKAITMENIN\u0116S MADOS SPRENDIMAI"},"content":{"rendered":"<p><span style=\"font-weight: 400;\">Paskaitos metu a\u017evelgsime, kaip kei\u010diasi vartotojo identitetai, verslo modeliai, kurie vis daugiau fokusuojasi \u012f virtuali\u0173 erdvi\u0173 aktyvacijas &#8211; metavisatos mados savaites, virtualius showroomus, avatarus, virtualius influencerius ir daug kit\u0173 \u012f virtuali\u0105 komercij\u0105 orientuot\u0173 sprendim\u0173. Taip pat paskaitos metu i\u0161moksime susikurti savo virtual\u0173 showroom\u0105.<\/span><\/p>\n<p><span style=\"font-weight: 400;\"><strong>Odeta Jac\u0117<\/strong> &#8211; naujos kartos technologij\u0173 strateg\u0117, tarptautin\u0117 mados technologij\u0173 (angl.fashiontech) ekspert\u0117, vizionier\u0117. B\u016bdama ateities \u012f\u017evalg\u0173 agent\u016bros Storyfounders \u012fk\u016br\u0117ja, ji dirba su inovacijomis, ateities tendencijomis ir technologijomis. Daugiausia savo d\u0117mesio Odeta skiria ateities vartotojo analizei, skaitmenin\u0117s kult\u016bros (ang. digital culture) tyrimams ir \u012ftraukian\u010dioms naujos kartos technologijoms &#8211; padeda verslams \u012fgyvendinti skaitmenin\u0117s transformacijos projektus, konsultuoja skaitmenini\u0173 naujovi\u0173, klient\u0173 elgsenos poky\u010di\u0173, interaktyvi\u0173 skaitmenini\u0173, ateit\u012f diktuojan\u010di\u0173, patir\u010di\u0173 (papildyta realyb\u0117, metavisata, avatarai, virtualios erdv\u0117s ir t.t.) klausimais.<\/span><\/p>\n","protected":false},"excerpt":{"rendered":"<p><span style=\"font-weight: 400;\">\u201eMados technologij\u0173&#8221; paskaitos metu analizuosime, kod\u0117l technologijos tokios svarbios madai, kokias gr\u0117smes madai \u0161ios inovacijos slepia, kaip kei\u010diasi vartoj\u0173 algsena, kaip atrodys ateities vartotojas ir gamintojai, kaip dizaineriai, verslai bei patys vartotojai gali pasitelkti inovacij\u0173, naujovi\u0173 ir technologij\u0173 gali\u0105 sukuriant ypatingesnias, tvaresnes, \u012f klient\u0105 labiau orientuotas patirtis.<\/span><\/p>\n","protected":false},"featured_media":6630,"template":"","meta":[],"product_cat":[210],"product_tag":[223],"class_list":{"0":"post-7407","1":"product","2":"type-product","3":"status-publish","4":"has-post-thumbnail","6":"product_cat-all","7":"product_tag-2023-en","9":"first","10":"instock","11":"virtual","12":"purchasable","13":"product-type-simple"},"acf":[],"_links":{"self":[{"href":"https:\/\/suprastimada.lt\/en\/wp-json\/wp\/v2\/product\/7407"}],"collection":[{"href":"https:\/\/suprastimada.lt\/en\/wp-json\/wp\/v2\/product"}],"about":[{"href":"https:\/\/suprastimada.lt\/en\/wp-json\/wp\/v2\/types\/product"}],"wp:featuredmedia":[{"embeddable":true,"href":"https:\/\/suprastimada.lt\/en\/wp-json\/wp\/v2\/media\/6630"}],"wp:attachment":[{"href":"https:\/\/suprastimada.lt\/en\/wp-json\/wp\/v2\/media?parent=7407"}],"wp:term":[{"taxonomy":"product_cat","embeddable":true,"href":"https:\/\/suprastimada.lt\/en\/wp-json\/wp\/v2\/product_cat?post=7407"},{"taxonomy":"product_tag","embeddable":true,"href":"https:\/\/suprastimada.lt\/en\/wp-json\/wp\/v2\/product_tag?post=7407"}],"curies":[{"name":"wp","href":"https:\/\/api.w.org\/{rel}","templated":true}]}}