{"id":7406,"date":"2023-09-25T06:18:01","date_gmt":"2023-09-25T06:18:01","guid":{"rendered":"https:\/\/suprastimada.lt\/produktas\/is-ko-gaminami-musu-drabuziai-kaip-klasifikuojami-audiniai-ir-kurie-is-ju-yra-draugiskiausi-mums\/"},"modified":"2023-09-25T06:18:01","modified_gmt":"2023-09-25T06:18:01","slug":"is-ko-gaminami-musu-drabuziai-kaip-klasifikuojami-audiniai-ir-kurie-is-ju-yra-draugiskiausi-mums","status":"publish","type":"product","link":"https:\/\/suprastimada.lt\/en\/product\/is-ko-gaminami-musu-drabuziai-kaip-klasifikuojami-audiniai-ir-kurie-is-ju-yra-draugiskiausi-mums\/","title":{"rendered":"MED\u017dIAGOS  \u2013 I\u0160 KO GAMINAMI M\u016aS\u0172 DRABU\u017dIAI IR KAIP KLASIFIKUOJAMI AUDINIAI? | ONLINE"},"content":{"rendered":"<p>Mados dizainer\u0117 Olesia Les kuria remdamasi vienu i\u0161 tvarumo princip\u0173 \u2013 perdarymu (angl. upcycling). Jos dom\u0117jimasis tvarumo tema prasid\u0117jo prie\u0161 11 met\u0173 kuomet ji gyveno Londone. Vienai i\u0161 tvarumo kryp\u010di\u0173 skyr\u0117 savo \u201eMados in\u017einerijos\u201c magistro darb\u0105 KTU. Nuo to laiko po\u017ei\u016bris \u012f tvarum\u0105 ir jo populiarumas pasaulyje pasikeit\u0117 kardinaliai, kaip ir jos po\u017ei\u016bris \u012f mados pasaul\u012f ir pramon\u0119, kaip vien\u0105 i\u0161 jo \u0161ak\u0173. Jau daugiau nei 11 met\u0173 dizainer\u0117 ie\u0161ko tvarumo madoje ir dalinasi savo atradimais.<\/p>\n<p>&nbsp;<\/p>\n<p><img decoding=\"async\" class=\"lazyload alignnone wp-image-6364\" src=\"https:\/\/suprastimada.lt\/wp-content\/uploads\/2023\/09\/BriceBarrett_Web_0005-1.jpg\" data-orig-src=\"https:\/\/suprastimada.lt\/wp-content\/uploads\/2023\/09\/BriceBarrett_Web_0005-1.jpg\" alt=\"\" width=\"400\" height=\"600\" srcset=\"data:image\/svg+xml,%3Csvg%20xmlns%3D%27http%3A%2F%2Fwww.w3.org%2F2000%2Fsvg%27%20width%3D%27400%27%20height%3D%27600%27%20viewBox%3D%270%200%20400%20600%27%3E%3Crect%20width%3D%27400%27%20height%3D%27600%27%20fill-opacity%3D%220%22%2F%3E%3C%2Fsvg%3E\" data-srcset=\"https:\/\/suprastimada.lt\/wp-content\/uploads\/2023\/09\/BriceBarrett_Web_0005-1-200x300.jpg 200w, https:\/\/suprastimada.lt\/wp-content\/uploads\/2023\/09\/BriceBarrett_Web_0005-1-333x500.jpg 333w, https:\/\/suprastimada.lt\/wp-content\/uploads\/2023\/09\/BriceBarrett_Web_0005-1-400x600.jpg 400w, https:\/\/suprastimada.lt\/wp-content\/uploads\/2023\/09\/BriceBarrett_Web_0005-1-500x750.jpg 500w, https:\/\/suprastimada.lt\/wp-content\/uploads\/2023\/09\/BriceBarrett_Web_0005-1-600x900.jpg 600w, https:\/\/suprastimada.lt\/wp-content\/uploads\/2023\/09\/BriceBarrett_Web_0005-1-683x1024.jpg 683w, https:\/\/suprastimada.lt\/wp-content\/uploads\/2023\/09\/BriceBarrett_Web_0005-1-700x1050.jpg 700w, https:\/\/suprastimada.lt\/wp-content\/uploads\/2023\/09\/BriceBarrett_Web_0005-1-768x1152.jpg 768w, https:\/\/suprastimada.lt\/wp-content\/uploads\/2023\/09\/BriceBarrett_Web_0005-1-800x1200.jpg 800w, https:\/\/suprastimada.lt\/wp-content\/uploads\/2023\/09\/BriceBarrett_Web_0005-1-1024x1536.jpg 1024w, https:\/\/suprastimada.lt\/wp-content\/uploads\/2023\/09\/BriceBarrett_Web_0005-1-1200x1800.jpg 1200w, https:\/\/suprastimada.lt\/wp-content\/uploads\/2023\/09\/BriceBarrett_Web_0005-1.jpg 1365w\" data-sizes=\"auto\" data-orig-sizes=\"(max-width: 400px) 100vw, 400px\" \/><\/p>\n","protected":false},"excerpt":{"rendered":"<p><span style=\"font-weight: 400;\">Seminaro metu lektor\u0117 supa\u017eindins i\u0161 ko gaminami m\u016bs\u0173 drabu\u017eiai, kaip klasifikuojami audiniai ir kurie i\u0161 j\u0173 yra draugi\u0161kiausi mums. Ap\u017evelgsime nat\u016brali\u0173 ir sintetini\u0173 audini\u0173 privalumus bei tr\u016bkumus. Susipa\u017einsime su tradiciniais audini\u0173 prie\u017ei\u016bros b\u016bdais ir pa\u010diais i\u0161radingiausiais lifehack&#8217;ais. Suteiksime Jums \u012frankius patiems b\u016bti ekspertais kiekvieno J\u016bs\u0173 apsipirkimo metu, i\u0161vengti pavoj\u0173, tykan\u010di\u0173 tekstil\u0117je ir daryti naudingiausius pasirinkimus Jums.<\/span><\/p>\n","protected":false},"featured_media":6817,"template":"","meta":[],"product_cat":[210],"product_tag":[224],"class_list":{"0":"post-7406","1":"product","2":"type-product","3":"status-publish","4":"has-post-thumbnail","6":"product_cat-all","7":"product_tag-2024-en","9":"first","10":"instock","11":"virtual","12":"purchasable","13":"product-type-simple"},"acf":[],"_links":{"self":[{"href":"https:\/\/suprastimada.lt\/en\/wp-json\/wp\/v2\/product\/7406"}],"collection":[{"href":"https:\/\/suprastimada.lt\/en\/wp-json\/wp\/v2\/product"}],"about":[{"href":"https:\/\/suprastimada.lt\/en\/wp-json\/wp\/v2\/types\/product"}],"wp:featuredmedia":[{"embeddable":true,"href":"https:\/\/suprastimada.lt\/en\/wp-json\/wp\/v2\/media\/6817"}],"wp:attachment":[{"href":"https:\/\/suprastimada.lt\/en\/wp-json\/wp\/v2\/media?parent=7406"}],"wp:term":[{"taxonomy":"product_cat","embeddable":true,"href":"https:\/\/suprastimada.lt\/en\/wp-json\/wp\/v2\/product_cat?post=7406"},{"taxonomy":"product_tag","embeddable":true,"href":"https:\/\/suprastimada.lt\/en\/wp-json\/wp\/v2\/product_tag?post=7406"}],"curies":[{"name":"wp","href":"https:\/\/api.w.org\/{rel}","templated":true}]}}