{"id":7405,"date":"2023-10-04T06:54:24","date_gmt":"2023-10-04T06:54:24","guid":{"rendered":"https:\/\/suprastimada.lt\/produktas\/mados-antropologijos-irankiai-kasdien-kaip-paveikiai-vartoti-bendrine-mados-kalba\/"},"modified":"2023-10-04T06:54:24","modified_gmt":"2023-10-04T06:54:24","slug":"mados-antropologijos-irankiai-kasdien-kaip-paveikiai-vartoti-bendrine-mados-kalba","status":"publish","type":"product","link":"https:\/\/suprastimada.lt\/en\/product\/mados-antropologijos-irankiai-kasdien-kaip-paveikiai-vartoti-bendrine-mados-kalba\/","title":{"rendered":"MADOS ANTROPOLOGIJOS \u012eRANKIAI KASDIEN \u2013 KAIP PAVEIKIAI VARTOTI BENDRIN\u0118 MADOS KALB\u0104 | ONLINE"},"content":{"rendered":"<p><span style=\"font-weight: 400;\">Migl<\/span><span style=\"font-weight: 400;\">\u0117 Kaz\u0117nait\u0117 \u2013 mados ir televizijos stilist\u0117, kostium\u0173 dailinink\u0117, KSU universiteto Mados antropologijos d\u0117stytoja.\u00a0<\/span><span style=\"font-weight: 400;\">Praeityje leidini<\/span><span style=\"font-weight: 400;\">\u0173 \u201ePanel\u0117\u201c, \u201eCosmopolitan\u201c ir \u201eL\u2018officiel\u201c mados redaktor\u0117.\u00a0<\/span><\/p>\n<p>&nbsp;<\/p>\n<p><img decoding=\"async\" class=\"lazyload alignnone wp-image-6304\" src=\"https:\/\/suprastimada.lt\/wp-content\/uploads\/2023\/10\/studio_MM2-3-scaled-e1707831299205.jpg\" data-orig-src=\"https:\/\/suprastimada.lt\/wp-content\/uploads\/2023\/10\/studio_MM2-3-scaled-e1707831299205.jpg\" alt=\"\" width=\"758\" height=\"878\" srcset=\"data:image\/svg+xml,%3Csvg%20xmlns%3D%27http%3A%2F%2Fwww.w3.org%2F2000%2Fsvg%27%20width%3D%27758%27%20height%3D%27878%27%20viewBox%3D%270%200%20758%20878%27%3E%3Crect%20width%3D%27758%27%20height%3D%27878%27%20fill-opacity%3D%220%22%2F%3E%3C%2Fsvg%3E\" data-srcset=\"https:\/\/suprastimada.lt\/wp-content\/uploads\/2023\/10\/studio_MM2-3-scaled-e1707831299205-200x232.jpg 200w, https:\/\/suprastimada.lt\/wp-content\/uploads\/2023\/10\/studio_MM2-3-scaled-e1707831299205-400x464.jpg 400w, https:\/\/suprastimada.lt\/wp-content\/uploads\/2023\/10\/studio_MM2-3-scaled-e1707831299205-431x500.jpg 431w, https:\/\/suprastimada.lt\/wp-content\/uploads\/2023\/10\/studio_MM2-3-scaled-e1707831299205-500x579.jpg 500w, https:\/\/suprastimada.lt\/wp-content\/uploads\/2023\/10\/studio_MM2-3-scaled-e1707831299205-600x695.jpg 600w, https:\/\/suprastimada.lt\/wp-content\/uploads\/2023\/10\/studio_MM2-3-scaled-e1707831299205-700x811.jpg 700w, https:\/\/suprastimada.lt\/wp-content\/uploads\/2023\/10\/studio_MM2-3-scaled-e1707831299205-768x890.jpg 768w, https:\/\/suprastimada.lt\/wp-content\/uploads\/2023\/10\/studio_MM2-3-scaled-e1707831299205-800x927.jpg 800w, https:\/\/suprastimada.lt\/wp-content\/uploads\/2023\/10\/studio_MM2-3-scaled-e1707831299205-884x1024.jpg 884w, https:\/\/suprastimada.lt\/wp-content\/uploads\/2023\/10\/studio_MM2-3-scaled-e1707831299205-1200x1391.jpg 1200w, https:\/\/suprastimada.lt\/wp-content\/uploads\/2023\/10\/studio_MM2-3-scaled-e1707831299205-1325x1536.jpg 1325w, https:\/\/suprastimada.lt\/wp-content\/uploads\/2023\/10\/studio_MM2-3-scaled-e1707831299205.jpg 1693w\" data-sizes=\"auto\" data-orig-sizes=\"(max-width: 758px) 100vw, 758px\" \/><\/p>\n<p>&nbsp;<\/p>\n","protected":false},"excerpt":{"rendered":"<p>Migl\u0117 Kaz\u0117nait\u0117 \u2013 mados ir televizijos stilist\u0117, kostium\u0173 dailinink\u0117, KSU [&hellip;]<\/p>\n","protected":false},"featured_media":6819,"template":"","meta":[],"product_cat":[210,211],"product_tag":[224],"class_list":{"0":"post-7405","1":"product","2":"type-product","3":"status-publish","4":"has-post-thumbnail","6":"product_cat-all","7":"product_cat-live","8":"product_tag-2024-en","10":"first","11":"instock","12":"shipping-taxable","13":"purchasable","14":"product-type-simple"},"acf":[],"_links":{"self":[{"href":"https:\/\/suprastimada.lt\/en\/wp-json\/wp\/v2\/product\/7405"}],"collection":[{"href":"https:\/\/suprastimada.lt\/en\/wp-json\/wp\/v2\/product"}],"about":[{"href":"https:\/\/suprastimada.lt\/en\/wp-json\/wp\/v2\/types\/product"}],"wp:featuredmedia":[{"embeddable":true,"href":"https:\/\/suprastimada.lt\/en\/wp-json\/wp\/v2\/media\/6819"}],"wp:attachment":[{"href":"https:\/\/suprastimada.lt\/en\/wp-json\/wp\/v2\/media?parent=7405"}],"wp:term":[{"taxonomy":"product_cat","embeddable":true,"href":"https:\/\/suprastimada.lt\/en\/wp-json\/wp\/v2\/product_cat?post=7405"},{"taxonomy":"product_tag","embeddable":true,"href":"https:\/\/suprastimada.lt\/en\/wp-json\/wp\/v2\/product_tag?post=7405"}],"curies":[{"name":"wp","href":"https:\/\/api.w.org\/{rel}","templated":true}]}}