{"id":7404,"date":"2023-10-10T06:52:38","date_gmt":"2023-10-10T06:52:38","guid":{"rendered":"https:\/\/suprastimada.lt\/produktas\/xix-a-kolekcionavimo-tendencijos-lietuvoje-ir-vakaru-europoje\/"},"modified":"2023-10-10T06:52:38","modified_gmt":"2023-10-10T06:52:38","slug":"xix-a-kolekcionavimo-tendencijos-lietuvoje-ir-vakaru-europoje","status":"publish","type":"product","link":"https:\/\/suprastimada.lt\/en\/product\/xix-a-kolekcionavimo-tendencijos-lietuvoje-ir-vakaru-europoje\/","title":{"rendered":"XIX A. KOLEKCIONAVIMO TENDENCIJOS LIETUVOJE IR VAKAR\u0172 EUROPOJE | ONLINE"},"content":{"rendered":"<div class=\"program-lecturer-item-title\">\n<h4 class=\"fusion-responsive-typography-calculated\" data-fontsize=\"20\" data-lineheight=\"20px\">DR. AIST\u0116 BIMBIRYT\u0116<\/h4>\n<\/div>\n<div class=\"program-lecturer-item-text\">\n<p>Menotyrinink\u0117, humanitarini\u0173 moksl\u0173 daktar\u0117, Lietuvos nacionalinio dail\u0117s muziejaus Vilniaus paveiksl\u0173 galerijos direktor\u0117, Vilniaus dail\u0117s akademijos lektor\u0117.<\/p>\n<p>2009 m. Vilniaus dail\u0117s akademijoje \u012fgijo menotyros specialyb\u0119. 2012 m. ten pat baig\u0117 magistro studijas. 2019 m. Lietuvos kult\u016bros tyrim\u0173 institute apgyn\u0117 disertacij\u0105 \u201eVakar\u0173 Europos dail\u0117 Lietuvos kolekcijose XIX am\u017eiuje ir grafas Vladislovas Ti\u0161kevi\u010dius\u201c (vadov\u0117 dr. Laima Lau\u010dkait\u0117-Surgailien\u0117). Disertacija tapo konkurso \u201eGeriausia disertacija 2019\u201c laureate. 2016 \u2013 2021 m. dirbo Kazio Varnelio namuose-muziejuje menotyrininke, nuo 2021 m. eina Vilniaus paveiksl\u0173 galerijos direktor\u0117s pareigas, kuruoja senajai dailei skirtas parodas. Vilniaus dail\u0117s akademijoje d\u0117sto \u201eMeno kolekcij\u0173 istorij\u0105\u201c ir \u201eVakar\u0173 Europos ir Lietuvos kostiumo istorij\u0105\u201c.<\/p>\n<p>Lietuvos dail\u0117s istorik\u0173 draugijos, Society of the History of Collecting, Tarptautin\u0117s muziej\u0173 tarybos (ICOM) nar\u0117.<\/p>\n<p>&nbsp;<\/p>\n<\/div>\n<p><img decoding=\"async\" class=\"lazyload alignnone wp-image-6369\" src=\"https:\/\/suprastimada.lt\/wp-content\/uploads\/2023\/10\/Aiste-bimbiryte.jpg\" data-orig-src=\"https:\/\/suprastimada.lt\/wp-content\/uploads\/2023\/10\/Aiste-bimbiryte.jpg\" alt=\"\" width=\"390\" height=\"520\" srcset=\"data:image\/svg+xml,%3Csvg%20xmlns%3D%27http%3A%2F%2Fwww.w3.org%2F2000%2Fsvg%27%20width%3D%27390%27%20height%3D%27520%27%20viewBox%3D%270%200%20390%20520%27%3E%3Crect%20width%3D%27390%27%20height%3D%27520%27%20fill-opacity%3D%220%22%2F%3E%3C%2Fsvg%3E\" data-srcset=\"https:\/\/suprastimada.lt\/wp-content\/uploads\/2023\/10\/Aiste-bimbiryte-200x267.jpg 200w, https:\/\/suprastimada.lt\/wp-content\/uploads\/2023\/10\/Aiste-bimbiryte-375x500.jpg 375w, https:\/\/suprastimada.lt\/wp-content\/uploads\/2023\/10\/Aiste-bimbiryte-400x533.jpg 400w, https:\/\/suprastimada.lt\/wp-content\/uploads\/2023\/10\/Aiste-bimbiryte-500x667.jpg 500w, https:\/\/suprastimada.lt\/wp-content\/uploads\/2023\/10\/Aiste-bimbiryte-600x800.jpg 600w, https:\/\/suprastimada.lt\/wp-content\/uploads\/2023\/10\/Aiste-bimbiryte-700x933.jpg 700w, https:\/\/suprastimada.lt\/wp-content\/uploads\/2023\/10\/Aiste-bimbiryte.jpg 768w\" data-sizes=\"auto\" data-orig-sizes=\"(max-width: 390px) 100vw, 390px\" \/><\/p>\n<p>&nbsp;<\/p>\n","protected":false},"excerpt":{"rendered":"<p>DR. AIST\u0116 BIMBIRYT\u0116 Menotyrinink\u0117, humanitarini\u0173 moksl\u0173 daktar\u0117, Lietuvos nacionalinio dail\u0117s [&hellip;]<\/p>\n","protected":false},"featured_media":6836,"template":"","meta":[],"product_cat":[210,211],"product_tag":[224],"class_list":{"0":"post-7404","1":"product","2":"type-product","3":"status-publish","4":"has-post-thumbnail","6":"product_cat-all","7":"product_cat-live","8":"product_tag-2024-en","10":"first","11":"instock","12":"shipping-taxable","13":"purchasable","14":"product-type-simple"},"acf":[],"_links":{"self":[{"href":"https:\/\/suprastimada.lt\/en\/wp-json\/wp\/v2\/product\/7404"}],"collection":[{"href":"https:\/\/suprastimada.lt\/en\/wp-json\/wp\/v2\/product"}],"about":[{"href":"https:\/\/suprastimada.lt\/en\/wp-json\/wp\/v2\/types\/product"}],"wp:featuredmedia":[{"embeddable":true,"href":"https:\/\/suprastimada.lt\/en\/wp-json\/wp\/v2\/media\/6836"}],"wp:attachment":[{"href":"https:\/\/suprastimada.lt\/en\/wp-json\/wp\/v2\/media?parent=7404"}],"wp:term":[{"taxonomy":"product_cat","embeddable":true,"href":"https:\/\/suprastimada.lt\/en\/wp-json\/wp\/v2\/product_cat?post=7404"},{"taxonomy":"product_tag","embeddable":true,"href":"https:\/\/suprastimada.lt\/en\/wp-json\/wp\/v2\/product_tag?post=7404"}],"curies":[{"name":"wp","href":"https:\/\/api.w.org\/{rel}","templated":true}]}}