{"id":7403,"date":"2024-01-01T06:44:21","date_gmt":"2024-01-01T06:44:21","guid":{"rendered":"https:\/\/suprastimada.lt\/produktas\/investavimas-i-mena-ir-meno-kolelcionavimas-kaip-gyvenimo-budo-dalis\/"},"modified":"2024-01-01T06:44:21","modified_gmt":"2024-01-01T06:44:21","slug":"investavimas-i-mena-ir-meno-kolelcionavimas-kaip-gyvenimo-budo-dalis","status":"publish","type":"product","link":"https:\/\/suprastimada.lt\/en\/product\/investavimas-i-mena-ir-meno-kolelcionavimas-kaip-gyvenimo-budo-dalis\/","title":{"rendered":"INVESTAVIMAS \u012e MEN\u0104 IR MENO KOLEKCIONAVIMAS KAIP GYVENIMO B\u016aDO DALIS"},"content":{"rendered":"<p><span style=\"font-weight: 400;\">Ornela investavimo \u012f men\u0105 konsultant\u0117s karjer\u0105 prad\u0117jo 2008 m. meno k\u016brini\u0173 aukcion\u0173 namuose. Ornela yra prisid\u0117jusi prie eil\u0117s interesant\u0173 konsultavimo, tarptautini\u0173 ir vietini\u0173 priva\u010di\u0173 meno k\u016brini\u0173 kolekcij\u0173 formavimo ir investicini\u0173 meno k\u016brini\u0173 sandori\u0173 bei meno projekt\u0173 (\u201e<\/span><span style=\"font-weight: 400;\">Fondazione Amedeo Modigliani\u201d (Italija) parodos ambasador\u0117, buvusi Ministro Pirminink\u0117 visuomenin\u0117 konsultant\u0117 kult\u016bros klausimais ir kt.) Taip pat ji yra doktorant\u0117, d\u0117stanti k\u016brybines industrijas ir kt. modulius u\u017esienio universitetuose.\u00a0<\/span><\/p>\n<p><span style=\"font-weight: 400;\">Ornela yra meno rinkos agent\u016bros \u201eartXchange Global\u201c \u012fk\u016br\u0117ja, aktyviai besistengianti demistifikuoti investavim\u0105 \u012f men\u0105 bei edukuoti visuomen\u0119, kad menas yra ir prieinama, ir \u012fdomi investicija. \u201eWealth and Finance International Fund Awards 2023\u201d suteik\u0117 Ornelai \u201cLeading Female Figure in Art Wealth Management 2023\u201d titul\u0105.<\/span><\/p>\n<p><br style=\"font-weight: 400;\" \/><br style=\"font-weight: 400;\" \/><\/p>\n","protected":false},"excerpt":{"rendered":"<p><span style=\"font-weight: 400;\">Paskaitoje Ornela paneigs tipinius meno rinkos mitus ir patars, kaip prad\u0117ti dom\u0117tis menu arba investavimu. Lektor\u0117 supa\u017eindins su meno rinkos ekosistema ir kaip joje naviguoti.\u00a0 <\/span><\/p>\n","protected":false},"featured_media":6632,"template":"","meta":[],"product_cat":[210,211],"product_tag":[224],"class_list":{"0":"post-7403","1":"product","2":"type-product","3":"status-publish","4":"has-post-thumbnail","6":"product_cat-all","7":"product_cat-live","8":"product_tag-2024-en","10":"first","11":"instock","12":"virtual","13":"purchasable","14":"product-type-simple"},"acf":[],"_links":{"self":[{"href":"https:\/\/suprastimada.lt\/en\/wp-json\/wp\/v2\/product\/7403"}],"collection":[{"href":"https:\/\/suprastimada.lt\/en\/wp-json\/wp\/v2\/product"}],"about":[{"href":"https:\/\/suprastimada.lt\/en\/wp-json\/wp\/v2\/types\/product"}],"wp:featuredmedia":[{"embeddable":true,"href":"https:\/\/suprastimada.lt\/en\/wp-json\/wp\/v2\/media\/6632"}],"wp:attachment":[{"href":"https:\/\/suprastimada.lt\/en\/wp-json\/wp\/v2\/media?parent=7403"}],"wp:term":[{"taxonomy":"product_cat","embeddable":true,"href":"https:\/\/suprastimada.lt\/en\/wp-json\/wp\/v2\/product_cat?post=7403"},{"taxonomy":"product_tag","embeddable":true,"href":"https:\/\/suprastimada.lt\/en\/wp-json\/wp\/v2\/product_tag?post=7403"}],"curies":[{"name":"wp","href":"https:\/\/api.w.org\/{rel}","templated":true}]}}