{"id":7402,"date":"2024-02-13T13:05:27","date_gmt":"2024-02-13T13:05:27","guid":{"rendered":"https:\/\/suprastimada.lt\/produktas\/brangakmeniu-paslaptys-deimantu-vertinimo-sistema-ir-geidziamiausi-pasaulio-akmenys\/"},"modified":"2024-02-13T13:05:27","modified_gmt":"2024-02-13T13:05:27","slug":"brangakmeniu-paslaptys-deimantu-vertinimo-sistema-ir-geidziamiausi-pasaulio-akmenys","status":"publish","type":"product","link":"https:\/\/suprastimada.lt\/en\/product\/brangakmeniu-paslaptys-deimantu-vertinimo-sistema-ir-geidziamiausi-pasaulio-akmenys\/","title":{"rendered":"BRANGAKMENI\u0172 PASLAPTYS: DEIMANT\u0172 VERTINIMO SISTEMA IR GEID\u017dIAMIAUSI PASAULIO AKMENYS | SOLD OUT"},"content":{"rendered":"<p>Giedrimas Tum\u0117nas \u2013 brangakmeni\u0173 ir juvelyrikos myl\u0117tojas, \u0161ioje industrijoje dirbantis vis\u0105 gyvenim\u0105 bei sukaup\u0119s labai plat\u0173 spektr\u0105 \u017eini\u0173. Savo karjer\u0105 prad\u0117j\u0119s nuo prekybos sidabro papuo\u0161alais ma\u017euose Lietuvos miesteliuose, ilgamet\u012f pom\u0117g\u012f vert\u0117 profesija. Iki prek\u0117s \u017eenklo \u201eAo\u00fbt\u201d \u012fk\u016brimo, daugiau nei de\u0161imtmet\u012f kaup\u0117 patirt\u012f Londone, tokiuose lyderiaujan\u010diuose juvelyrikos namuose kaip \u201eTiffany &amp; Co.\u201d, \u201eChopard\u201d, \u201eGraff\u201d, \u201eMoussaieff\u201d. \u0160is etapas atv\u0117r\u0117 galimybes dirbti su re\u010diausiais pasaulyje investiciniais deimantais ir brangakmeniais bei pardavin\u0117ti juos karali\u0161koms \u0161eimoms, \u0161eichams, oligarchams ir kitiems, auk\u0161to profilio pasaulio galingiesiems.<\/p>\n<p>&nbsp;<\/p>\n<p><img decoding=\"async\" class=\"lazyload alignnone wp-image-6319\" src=\"https:\/\/suprastimada.lt\/wp-content\/uploads\/2024\/02\/384306620_1062244578496852_833737450905646290_n-e1707830790529.jpg\" data-orig-src=\"https:\/\/suprastimada.lt\/wp-content\/uploads\/2024\/02\/384306620_1062244578496852_833737450905646290_n-e1707830790529.jpg\" alt=\"\" width=\"477\" height=\"413\" srcset=\"data:image\/svg+xml,%3Csvg%20xmlns%3D%27http%3A%2F%2Fwww.w3.org%2F2000%2Fsvg%27%20width%3D%27477%27%20height%3D%27413%27%20viewBox%3D%270%200%20477%20413%27%3E%3Crect%20width%3D%27477%27%20height%3D%27413%27%20fill-opacity%3D%220%22%2F%3E%3C%2Fsvg%3E\" data-srcset=\"https:\/\/suprastimada.lt\/wp-content\/uploads\/2024\/02\/384306620_1062244578496852_833737450905646290_n-e1707830790529-200x173.jpg 200w, https:\/\/suprastimada.lt\/wp-content\/uploads\/2024\/02\/384306620_1062244578496852_833737450905646290_n-e1707830790529-400x347.jpg 400w, https:\/\/suprastimada.lt\/wp-content\/uploads\/2024\/02\/384306620_1062244578496852_833737450905646290_n-e1707830790529-500x433.jpg 500w, https:\/\/suprastimada.lt\/wp-content\/uploads\/2024\/02\/384306620_1062244578496852_833737450905646290_n-e1707830790529-600x520.jpg 600w, https:\/\/suprastimada.lt\/wp-content\/uploads\/2024\/02\/384306620_1062244578496852_833737450905646290_n-e1707830790529-700x606.jpg 700w, https:\/\/suprastimada.lt\/wp-content\/uploads\/2024\/02\/384306620_1062244578496852_833737450905646290_n-e1707830790529-768x665.jpg 768w, https:\/\/suprastimada.lt\/wp-content\/uploads\/2024\/02\/384306620_1062244578496852_833737450905646290_n-e1707830790529-800x693.jpg 800w, https:\/\/suprastimada.lt\/wp-content\/uploads\/2024\/02\/384306620_1062244578496852_833737450905646290_n-e1707830790529-1024x887.jpg 1024w, https:\/\/suprastimada.lt\/wp-content\/uploads\/2024\/02\/384306620_1062244578496852_833737450905646290_n-e1707830790529-1200x1040.jpg 1200w, https:\/\/suprastimada.lt\/wp-content\/uploads\/2024\/02\/384306620_1062244578496852_833737450905646290_n-e1707830790529.jpg 1481w\" data-sizes=\"auto\" data-orig-sizes=\"(max-width: 477px) 100vw, 477px\" \/><\/p>\n<p><br style=\"font-weight: 400;\" \/><br style=\"font-weight: 400;\" \/><\/p>\n","protected":false},"excerpt":{"rendered":"<p>Giedrimas Tum\u0117nas \u2013 brangakmeni\u0173 ir juvelyrikos myl\u0117tojas, \u0161ioje industrijoje dirbantis [&hellip;]<\/p>\n","protected":false},"featured_media":6812,"template":"","meta":[],"product_cat":[210,211],"product_tag":[224],"class_list":{"0":"post-7402","1":"product","2":"type-product","3":"status-publish","4":"has-post-thumbnail","6":"product_cat-all","7":"product_cat-live","8":"product_tag-2024-en","10":"first","11":"instock","12":"virtual","13":"purchasable","14":"product-type-simple"},"acf":[],"_links":{"self":[{"href":"https:\/\/suprastimada.lt\/en\/wp-json\/wp\/v2\/product\/7402"}],"collection":[{"href":"https:\/\/suprastimada.lt\/en\/wp-json\/wp\/v2\/product"}],"about":[{"href":"https:\/\/suprastimada.lt\/en\/wp-json\/wp\/v2\/types\/product"}],"wp:featuredmedia":[{"embeddable":true,"href":"https:\/\/suprastimada.lt\/en\/wp-json\/wp\/v2\/media\/6812"}],"wp:attachment":[{"href":"https:\/\/suprastimada.lt\/en\/wp-json\/wp\/v2\/media?parent=7402"}],"wp:term":[{"taxonomy":"product_cat","embeddable":true,"href":"https:\/\/suprastimada.lt\/en\/wp-json\/wp\/v2\/product_cat?post=7402"},{"taxonomy":"product_tag","embeddable":true,"href":"https:\/\/suprastimada.lt\/en\/wp-json\/wp\/v2\/product_tag?post=7402"}],"curies":[{"name":"wp","href":"https:\/\/api.w.org\/{rel}","templated":true}]}}