{"id":7400,"date":"2024-05-03T05:13:11","date_gmt":"2024-05-03T05:13:11","guid":{"rendered":"https:\/\/suprastimada.lt\/produktas\/meno-kuriniu-isigijimo-procesas-kaip-pasirinkti-kurinius-turint-konkretu-biudzeta-kopija\/"},"modified":"2024-05-31T13:47:58","modified_gmt":"2024-05-31T13:47:58","slug":"molto-italiano-vintazas-dizainas-architektura","status":"publish","type":"product","link":"https:\/\/suprastimada.lt\/en\/product\/molto-italiano-vintazas-dizainas-architektura\/","title":{"rendered":"MOLTO ITALIANO: VINTA\u017dAS, DIZAINAS, ARCHITEKT\u016aRA"},"content":{"rendered":"<p><span style=\"font-weight: 400;\">Paskait\u0105 ves Lorenzo Piazzi: kult\u016bros entrepreneris, vienas i\u0161 DesignLibrary Network (Milane, Stambule, \u0160anchajuje, Kaune) \u012fk\u016br\u0117j\u0173, KTU Dizaino centro docentas, produkt\u0173 ir strategij\u0173 dizaineris, kuratorius ir nuo technologij\u0173 priklausomas tyr\u0117jas.<\/span><\/p>\n<p><img decoding=\"async\" class=\"lazyload alignnone size-full wp-image-6514\" src=\"https:\/\/suprastimada.lt\/wp-content\/uploads\/2024\/05\/1520162628431.jpeg\" data-orig-src=\"https:\/\/suprastimada.lt\/wp-content\/uploads\/2024\/05\/1520162628431.jpeg\" alt=\"\" width=\"698\" height=\"400\" srcset=\"data:image\/svg+xml,%3Csvg%20xmlns%3D%27http%3A%2F%2Fwww.w3.org%2F2000%2Fsvg%27%20width%3D%27698%27%20height%3D%27400%27%20viewBox%3D%270%200%20698%20400%27%3E%3Crect%20width%3D%27698%27%20height%3D%27400%27%20fill-opacity%3D%220%22%2F%3E%3C%2Fsvg%3E\" data-srcset=\"https:\/\/suprastimada.lt\/wp-content\/uploads\/2024\/05\/1520162628431-200x115.jpeg 200w, https:\/\/suprastimada.lt\/wp-content\/uploads\/2024\/05\/1520162628431-400x229.jpeg 400w, https:\/\/suprastimada.lt\/wp-content\/uploads\/2024\/05\/1520162628431-500x287.jpeg 500w, https:\/\/suprastimada.lt\/wp-content\/uploads\/2024\/05\/1520162628431-600x344.jpeg 600w, https:\/\/suprastimada.lt\/wp-content\/uploads\/2024\/05\/1520162628431.jpeg 698w\" data-sizes=\"auto\" data-orig-sizes=\"(max-width: 698px) 100vw, 698px\" \/><br style=\"font-weight: 400;\" \/><br style=\"font-weight: 400;\" \/><\/p>\n<p>&nbsp;<\/p>\n<p><br style=\"font-weight: 400;\" \/><br style=\"font-weight: 400;\" \/><\/p>\n","protected":false},"excerpt":{"rendered":"<p><span style=\"font-weight: 400;\">Paskaita, pokalbiai ir muziejines erdv\u0117s, kuriose gal\u0117site ap\u017ei\u016br\u0117ti\u00a0 \u201eGolden Flea\u201c, \u201ePirmas planas\u201c, \u201eAkmi\u201c ir \u201eAli\u016bt\u0117 Funky Flower\u201c unikalaus dizaino objekt\u0173 instaliacijas, apjungian\u010dias itali\u0161k\u0105 vinta\u017e\u0105, nat\u016bral\u0173 akmen\u012f ir floristik\u0105.<\/span><\/p>\n<p>&nbsp;<\/p>\n","protected":false},"featured_media":7496,"template":"","meta":[],"product_cat":[210,211],"product_tag":[224],"class_list":{"0":"post-7400","1":"product","2":"type-product","3":"status-publish","4":"has-post-thumbnail","6":"product_cat-all","7":"product_cat-live","8":"product_tag-2024-en","10":"first","11":"instock","12":"virtual","13":"purchasable","14":"product-type-simple"},"acf":[],"_links":{"self":[{"href":"https:\/\/suprastimada.lt\/en\/wp-json\/wp\/v2\/product\/7400"}],"collection":[{"href":"https:\/\/suprastimada.lt\/en\/wp-json\/wp\/v2\/product"}],"about":[{"href":"https:\/\/suprastimada.lt\/en\/wp-json\/wp\/v2\/types\/product"}],"wp:featuredmedia":[{"embeddable":true,"href":"https:\/\/suprastimada.lt\/en\/wp-json\/wp\/v2\/media\/7496"}],"wp:attachment":[{"href":"https:\/\/suprastimada.lt\/en\/wp-json\/wp\/v2\/media?parent=7400"}],"wp:term":[{"taxonomy":"product_cat","embeddable":true,"href":"https:\/\/suprastimada.lt\/en\/wp-json\/wp\/v2\/product_cat?post=7400"},{"taxonomy":"product_tag","embeddable":true,"href":"https:\/\/suprastimada.lt\/en\/wp-json\/wp\/v2\/product_tag?post=7400"}],"curies":[{"name":"wp","href":"https:\/\/api.w.org\/{rel}","templated":true}]}}