{"id":6914,"date":"2023-09-04T14:01:12","date_gmt":"2023-09-04T14:01:12","guid":{"rendered":"https:\/\/suprastimada.lt\/privatumo-politika\/"},"modified":"2024-05-09T16:10:32","modified_gmt":"2024-05-09T16:10:32","slug":"privacy-policy","status":"publish","type":"page","link":"https:\/\/suprastimada.lt\/en\/privacy-policy\/","title":{"rendered":"Privacy policy"},"content":{"rendered":"<div class=\"fusion-fullwidth fullwidth-box fusion-builder-row-1 fusion-flex-container has-pattern-background has-mask-background nonhundred-percent-fullwidth non-hundred-percent-height-scrolling\" style=\"--awb-border-radius-top-left:0px;--awb-border-radius-top-right:0px;--awb-border-radius-bottom-right:0px;--awb-border-radius-bottom-left:0px;--awb-margin-top:112px;--awb-margin-bottom:112px;--awb-margin-top-small:64px;--awb-background-size:cover;--awb-flex-wrap:wrap;\" ><div class=\"fusion-builder-row fusion-row fusion-flex-align-items-stretch fusion-flex-justify-content-space-between fusion-flex-content-wrap\" style=\"max-width:calc( 1440px + 110px );margin-left: calc(-110px \/ 2 );margin-right: calc(-110px \/ 2 );\"><div class=\"fusion-layout-column fusion_builder_column fusion-builder-column-0 fusion_builder_column_1_1 1_1 fusion-flex-column\" style=\"--awb-bg-size:cover;--awb-width-large:100%;--awb-margin-top-large:0px;--awb-spacing-right-large:55px;--awb-margin-bottom-large:0px;--awb-spacing-left-large:55px;--awb-width-medium:100%;--awb-order-medium:0;--awb-spacing-right-medium:55px;--awb-spacing-left-medium:55px;--awb-width-small:100%;--awb-order-small:0;--awb-spacing-right-small:55px;--awb-spacing-left-small:55px;\" data-motion-effects=\"[{&quot;type&quot;:&quot;&quot;,&quot;scroll_type&quot;:&quot;transition&quot;,&quot;scroll_direction&quot;:&quot;up&quot;,&quot;transition_speed&quot;:&quot;1&quot;,&quot;fade_type&quot;:&quot;in&quot;,&quot;scale_type&quot;:&quot;up&quot;,&quot;initial_scale&quot;:&quot;1&quot;,&quot;max_scale&quot;:&quot;1.5&quot;,&quot;min_scale&quot;:&quot;0.5&quot;,&quot;initial_rotate&quot;:&quot;0&quot;,&quot;end_rotate&quot;:&quot;30&quot;,&quot;initial_blur&quot;:&quot;0&quot;,&quot;end_blur&quot;:&quot;3&quot;,&quot;start_element&quot;:&quot;top&quot;,&quot;start_viewport&quot;:&quot;bottom&quot;,&quot;end_element&quot;:&quot;bottom&quot;,&quot;end_viewport&quot;:&quot;top&quot;,&quot;mouse_effect&quot;:&quot;track&quot;,&quot;mouse_effect_direction&quot;:&quot;opposite&quot;,&quot;mouse_effect_speed&quot;:&quot;2&quot;,&quot;infinite_animation&quot;:&quot;float&quot;,&quot;infinite_animation_speed&quot;:&quot;2&quot;}]\" data-scroll-devices=\"small-visibility,medium-visibility,large-visibility\"><div class=\"fusion-column-wrapper fusion-column-has-shadow fusion-flex-justify-content-flex-start fusion-content-layout-column\"><div class=\"fusion-image-element \" style=\"text-align:center;--awb-max-width:1px;--awb-caption-title-font-family:var(--h2_typography-font-family);--awb-caption-title-font-weight:var(--h2_typography-font-weight);--awb-caption-title-font-style:var(--h2_typography-font-style);--awb-caption-title-size:var(--h2_typography-font-size);--awb-caption-title-transform:var(--h2_typography-text-transform);--awb-caption-title-line-height:var(--h2_typography-line-height);--awb-caption-title-letter-spacing:var(--h2_typography-letter-spacing);\"><span class=\" fusion-imageframe imageframe-none imageframe-1 hover-type-none\"><img decoding=\"async\" width=\"1\" height=\"64\" title=\"line\" src=\"data:image\/svg+xml,%3Csvg%20xmlns%3D%27http%3A%2F%2Fwww.w3.org%2F2000%2Fsvg%27%20width%3D%271%27%20height%3D%2764%27%20viewBox%3D%270%200%201%2064%27%3E%3Crect%20width%3D%271%27%20height%3D%2764%27%20fill-opacity%3D%220%22%2F%3E%3C%2Fsvg%3E\" data-orig-src=\"https:\/\/suprastimada.lt\/wp-content\/uploads\/2023\/08\/line.svg\" alt class=\"lazyload img-responsive wp-image-6553\"\/><\/span><\/div><div class=\"fusion-title title fusion-title-1 fusion-sep-none fusion-title-center fusion-title-text fusion-title-size-one\" style=\"--awb-margin-top:40px;--awb-margin-bottom:55px;--awb-margin-top-small:25px;--awb-margin-bottom-small:35px;--awb-margin-top-medium:30px;--awb-margin-bottom-medium:45px;\"><h1 class=\"fusion-title-heading title-heading-center fusion-responsive-typography-calculated\" style=\"margin:0;text-transform:uppercase;--fontSize:32;line-height:1;\">Privatumo politika<\/h1><\/div><div class=\"fusion-text fusion-text-1\"><p>Naudodamiesi www.suprastimada.lt interneto svetaine J\u016bs duodate savo sutikim\u0105 \u012fmonei V\u0161\u012e \u201cSuprasti mad\u0105\u201d, \u012e.k. 304933459 rinkti ir naudoti J\u016bs\u0173 Asmens duomenis taip, kaip apibr\u0117\u017eiama \u0161ioje Privatumo politikoje. V\u0161\u012e \u201cSuprasti mad\u0105\u201d, \u012e.k. 304933459 naudoja informacij\u0105, kuri\u0105 pateikiate registruodamiesi, atlikdami u\u017esakymus ar si\u0173sdami u\u017eklausas mums, naudojamis \u0161ie Asmens suomenys: vardas, pavard\u0117, telefonas, adresas, el. pa\u0161tas bei kita kontaktin\u0117 informacija (visi kartu \u2013 Asmens duomenys), siekdama tinkamai administruoti J\u016bs\u0173 u\u017esakymus\/u\u017eklausas.<\/p>\n<\/div><div class=\"fusion-title title fusion-title-2 fusion-sep-none fusion-title-text fusion-title-size-two\" style=\"--awb-margin-top:70px;--awb-margin-bottom:40px;--awb-margin-top-small:50px;--awb-margin-bottom-small:30px;\"><h2 class=\"fusion-title-heading title-heading-left fusion-responsive-typography-calculated\" style=\"margin:0;--fontSize:28;line-height:1.14;\">Bendrosios nuostatos<\/h2><\/div><div class=\"fusion-text fusion-text-2\"><p>V\u0161\u012e \u201cSuprasti mad\u0105\u201d, \u012e.k. 304933459 jokiu b\u016bdu neparduoda ir neperduoda J\u016bs\u0173 Asmens duomen\u0173 jokiai tre\u010diai \u0161aliai be atskiro j\u016bs\u0173 sutikimo. Jokia tre\u010dia \u0161alis negali si\u016blyti Jums savo preki\u0173 ar paslaug\u0173 per V\u0161\u012e \u201cSuprasti mad\u0105\u201d, \u012e.k. 304933459 valdomas elektronines sistemas.<\/p>\n<p>V\u0161\u012e \u201cSuprasti mad\u0105\u201d, \u012e.k. 304933459 pasilieka teis\u0119 naudoti j\u016bs\u0173 Asmens duomenis tiesiogin\u0117s rinkodaros tikslais \u2013 si\u0173sti pasi\u016blymus su savo produkt\u0173 naujienomis bei akcijomis. Bus suteikta galimyb\u0117 atsisakyti naujienlai\u0161kio.<\/p>\n<p>V\u0161\u012e \u201cSuprasti mad\u0105\u201d, \u012e.k. 304933459 vadovaujasi \u0161iais pagrindiniais Asmens duomen\u0173 tvarkymo principais:<\/p>\n<ol>\n<li>Asmens duomenys renkami apibr\u0117\u017etais ir teis\u0117tais tikslais<\/li>\n<li>Asmens duomenys tvarkomi tiksliai ir s\u0105\u017einingai<\/li>\n<li>Asmens duomenys tvarkomi teis\u0117tai<\/li>\n<li>Visa informacija apie tvarkomus Asmens duomenis yra konfidenciali<\/li>\n<\/ol>\n<p>Tvarkydama ir saugodama J\u016bs\u0173 Asmens duomenis V\u0161\u012e \u201cSuprasti mad\u0105\u201d, \u012e.k. 304933459 \u012fgyvendina organizacines ir technines priemones, kurios u\u017etikrina Asmens duomenims apsaug\u0105 nuo atsitiktinio ar neteis\u0117to sunaikinimo, pakeitimo, atskleidimo, taip pat nuo bet kokio kito neteis\u0117to tvarkymo. Asmens duomenys tvarkomi vadovaujantis 2016 m. baland\u017eio 27 d. Europos Parlamento ir Tarybos reglamentu (ES) 2016\/679 d\u0117l fizini\u0173 asmen\u0173 apsaugos tvarkant Asmens duomenis ir d\u0117l laisvo toki\u0173 duomen\u0173 jud\u0117jimo.<\/p>\n<p>Asmens duomenys renkami ir tvarkomi \u0161iems tikslams:<\/p>\n<ol>\n<li>Apdoroti J\u016bs\u0173 preki\u0173 u\u017esakymus (atlikus tam tikrus u\u017esakymus);<\/li>\n<li>I\u0161ra\u0161yti finansinius dokumentus (pvz., s\u0105skaitas fakt\u016bras);<\/li>\n<li>Spr\u0119sti problemas, susijusias su preki\u0173 pateikimu ar pristatymu;<\/li>\n<li>Vykdyti kitus sutartinius \u012fsipareigojimus;<\/li>\n<li>Apdoroti J\u016bs\u0173 u\u017eklausas;<\/li>\n<li>Tiesiogin\u0117s rinkodaros tikslais \u2013 suteikus Jums galimyb\u0119 bet kada atsisakyti.<\/li>\n<\/ol>\n<\/div><div class=\"fusion-title title fusion-title-3 fusion-sep-none fusion-title-text fusion-title-size-two\" style=\"--awb-margin-top:70px;--awb-margin-bottom:40px;--awb-margin-top-small:50px;--awb-margin-bottom-small:30px;\"><h2 class=\"fusion-title-heading title-heading-left fusion-responsive-typography-calculated\" style=\"margin:0;--fontSize:28;line-height:1.14;\">Asmens teis\u0117s<\/h2><\/div><div class=\"fusion-text fusion-text-3\"><p>J\u016bs, leid\u0119s tvarkyti savo Asmens duomenis, turite teis\u0119:<\/p>\n<ol>\n<li>Reikalauti i\u0161taisyti, sunaikinti arba sustabdyti J\u016bs\u0173 Asmens duomen\u0173 tvarkymo veiksmus, kai duomenys tvarkomi nesilaikant auk\u0161\u010diau pamin\u0117to Europos reglamento ir kit\u0173 \u012fstatym\u0173 nuostat\u0173;<\/li>\n<li>Nesutikti, kad b\u016bt\u0173 tvarkomi J\u016bs\u0173 Asmens duomenys;<\/li>\n<\/ol>\n<p>V\u0161\u012e \u201cSuprasti mad\u0105\u201d, \u012e.k. 304933459 gavusi J\u016bs\u0173 pra\u0161ym\u0105 d\u0117l Asmens duomen\u0173 tvarkymo, ne v\u0117liau kaip per 30 kalendorini\u0173 dien\u0173 nuo J\u016bs\u0173 kreipimosi dienos, pateiks Jums atsakym\u0105. Nagrin\u0117jami tik tie pra\u0161ymai d\u0117l Asmens duomen\u0173 tvarkymo, kurie pateikiami el. pa\u0161tu info@suprastimada.lt;<\/p>\n<p>V\u0161\u012e \u201cSuprasti mad\u0105\u201d, \u012e.k. 304933459 Pirk\u0117jai turi teis\u0119 kreiptis d\u0117l informacijos, susijusios su j\u0173 mok\u0117jim\u0173 istorija ir pa\u010di\u0173 pateiktos informacijos, perk\u0117limo arba panaikinimo. Tokie pra\u0161ymai \u012fvykdomi per 30 d. Nuo lai\u0161ko gavimo el. pa\u0161tu info@suprastimada.lt;<\/p>\n<\/div><div class=\"fusion-title title fusion-title-4 fusion-sep-none fusion-title-text fusion-title-size-two\" style=\"--awb-margin-top:70px;--awb-margin-bottom:40px;--awb-margin-top-small:50px;--awb-margin-bottom-small:30px;\"><h2 class=\"fusion-title-heading title-heading-left fusion-responsive-typography-calculated\" style=\"margin:0;--fontSize:28;line-height:1.14;\">Baigiamosios nuostatos<\/h2><\/div><div class=\"fusion-text fusion-text-4\"><p>Esminiai \u0161ios Privatumo politikos pakeitimai nariams siun\u010diami elektroniniu pa\u0161tu. V\u0161\u012e \u201cSuprasti mad\u0105\u201d, \u012e.k. 304933459 gali pakeisti \u0161i\u0105 Privatumo politik\u0105 be i\u0161ankstinio persp\u0117jimo. Jei turite klausim\u0173 d\u0117l Privatumo politikos, bet kada galite kreiptis el. pa\u0161tu <a href=\"mailto:info@suprastimada.lt\">info@suprastimada.lt<\/a><\/p>\n<\/div><\/div><\/div><\/div><\/div>\n","protected":false},"excerpt":{"rendered":"","protected":false},"author":1,"featured_media":0,"parent":0,"menu_order":0,"comment_status":"closed","ping_status":"closed","template":"100-width.php","meta":{"footnotes":""},"class_list":["post-6914","page","type-page","status-publish","hentry"],"acf":[],"_links":{"self":[{"href":"https:\/\/suprastimada.lt\/en\/wp-json\/wp\/v2\/pages\/6914"}],"collection":[{"href":"https:\/\/suprastimada.lt\/en\/wp-json\/wp\/v2\/pages"}],"about":[{"href":"https:\/\/suprastimada.lt\/en\/wp-json\/wp\/v2\/types\/page"}],"author":[{"embeddable":true,"href":"https:\/\/suprastimada.lt\/en\/wp-json\/wp\/v2\/users\/1"}],"replies":[{"embeddable":true,"href":"https:\/\/suprastimada.lt\/en\/wp-json\/wp\/v2\/comments?post=6914"}],"version-history":[{"count":0,"href":"https:\/\/suprastimada.lt\/en\/wp-json\/wp\/v2\/pages\/6914\/revisions"}],"wp:attachment":[{"href":"https:\/\/suprastimada.lt\/en\/wp-json\/wp\/v2\/media?parent=6914"}],"curies":[{"name":"wp","href":"https:\/\/api.w.org\/{rel}","templated":true}]}}